{"id":37227,"date":"2026-03-13T13:08:41","date_gmt":"2026-03-13T13:08:41","guid":{"rendered":"https:\/\/www.aliseo.de\/produkt\/tecno-porte-brosse-de-toilette-chrome\/"},"modified":"2026-03-13T13:08:41","modified_gmt":"2026-03-13T13:08:41","slug":"tecno-porte-brosse-de-toilette-chrome","status":"publish","type":"product","link":"https:\/\/www.aliseo.de\/fr\/produit\/tecno-porte-brosse-de-toilette-chrome\/","title":{"rendered":"Tecno"},"content":{"rendered":"<ul>\n<li>Mod\u00e8le \u00e0 poser ou montage mural<\/li>\n<li>Brosse avec couvercle<\/li>\n<li>R\u00e9cipient avec insert en plastique<\/li>\n<li>Mat\u00e9riau : acier inoxydable<\/li>\n<\/ul>\n","protected":false},"excerpt":{"rendered":"<p>Mod\u00e8le \u00e0 poser ou montage mural Brosse avec couvercle R\u00e9cipient avec insert en plastique Mat\u00e9riau : acier inoxydable<\/p>\n","protected":false},"featured_media":37221,"comment_status":"closed","ping_status":"closed","template":"","meta":{"_acf_changed":false},"produktgruppe":[1803],"product_brand":[],"product_cat":[2296,2283,2274,2299],"product_tag":[],"class_list":{"0":"post-37227","1":"product","2":"type-product","3":"status-publish","4":"has-post-thumbnail","6":"produktgruppe-tecno-1","7":"product_cat-nu-finishes","8":"product_cat-series-daccessoires-de-salle-de-bain","9":"product_cat-tecno","10":"product_cat-porte-brosse-de-toilette","11":"pa_ausfuehrung-modele-a-poser","12":"pa_ausfuehrung-montage-mural","14":"first","15":"instock","16":"shipping-taxable","17":"product-type-variable"},"acf":[],"yoast_head":"<!-- This site is optimized with the Yoast SEO plugin v24.7 - https:\/\/yoast.com\/wordpress\/plugins\/seo\/ -->\n<title>Tecno - ALISEO<\/title>\n<meta name=\"robots\" content=\"index, follow, max-snippet:-1, max-image-preview:large, max-video-preview:-1\" \/>\n<link rel=\"canonical\" href=\"https:\/\/www.aliseo.de\/fr\/produit\/tecno-porte-brosse-de-toilette-chrome\/\" \/>\n<meta property=\"og:locale\" content=\"fr_FR\" \/>\n<meta property=\"og:type\" content=\"article\" \/>\n<meta property=\"og:title\" content=\"Tecno - ALISEO\" \/>\n<meta property=\"og:description\" content=\"Mod\u00e8le \u00e0 poser ou montage mural Brosse avec couvercle R\u00e9cipient avec insert en plastique Mat\u00e9riau : acier inoxydable\" \/>\n<meta property=\"og:url\" content=\"https:\/\/www.aliseo.de\/fr\/produit\/tecno-porte-brosse-de-toilette-chrome\/\" \/>\n<meta property=\"og:site_name\" content=\"ALISEO\" \/>\n<meta property=\"article:publisher\" content=\"https:\/\/www.facebook.com\/aliseogermany\" \/>\n<meta property=\"og:image\" content=\"https:\/\/www.aliseo.de\/wp-content\/uploads\/2026\/03\/030633_030707_Tecno_WC-Buerstengarniturr.png\" \/>\n\t<meta property=\"og:image:width\" content=\"900\" \/>\n\t<meta property=\"og:image:height\" content=\"900\" \/>\n\t<meta property=\"og:image:type\" content=\"image\/png\" \/>\n<meta name=\"twitter:card\" content=\"summary_large_image\" \/>\n<script type=\"application\/ld+json\" class=\"yoast-schema-graph\">{\"@context\":\"https:\/\/schema.org\",\"@graph\":[{\"@type\":\"WebPage\",\"@id\":\"https:\/\/www.aliseo.de\/fr\/produit\/tecno-porte-brosse-de-toilette-chrome\/\",\"url\":\"https:\/\/www.aliseo.de\/fr\/produit\/tecno-porte-brosse-de-toilette-chrome\/\",\"name\":\"Tecno - ALISEO\",\"isPartOf\":{\"@id\":\"https:\/\/www.aliseo.de\/fr\/#website\"},\"primaryImageOfPage\":{\"@id\":\"https:\/\/www.aliseo.de\/fr\/produit\/tecno-porte-brosse-de-toilette-chrome\/#primaryimage\"},\"image\":{\"@id\":\"https:\/\/www.aliseo.de\/fr\/produit\/tecno-porte-brosse-de-toilette-chrome\/#primaryimage\"},\"thumbnailUrl\":\"https:\/\/www.aliseo.de\/wp-content\/uploads\/2026\/03\/030633_030707_Tecno_WC-Buerstengarniturr.png\",\"datePublished\":\"2026-03-13T13:08:41+00:00\",\"breadcrumb\":{\"@id\":\"https:\/\/www.aliseo.de\/fr\/produit\/tecno-porte-brosse-de-toilette-chrome\/#breadcrumb\"},\"inLanguage\":\"fr-FR\",\"potentialAction\":[{\"@type\":\"ReadAction\",\"target\":[\"https:\/\/www.aliseo.de\/fr\/produit\/tecno-porte-brosse-de-toilette-chrome\/\"]}]},{\"@type\":\"ImageObject\",\"inLanguage\":\"fr-FR\",\"@id\":\"https:\/\/www.aliseo.de\/fr\/produit\/tecno-porte-brosse-de-toilette-chrome\/#primaryimage\",\"url\":\"https:\/\/www.aliseo.de\/wp-content\/uploads\/2026\/03\/030633_030707_Tecno_WC-Buerstengarniturr.png\",\"contentUrl\":\"https:\/\/www.aliseo.de\/wp-content\/uploads\/2026\/03\/030633_030707_Tecno_WC-Buerstengarniturr.png\",\"width\":900,\"height\":900},{\"@type\":\"BreadcrumbList\",\"@id\":\"https:\/\/www.aliseo.de\/fr\/produit\/tecno-porte-brosse-de-toilette-chrome\/#breadcrumb\",\"itemListElement\":[{\"@type\":\"ListItem\",\"position\":1,\"name\":\"Startseite\",\"item\":\"https:\/\/www.aliseo.de\/fr\/homepage\/\"},{\"@type\":\"ListItem\",\"position\":2,\"name\":\"Shop\",\"item\":\"https:\/\/www.aliseo.de\/fr\/shop\/\"},{\"@type\":\"ListItem\",\"position\":3,\"name\":\"Tecno\"}]},{\"@type\":\"WebSite\",\"@id\":\"https:\/\/www.aliseo.de\/fr\/#website\",\"url\":\"https:\/\/www.aliseo.de\/fr\/\",\"name\":\"ALISEO\",\"description\":\"\",\"publisher\":{\"@id\":\"https:\/\/www.aliseo.de\/fr\/#organization\"},\"potentialAction\":[{\"@type\":\"SearchAction\",\"target\":{\"@type\":\"EntryPoint\",\"urlTemplate\":\"https:\/\/www.aliseo.de\/fr\/?s={search_term_string}\"},\"query-input\":{\"@type\":\"PropertyValueSpecification\",\"valueRequired\":true,\"valueName\":\"search_term_string\"}}],\"inLanguage\":\"fr-FR\"},{\"@type\":\"Organization\",\"@id\":\"https:\/\/www.aliseo.de\/fr\/#organization\",\"name\":\"ALISEO\",\"url\":\"https:\/\/www.aliseo.de\/fr\/\",\"logo\":{\"@type\":\"ImageObject\",\"inLanguage\":\"fr-FR\",\"@id\":\"https:\/\/www.aliseo.de\/fr\/#\/schema\/logo\/image\/\",\"url\":\"https:\/\/www.aliseo.de\/wp-content\/uploads\/2024\/10\/ALI_Logo_schwarz.png\",\"contentUrl\":\"https:\/\/www.aliseo.de\/wp-content\/uploads\/2024\/10\/ALI_Logo_schwarz.png\",\"width\":2551,\"height\":543,\"caption\":\"ALISEO\"},\"image\":{\"@id\":\"https:\/\/www.aliseo.de\/fr\/#\/schema\/logo\/image\/\"},\"sameAs\":[\"https:\/\/www.facebook.com\/aliseogermany\",\"https:\/\/www.youtube.com\/user\/aliseogermany\",\"https:\/\/www.instagram.com\/aliseogermany\/\",\"https:\/\/de.linkedin.com\/company\/aliseogermany\"]}]}<\/script>\n<!-- \/ Yoast SEO plugin. -->","yoast_head_json":{"title":"Tecno - ALISEO","robots":{"index":"index","follow":"follow","max-snippet":"max-snippet:-1","max-image-preview":"max-image-preview:large","max-video-preview":"max-video-preview:-1"},"canonical":"https:\/\/www.aliseo.de\/fr\/produit\/tecno-porte-brosse-de-toilette-chrome\/","og_locale":"fr_FR","og_type":"article","og_title":"Tecno - ALISEO","og_description":"Mod\u00e8le \u00e0 poser ou montage mural Brosse avec couvercle R\u00e9cipient avec insert en plastique Mat\u00e9riau : acier inoxydable","og_url":"https:\/\/www.aliseo.de\/fr\/produit\/tecno-porte-brosse-de-toilette-chrome\/","og_site_name":"ALISEO","article_publisher":"https:\/\/www.facebook.com\/aliseogermany","og_image":[{"width":900,"height":900,"url":"https:\/\/www.aliseo.de\/wp-content\/uploads\/2026\/03\/030633_030707_Tecno_WC-Buerstengarniturr.png","type":"image\/png"}],"twitter_card":"summary_large_image","schema":{"@context":"https:\/\/schema.org","@graph":[{"@type":"WebPage","@id":"https:\/\/www.aliseo.de\/fr\/produit\/tecno-porte-brosse-de-toilette-chrome\/","url":"https:\/\/www.aliseo.de\/fr\/produit\/tecno-porte-brosse-de-toilette-chrome\/","name":"Tecno - ALISEO","isPartOf":{"@id":"https:\/\/www.aliseo.de\/fr\/#website"},"primaryImageOfPage":{"@id":"https:\/\/www.aliseo.de\/fr\/produit\/tecno-porte-brosse-de-toilette-chrome\/#primaryimage"},"image":{"@id":"https:\/\/www.aliseo.de\/fr\/produit\/tecno-porte-brosse-de-toilette-chrome\/#primaryimage"},"thumbnailUrl":"https:\/\/www.aliseo.de\/wp-content\/uploads\/2026\/03\/030633_030707_Tecno_WC-Buerstengarniturr.png","datePublished":"2026-03-13T13:08:41+00:00","breadcrumb":{"@id":"https:\/\/www.aliseo.de\/fr\/produit\/tecno-porte-brosse-de-toilette-chrome\/#breadcrumb"},"inLanguage":"fr-FR","potentialAction":[{"@type":"ReadAction","target":["https:\/\/www.aliseo.de\/fr\/produit\/tecno-porte-brosse-de-toilette-chrome\/"]}]},{"@type":"ImageObject","inLanguage":"fr-FR","@id":"https:\/\/www.aliseo.de\/fr\/produit\/tecno-porte-brosse-de-toilette-chrome\/#primaryimage","url":"https:\/\/www.aliseo.de\/wp-content\/uploads\/2026\/03\/030633_030707_Tecno_WC-Buerstengarniturr.png","contentUrl":"https:\/\/www.aliseo.de\/wp-content\/uploads\/2026\/03\/030633_030707_Tecno_WC-Buerstengarniturr.png","width":900,"height":900},{"@type":"BreadcrumbList","@id":"https:\/\/www.aliseo.de\/fr\/produit\/tecno-porte-brosse-de-toilette-chrome\/#breadcrumb","itemListElement":[{"@type":"ListItem","position":1,"name":"Startseite","item":"https:\/\/www.aliseo.de\/fr\/homepage\/"},{"@type":"ListItem","position":2,"name":"Shop","item":"https:\/\/www.aliseo.de\/fr\/shop\/"},{"@type":"ListItem","position":3,"name":"Tecno"}]},{"@type":"WebSite","@id":"https:\/\/www.aliseo.de\/fr\/#website","url":"https:\/\/www.aliseo.de\/fr\/","name":"ALISEO","description":"","publisher":{"@id":"https:\/\/www.aliseo.de\/fr\/#organization"},"potentialAction":[{"@type":"SearchAction","target":{"@type":"EntryPoint","urlTemplate":"https:\/\/www.aliseo.de\/fr\/?s={search_term_string}"},"query-input":{"@type":"PropertyValueSpecification","valueRequired":true,"valueName":"search_term_string"}}],"inLanguage":"fr-FR"},{"@type":"Organization","@id":"https:\/\/www.aliseo.de\/fr\/#organization","name":"ALISEO","url":"https:\/\/www.aliseo.de\/fr\/","logo":{"@type":"ImageObject","inLanguage":"fr-FR","@id":"https:\/\/www.aliseo.de\/fr\/#\/schema\/logo\/image\/","url":"https:\/\/www.aliseo.de\/wp-content\/uploads\/2024\/10\/ALI_Logo_schwarz.png","contentUrl":"https:\/\/www.aliseo.de\/wp-content\/uploads\/2024\/10\/ALI_Logo_schwarz.png","width":2551,"height":543,"caption":"ALISEO"},"image":{"@id":"https:\/\/www.aliseo.de\/fr\/#\/schema\/logo\/image\/"},"sameAs":["https:\/\/www.facebook.com\/aliseogermany","https:\/\/www.youtube.com\/user\/aliseogermany","https:\/\/www.instagram.com\/aliseogermany\/","https:\/\/de.linkedin.com\/company\/aliseogermany"]}]}},"_links":{"self":[{"href":"https:\/\/www.aliseo.de\/fr\/wp-json\/wp\/v2\/product\/37227","targetHints":{"allow":["GET"]}}],"collection":[{"href":"https:\/\/www.aliseo.de\/fr\/wp-json\/wp\/v2\/product"}],"about":[{"href":"https:\/\/www.aliseo.de\/fr\/wp-json\/wp\/v2\/types\/product"}],"replies":[{"embeddable":true,"href":"https:\/\/www.aliseo.de\/fr\/wp-json\/wp\/v2\/comments?post=37227"}],"wp:featuredmedia":[{"embeddable":true,"href":"https:\/\/www.aliseo.de\/fr\/wp-json\/wp\/v2\/media\/37221"}],"wp:attachment":[{"href":"https:\/\/www.aliseo.de\/fr\/wp-json\/wp\/v2\/media?parent=37227"}],"wp:term":[{"taxonomy":"produktgruppe","embeddable":true,"href":"https:\/\/www.aliseo.de\/fr\/wp-json\/wp\/v2\/produktgruppe?post=37227"},{"taxonomy":"product_brand","embeddable":true,"href":"https:\/\/www.aliseo.de\/fr\/wp-json\/wp\/v2\/product_brand?post=37227"},{"taxonomy":"product_cat","embeddable":true,"href":"https:\/\/www.aliseo.de\/fr\/wp-json\/wp\/v2\/product_cat?post=37227"},{"taxonomy":"product_tag","embeddable":true,"href":"https:\/\/www.aliseo.de\/fr\/wp-json\/wp\/v2\/product_tag?post=37227"}],"curies":[{"name":"wp","href":"https:\/\/api.w.org\/{rel}","templated":true}]}}