{"id":36346,"date":"2026-02-09T13:37:10","date_gmt":"2026-02-09T13:37:10","guid":{"rendered":"https:\/\/www.aliseo.de\/produkt\/now-wc-garniture-de-brosse-murale-chrome\/"},"modified":"2026-03-13T10:00:51","modified_gmt":"2026-03-13T10:00:51","slug":"now-wc-garniture-de-brosse-murale-chrome","status":"publish","type":"product","link":"https:\/\/www.aliseo.de\/fr\/produit\/now-wc-garniture-de-brosse-murale-chrome\/","title":{"rendered":"Now"},"content":{"rendered":"<ul>\n<li>Montage mural<\/li>\n<li>Brosse avec couvercle<\/li>\n<li>R\u00e9cipient avec insert en plastique<\/li>\n<li>Vis cach\u00e9es<\/li>\n<li>Mat\u00e9riau : acier inoxydable 304<\/li>\n<\/ul>\n","protected":false},"excerpt":{"rendered":"<p>Montage mural Brosse avec couvercle R\u00e9cipient avec insert en plastique Vis cach\u00e9es Mat\u00e9riau : acier inoxydable 304<\/p>\n","protected":false},"featured_media":34623,"comment_status":"closed","ping_status":"closed","template":"","meta":{"_acf_changed":false},"produktgruppe":[1808],"product_brand":[],"product_cat":[2296,2283,2273,2299],"product_tag":[],"class_list":{"0":"post-36346","1":"product","2":"type-product","3":"status-publish","4":"has-post-thumbnail","6":"produktgruppe-now-1","7":"product_cat-nu-finishes","8":"product_cat-series-daccessoires-de-salle-de-bain","9":"product_cat-now","10":"product_cat-porte-brosse-de-toilette","12":"first","13":"instock","14":"featured","15":"shipping-taxable","16":"product-type-simple"},"acf":[],"yoast_head":"<!-- This site is optimized with the Yoast SEO plugin v24.7 - https:\/\/yoast.com\/wordpress\/plugins\/seo\/ -->\n<title>Now - ALISEO<\/title>\n<meta name=\"robots\" content=\"index, follow, max-snippet:-1, max-image-preview:large, max-video-preview:-1\" \/>\n<link rel=\"canonical\" href=\"https:\/\/www.aliseo.de\/fr\/produit\/now-wc-garniture-de-brosse-murale-chrome\/\" \/>\n<meta property=\"og:locale\" content=\"fr_FR\" \/>\n<meta property=\"og:type\" content=\"article\" \/>\n<meta property=\"og:title\" content=\"Now - ALISEO\" \/>\n<meta property=\"og:description\" content=\"Montage mural Brosse avec couvercle R\u00e9cipient avec insert en plastique Vis cach\u00e9es Mat\u00e9riau : acier inoxydable 304\" \/>\n<meta property=\"og:url\" content=\"https:\/\/www.aliseo.de\/fr\/produit\/now-wc-garniture-de-brosse-murale-chrome\/\" \/>\n<meta property=\"og:site_name\" content=\"ALISEO\" \/>\n<meta property=\"article:publisher\" content=\"https:\/\/www.facebook.com\/aliseogermany\" \/>\n<meta property=\"article:modified_time\" content=\"2026-03-13T10:00:51+00:00\" \/>\n<meta property=\"og:image\" content=\"https:\/\/www.aliseo.de\/wp-content\/uploads\/2026\/01\/Aliseo_now_toilet-brush-holder_030768.png\" \/>\n\t<meta property=\"og:image:width\" content=\"900\" \/>\n\t<meta property=\"og:image:height\" content=\"900\" \/>\n\t<meta property=\"og:image:type\" content=\"image\/png\" \/>\n<meta name=\"twitter:card\" content=\"summary_large_image\" \/>\n<meta name=\"twitter:label1\" content=\"Dur\u00e9e de lecture estim\u00e9e\" \/>\n\t<meta name=\"twitter:data1\" content=\"1 minute\" \/>\n<script type=\"application\/ld+json\" class=\"yoast-schema-graph\">{\"@context\":\"https:\/\/schema.org\",\"@graph\":[{\"@type\":\"WebPage\",\"@id\":\"https:\/\/www.aliseo.de\/fr\/produit\/now-wc-garniture-de-brosse-murale-chrome\/\",\"url\":\"https:\/\/www.aliseo.de\/fr\/produit\/now-wc-garniture-de-brosse-murale-chrome\/\",\"name\":\"Now - ALISEO\",\"isPartOf\":{\"@id\":\"https:\/\/www.aliseo.de\/fr\/#website\"},\"primaryImageOfPage\":{\"@id\":\"https:\/\/www.aliseo.de\/fr\/produit\/now-wc-garniture-de-brosse-murale-chrome\/#primaryimage\"},\"image\":{\"@id\":\"https:\/\/www.aliseo.de\/fr\/produit\/now-wc-garniture-de-brosse-murale-chrome\/#primaryimage\"},\"thumbnailUrl\":\"https:\/\/www.aliseo.de\/wp-content\/uploads\/2026\/01\/Aliseo_now_toilet-brush-holder_030768.png\",\"datePublished\":\"2026-02-09T13:37:10+00:00\",\"dateModified\":\"2026-03-13T10:00:51+00:00\",\"breadcrumb\":{\"@id\":\"https:\/\/www.aliseo.de\/fr\/produit\/now-wc-garniture-de-brosse-murale-chrome\/#breadcrumb\"},\"inLanguage\":\"fr-FR\",\"potentialAction\":[{\"@type\":\"ReadAction\",\"target\":[\"https:\/\/www.aliseo.de\/fr\/produit\/now-wc-garniture-de-brosse-murale-chrome\/\"]}]},{\"@type\":\"ImageObject\",\"inLanguage\":\"fr-FR\",\"@id\":\"https:\/\/www.aliseo.de\/fr\/produit\/now-wc-garniture-de-brosse-murale-chrome\/#primaryimage\",\"url\":\"https:\/\/www.aliseo.de\/wp-content\/uploads\/2026\/01\/Aliseo_now_toilet-brush-holder_030768.png\",\"contentUrl\":\"https:\/\/www.aliseo.de\/wp-content\/uploads\/2026\/01\/Aliseo_now_toilet-brush-holder_030768.png\",\"width\":900,\"height\":900},{\"@type\":\"BreadcrumbList\",\"@id\":\"https:\/\/www.aliseo.de\/fr\/produit\/now-wc-garniture-de-brosse-murale-chrome\/#breadcrumb\",\"itemListElement\":[{\"@type\":\"ListItem\",\"position\":1,\"name\":\"Startseite\",\"item\":\"https:\/\/www.aliseo.de\/fr\/homepage\/\"},{\"@type\":\"ListItem\",\"position\":2,\"name\":\"Shop\",\"item\":\"https:\/\/www.aliseo.de\/fr\/shop\/\"},{\"@type\":\"ListItem\",\"position\":3,\"name\":\"Now\"}]},{\"@type\":\"WebSite\",\"@id\":\"https:\/\/www.aliseo.de\/fr\/#website\",\"url\":\"https:\/\/www.aliseo.de\/fr\/\",\"name\":\"ALISEO\",\"description\":\"\",\"publisher\":{\"@id\":\"https:\/\/www.aliseo.de\/fr\/#organization\"},\"potentialAction\":[{\"@type\":\"SearchAction\",\"target\":{\"@type\":\"EntryPoint\",\"urlTemplate\":\"https:\/\/www.aliseo.de\/fr\/?s={search_term_string}\"},\"query-input\":{\"@type\":\"PropertyValueSpecification\",\"valueRequired\":true,\"valueName\":\"search_term_string\"}}],\"inLanguage\":\"fr-FR\"},{\"@type\":\"Organization\",\"@id\":\"https:\/\/www.aliseo.de\/fr\/#organization\",\"name\":\"ALISEO\",\"url\":\"https:\/\/www.aliseo.de\/fr\/\",\"logo\":{\"@type\":\"ImageObject\",\"inLanguage\":\"fr-FR\",\"@id\":\"https:\/\/www.aliseo.de\/fr\/#\/schema\/logo\/image\/\",\"url\":\"https:\/\/www.aliseo.de\/wp-content\/uploads\/2024\/10\/ALI_Logo_schwarz.png\",\"contentUrl\":\"https:\/\/www.aliseo.de\/wp-content\/uploads\/2024\/10\/ALI_Logo_schwarz.png\",\"width\":2551,\"height\":543,\"caption\":\"ALISEO\"},\"image\":{\"@id\":\"https:\/\/www.aliseo.de\/fr\/#\/schema\/logo\/image\/\"},\"sameAs\":[\"https:\/\/www.facebook.com\/aliseogermany\",\"https:\/\/www.youtube.com\/user\/aliseogermany\",\"https:\/\/www.instagram.com\/aliseogermany\/\",\"https:\/\/de.linkedin.com\/company\/aliseogermany\"]}]}<\/script>\n<!-- \/ Yoast SEO plugin. -->","yoast_head_json":{"title":"Now - ALISEO","robots":{"index":"index","follow":"follow","max-snippet":"max-snippet:-1","max-image-preview":"max-image-preview:large","max-video-preview":"max-video-preview:-1"},"canonical":"https:\/\/www.aliseo.de\/fr\/produit\/now-wc-garniture-de-brosse-murale-chrome\/","og_locale":"fr_FR","og_type":"article","og_title":"Now - ALISEO","og_description":"Montage mural Brosse avec couvercle R\u00e9cipient avec insert en plastique Vis cach\u00e9es Mat\u00e9riau : acier inoxydable 304","og_url":"https:\/\/www.aliseo.de\/fr\/produit\/now-wc-garniture-de-brosse-murale-chrome\/","og_site_name":"ALISEO","article_publisher":"https:\/\/www.facebook.com\/aliseogermany","article_modified_time":"2026-03-13T10:00:51+00:00","og_image":[{"width":900,"height":900,"url":"https:\/\/www.aliseo.de\/wp-content\/uploads\/2026\/01\/Aliseo_now_toilet-brush-holder_030768.png","type":"image\/png"}],"twitter_card":"summary_large_image","twitter_misc":{"Dur\u00e9e de lecture estim\u00e9e":"1 minute"},"schema":{"@context":"https:\/\/schema.org","@graph":[{"@type":"WebPage","@id":"https:\/\/www.aliseo.de\/fr\/produit\/now-wc-garniture-de-brosse-murale-chrome\/","url":"https:\/\/www.aliseo.de\/fr\/produit\/now-wc-garniture-de-brosse-murale-chrome\/","name":"Now - ALISEO","isPartOf":{"@id":"https:\/\/www.aliseo.de\/fr\/#website"},"primaryImageOfPage":{"@id":"https:\/\/www.aliseo.de\/fr\/produit\/now-wc-garniture-de-brosse-murale-chrome\/#primaryimage"},"image":{"@id":"https:\/\/www.aliseo.de\/fr\/produit\/now-wc-garniture-de-brosse-murale-chrome\/#primaryimage"},"thumbnailUrl":"https:\/\/www.aliseo.de\/wp-content\/uploads\/2026\/01\/Aliseo_now_toilet-brush-holder_030768.png","datePublished":"2026-02-09T13:37:10+00:00","dateModified":"2026-03-13T10:00:51+00:00","breadcrumb":{"@id":"https:\/\/www.aliseo.de\/fr\/produit\/now-wc-garniture-de-brosse-murale-chrome\/#breadcrumb"},"inLanguage":"fr-FR","potentialAction":[{"@type":"ReadAction","target":["https:\/\/www.aliseo.de\/fr\/produit\/now-wc-garniture-de-brosse-murale-chrome\/"]}]},{"@type":"ImageObject","inLanguage":"fr-FR","@id":"https:\/\/www.aliseo.de\/fr\/produit\/now-wc-garniture-de-brosse-murale-chrome\/#primaryimage","url":"https:\/\/www.aliseo.de\/wp-content\/uploads\/2026\/01\/Aliseo_now_toilet-brush-holder_030768.png","contentUrl":"https:\/\/www.aliseo.de\/wp-content\/uploads\/2026\/01\/Aliseo_now_toilet-brush-holder_030768.png","width":900,"height":900},{"@type":"BreadcrumbList","@id":"https:\/\/www.aliseo.de\/fr\/produit\/now-wc-garniture-de-brosse-murale-chrome\/#breadcrumb","itemListElement":[{"@type":"ListItem","position":1,"name":"Startseite","item":"https:\/\/www.aliseo.de\/fr\/homepage\/"},{"@type":"ListItem","position":2,"name":"Shop","item":"https:\/\/www.aliseo.de\/fr\/shop\/"},{"@type":"ListItem","position":3,"name":"Now"}]},{"@type":"WebSite","@id":"https:\/\/www.aliseo.de\/fr\/#website","url":"https:\/\/www.aliseo.de\/fr\/","name":"ALISEO","description":"","publisher":{"@id":"https:\/\/www.aliseo.de\/fr\/#organization"},"potentialAction":[{"@type":"SearchAction","target":{"@type":"EntryPoint","urlTemplate":"https:\/\/www.aliseo.de\/fr\/?s={search_term_string}"},"query-input":{"@type":"PropertyValueSpecification","valueRequired":true,"valueName":"search_term_string"}}],"inLanguage":"fr-FR"},{"@type":"Organization","@id":"https:\/\/www.aliseo.de\/fr\/#organization","name":"ALISEO","url":"https:\/\/www.aliseo.de\/fr\/","logo":{"@type":"ImageObject","inLanguage":"fr-FR","@id":"https:\/\/www.aliseo.de\/fr\/#\/schema\/logo\/image\/","url":"https:\/\/www.aliseo.de\/wp-content\/uploads\/2024\/10\/ALI_Logo_schwarz.png","contentUrl":"https:\/\/www.aliseo.de\/wp-content\/uploads\/2024\/10\/ALI_Logo_schwarz.png","width":2551,"height":543,"caption":"ALISEO"},"image":{"@id":"https:\/\/www.aliseo.de\/fr\/#\/schema\/logo\/image\/"},"sameAs":["https:\/\/www.facebook.com\/aliseogermany","https:\/\/www.youtube.com\/user\/aliseogermany","https:\/\/www.instagram.com\/aliseogermany\/","https:\/\/de.linkedin.com\/company\/aliseogermany"]}]}},"_links":{"self":[{"href":"https:\/\/www.aliseo.de\/fr\/wp-json\/wp\/v2\/product\/36346","targetHints":{"allow":["GET"]}}],"collection":[{"href":"https:\/\/www.aliseo.de\/fr\/wp-json\/wp\/v2\/product"}],"about":[{"href":"https:\/\/www.aliseo.de\/fr\/wp-json\/wp\/v2\/types\/product"}],"replies":[{"embeddable":true,"href":"https:\/\/www.aliseo.de\/fr\/wp-json\/wp\/v2\/comments?post=36346"}],"wp:featuredmedia":[{"embeddable":true,"href":"https:\/\/www.aliseo.de\/fr\/wp-json\/wp\/v2\/media\/34623"}],"wp:attachment":[{"href":"https:\/\/www.aliseo.de\/fr\/wp-json\/wp\/v2\/media?parent=36346"}],"wp:term":[{"taxonomy":"produktgruppe","embeddable":true,"href":"https:\/\/www.aliseo.de\/fr\/wp-json\/wp\/v2\/produktgruppe?post=36346"},{"taxonomy":"product_brand","embeddable":true,"href":"https:\/\/www.aliseo.de\/fr\/wp-json\/wp\/v2\/product_brand?post=36346"},{"taxonomy":"product_cat","embeddable":true,"href":"https:\/\/www.aliseo.de\/fr\/wp-json\/wp\/v2\/product_cat?post=36346"},{"taxonomy":"product_tag","embeddable":true,"href":"https:\/\/www.aliseo.de\/fr\/wp-json\/wp\/v2\/product_tag?post=36346"}],"curies":[{"name":"wp","href":"https:\/\/api.w.org\/{rel}","templated":true}]}}