{"id":36322,"date":"2026-02-09T13:10:55","date_gmt":"2026-02-09T13:10:55","guid":{"rendered":"https:\/\/www.aliseo.de\/produkt\/led-my-miroirs-cosmetiques-lumineux-bras-simple-noir\/"},"modified":"2026-02-09T13:22:26","modified_gmt":"2026-02-09T13:22:26","slug":"led-my-miroirs-cosmetiques-lumineux-bras-simple-noir","status":"publish","type":"product","link":"https:\/\/www.aliseo.de\/fr\/produit\/led-my-miroirs-cosmetiques-lumineux-bras-simple-noir\/","title":{"rendered":"LED MY"},"content":{"rendered":"<p>Un miroir pour tout le monde ! Avec son design intemporel et simple, sans fioritures, le miroir MY est le choix parfait pour tous ceux qui aiment un look \u00e9l\u00e9gant, minimaliste et fonctionnel. Une option intelligente et \u00e9conomique.<\/p>\n<ul>\n<li>Sur le site bras simple<\/li>\n<li>Connexion directe<\/li>\n<li>grossissement 3x<\/li>\n<li>ajustement complet du pivot<\/li>\n<li>SMD-LED illumination:<br \/>\nLumi\u00e8re blanc chaud 3500-4000 K<\/li>\n<li>Sans entretien &#8211; dur\u00e9e de vie jusqu&#8217;\u00e0 50 000 heures<\/li>\n<li>classe I<\/li>\n<li>100-240 V<\/li>\n<\/ul>\n","protected":false},"excerpt":{"rendered":"<p>Un miroir pour tout le monde ! Avec son design intemporel et simple, sans fioritures, le miroir MY est le choix parfait pour tous ceux qui aiment un look \u00e9l\u00e9gant, minimaliste et fonctionnel. Une option intelligente et \u00e9conomique. Sur le site bras simple Connexion directe grossissement 3x ajustement complet du pivot SMD-LED illumination: Lumi\u00e8re blanc [&hellip;]<\/p>\n","protected":false},"featured_media":34833,"comment_status":"closed","ping_status":"closed","template":"","meta":{"_acf_changed":false},"produktgruppe":[1815],"product_brand":[],"product_cat":[2296,2286,2233],"product_tag":[],"class_list":{"0":"post-36322","1":"product","2":"type-product","3":"status-publish","4":"has-post-thumbnail","6":"produktgruppe-led-my-1","7":"product_cat-nu-finishes","8":"product_cat-miroir-cosmetique-lumineux","9":"product_cat-led-my","10":"pa_ausfuehrung-bras-simple","12":"first","13":"instock","14":"featured","15":"shipping-taxable","16":"product-type-simple"},"acf":[],"yoast_head":"<!-- This site is optimized with the Yoast SEO plugin v24.7 - https:\/\/yoast.com\/wordpress\/plugins\/seo\/ -->\n<title>LED MY - ALISEO<\/title>\n<meta name=\"robots\" content=\"index, follow, max-snippet:-1, max-image-preview:large, max-video-preview:-1\" \/>\n<link rel=\"canonical\" href=\"https:\/\/www.aliseo.de\/fr\/produit\/led-my-miroirs-cosmetiques-lumineux-bras-simple-noir\/\" \/>\n<meta property=\"og:locale\" content=\"fr_FR\" \/>\n<meta property=\"og:type\" content=\"article\" \/>\n<meta property=\"og:title\" content=\"LED MY - ALISEO\" \/>\n<meta property=\"og:description\" content=\"Un miroir pour tout le monde ! Avec son design intemporel et simple, sans fioritures, le miroir MY est le choix parfait pour tous ceux qui aiment un look \u00e9l\u00e9gant, minimaliste et fonctionnel. Une option intelligente et \u00e9conomique. Sur le site bras simple Connexion directe grossissement 3x ajustement complet du pivot SMD-LED illumination: Lumi\u00e8re blanc [&hellip;]\" \/>\n<meta property=\"og:url\" content=\"https:\/\/www.aliseo.de\/fr\/produit\/led-my-miroirs-cosmetiques-lumineux-bras-simple-noir\/\" \/>\n<meta property=\"og:site_name\" content=\"ALISEO\" \/>\n<meta property=\"article:publisher\" content=\"https:\/\/www.facebook.com\/aliseogermany\" \/>\n<meta property=\"article:modified_time\" content=\"2026-02-09T13:22:26+00:00\" \/>\n<meta property=\"og:image\" content=\"https:\/\/www.aliseo.de\/wp-content\/uploads\/2026\/01\/Aliseo_cosmetic-mirrors_LED-my_single-arm_020843102.png\" \/>\n\t<meta property=\"og:image:width\" content=\"900\" \/>\n\t<meta property=\"og:image:height\" content=\"900\" \/>\n\t<meta property=\"og:image:type\" content=\"image\/png\" \/>\n<meta name=\"twitter:card\" content=\"summary_large_image\" \/>\n<meta name=\"twitter:label1\" content=\"Dur\u00e9e de lecture estim\u00e9e\" \/>\n\t<meta name=\"twitter:data1\" content=\"1 minute\" \/>\n<script type=\"application\/ld+json\" class=\"yoast-schema-graph\">{\"@context\":\"https:\/\/schema.org\",\"@graph\":[{\"@type\":\"WebPage\",\"@id\":\"https:\/\/www.aliseo.de\/fr\/produit\/led-my-miroirs-cosmetiques-lumineux-bras-simple-noir\/\",\"url\":\"https:\/\/www.aliseo.de\/fr\/produit\/led-my-miroirs-cosmetiques-lumineux-bras-simple-noir\/\",\"name\":\"LED MY - ALISEO\",\"isPartOf\":{\"@id\":\"https:\/\/www.aliseo.de\/fr\/#website\"},\"primaryImageOfPage\":{\"@id\":\"https:\/\/www.aliseo.de\/fr\/produit\/led-my-miroirs-cosmetiques-lumineux-bras-simple-noir\/#primaryimage\"},\"image\":{\"@id\":\"https:\/\/www.aliseo.de\/fr\/produit\/led-my-miroirs-cosmetiques-lumineux-bras-simple-noir\/#primaryimage\"},\"thumbnailUrl\":\"https:\/\/www.aliseo.de\/wp-content\/uploads\/2026\/01\/Aliseo_cosmetic-mirrors_LED-my_single-arm_020843102.png\",\"datePublished\":\"2026-02-09T13:10:55+00:00\",\"dateModified\":\"2026-02-09T13:22:26+00:00\",\"breadcrumb\":{\"@id\":\"https:\/\/www.aliseo.de\/fr\/produit\/led-my-miroirs-cosmetiques-lumineux-bras-simple-noir\/#breadcrumb\"},\"inLanguage\":\"fr-FR\",\"potentialAction\":[{\"@type\":\"ReadAction\",\"target\":[\"https:\/\/www.aliseo.de\/fr\/produit\/led-my-miroirs-cosmetiques-lumineux-bras-simple-noir\/\"]}]},{\"@type\":\"ImageObject\",\"inLanguage\":\"fr-FR\",\"@id\":\"https:\/\/www.aliseo.de\/fr\/produit\/led-my-miroirs-cosmetiques-lumineux-bras-simple-noir\/#primaryimage\",\"url\":\"https:\/\/www.aliseo.de\/wp-content\/uploads\/2026\/01\/Aliseo_cosmetic-mirrors_LED-my_single-arm_020843102.png\",\"contentUrl\":\"https:\/\/www.aliseo.de\/wp-content\/uploads\/2026\/01\/Aliseo_cosmetic-mirrors_LED-my_single-arm_020843102.png\",\"width\":900,\"height\":900},{\"@type\":\"BreadcrumbList\",\"@id\":\"https:\/\/www.aliseo.de\/fr\/produit\/led-my-miroirs-cosmetiques-lumineux-bras-simple-noir\/#breadcrumb\",\"itemListElement\":[{\"@type\":\"ListItem\",\"position\":1,\"name\":\"Startseite\",\"item\":\"https:\/\/www.aliseo.de\/fr\/homepage\/\"},{\"@type\":\"ListItem\",\"position\":2,\"name\":\"Shop\",\"item\":\"https:\/\/www.aliseo.de\/fr\/shop\/\"},{\"@type\":\"ListItem\",\"position\":3,\"name\":\"LED MY\"}]},{\"@type\":\"WebSite\",\"@id\":\"https:\/\/www.aliseo.de\/fr\/#website\",\"url\":\"https:\/\/www.aliseo.de\/fr\/\",\"name\":\"ALISEO\",\"description\":\"\",\"publisher\":{\"@id\":\"https:\/\/www.aliseo.de\/fr\/#organization\"},\"potentialAction\":[{\"@type\":\"SearchAction\",\"target\":{\"@type\":\"EntryPoint\",\"urlTemplate\":\"https:\/\/www.aliseo.de\/fr\/?s={search_term_string}\"},\"query-input\":{\"@type\":\"PropertyValueSpecification\",\"valueRequired\":true,\"valueName\":\"search_term_string\"}}],\"inLanguage\":\"fr-FR\"},{\"@type\":\"Organization\",\"@id\":\"https:\/\/www.aliseo.de\/fr\/#organization\",\"name\":\"ALISEO\",\"url\":\"https:\/\/www.aliseo.de\/fr\/\",\"logo\":{\"@type\":\"ImageObject\",\"inLanguage\":\"fr-FR\",\"@id\":\"https:\/\/www.aliseo.de\/fr\/#\/schema\/logo\/image\/\",\"url\":\"https:\/\/www.aliseo.de\/wp-content\/uploads\/2024\/10\/ALI_Logo_schwarz.png\",\"contentUrl\":\"https:\/\/www.aliseo.de\/wp-content\/uploads\/2024\/10\/ALI_Logo_schwarz.png\",\"width\":2551,\"height\":543,\"caption\":\"ALISEO\"},\"image\":{\"@id\":\"https:\/\/www.aliseo.de\/fr\/#\/schema\/logo\/image\/\"},\"sameAs\":[\"https:\/\/www.facebook.com\/aliseogermany\",\"https:\/\/www.youtube.com\/user\/aliseogermany\",\"https:\/\/www.instagram.com\/aliseogermany\/\",\"https:\/\/de.linkedin.com\/company\/aliseogermany\"]}]}<\/script>\n<!-- \/ Yoast SEO plugin. -->","yoast_head_json":{"title":"LED MY - ALISEO","robots":{"index":"index","follow":"follow","max-snippet":"max-snippet:-1","max-image-preview":"max-image-preview:large","max-video-preview":"max-video-preview:-1"},"canonical":"https:\/\/www.aliseo.de\/fr\/produit\/led-my-miroirs-cosmetiques-lumineux-bras-simple-noir\/","og_locale":"fr_FR","og_type":"article","og_title":"LED MY - ALISEO","og_description":"Un miroir pour tout le monde ! Avec son design intemporel et simple, sans fioritures, le miroir MY est le choix parfait pour tous ceux qui aiment un look \u00e9l\u00e9gant, minimaliste et fonctionnel. Une option intelligente et \u00e9conomique. Sur le site bras simple Connexion directe grossissement 3x ajustement complet du pivot SMD-LED illumination: Lumi\u00e8re blanc [&hellip;]","og_url":"https:\/\/www.aliseo.de\/fr\/produit\/led-my-miroirs-cosmetiques-lumineux-bras-simple-noir\/","og_site_name":"ALISEO","article_publisher":"https:\/\/www.facebook.com\/aliseogermany","article_modified_time":"2026-02-09T13:22:26+00:00","og_image":[{"width":900,"height":900,"url":"https:\/\/www.aliseo.de\/wp-content\/uploads\/2026\/01\/Aliseo_cosmetic-mirrors_LED-my_single-arm_020843102.png","type":"image\/png"}],"twitter_card":"summary_large_image","twitter_misc":{"Dur\u00e9e de lecture estim\u00e9e":"1 minute"},"schema":{"@context":"https:\/\/schema.org","@graph":[{"@type":"WebPage","@id":"https:\/\/www.aliseo.de\/fr\/produit\/led-my-miroirs-cosmetiques-lumineux-bras-simple-noir\/","url":"https:\/\/www.aliseo.de\/fr\/produit\/led-my-miroirs-cosmetiques-lumineux-bras-simple-noir\/","name":"LED MY - ALISEO","isPartOf":{"@id":"https:\/\/www.aliseo.de\/fr\/#website"},"primaryImageOfPage":{"@id":"https:\/\/www.aliseo.de\/fr\/produit\/led-my-miroirs-cosmetiques-lumineux-bras-simple-noir\/#primaryimage"},"image":{"@id":"https:\/\/www.aliseo.de\/fr\/produit\/led-my-miroirs-cosmetiques-lumineux-bras-simple-noir\/#primaryimage"},"thumbnailUrl":"https:\/\/www.aliseo.de\/wp-content\/uploads\/2026\/01\/Aliseo_cosmetic-mirrors_LED-my_single-arm_020843102.png","datePublished":"2026-02-09T13:10:55+00:00","dateModified":"2026-02-09T13:22:26+00:00","breadcrumb":{"@id":"https:\/\/www.aliseo.de\/fr\/produit\/led-my-miroirs-cosmetiques-lumineux-bras-simple-noir\/#breadcrumb"},"inLanguage":"fr-FR","potentialAction":[{"@type":"ReadAction","target":["https:\/\/www.aliseo.de\/fr\/produit\/led-my-miroirs-cosmetiques-lumineux-bras-simple-noir\/"]}]},{"@type":"ImageObject","inLanguage":"fr-FR","@id":"https:\/\/www.aliseo.de\/fr\/produit\/led-my-miroirs-cosmetiques-lumineux-bras-simple-noir\/#primaryimage","url":"https:\/\/www.aliseo.de\/wp-content\/uploads\/2026\/01\/Aliseo_cosmetic-mirrors_LED-my_single-arm_020843102.png","contentUrl":"https:\/\/www.aliseo.de\/wp-content\/uploads\/2026\/01\/Aliseo_cosmetic-mirrors_LED-my_single-arm_020843102.png","width":900,"height":900},{"@type":"BreadcrumbList","@id":"https:\/\/www.aliseo.de\/fr\/produit\/led-my-miroirs-cosmetiques-lumineux-bras-simple-noir\/#breadcrumb","itemListElement":[{"@type":"ListItem","position":1,"name":"Startseite","item":"https:\/\/www.aliseo.de\/fr\/homepage\/"},{"@type":"ListItem","position":2,"name":"Shop","item":"https:\/\/www.aliseo.de\/fr\/shop\/"},{"@type":"ListItem","position":3,"name":"LED MY"}]},{"@type":"WebSite","@id":"https:\/\/www.aliseo.de\/fr\/#website","url":"https:\/\/www.aliseo.de\/fr\/","name":"ALISEO","description":"","publisher":{"@id":"https:\/\/www.aliseo.de\/fr\/#organization"},"potentialAction":[{"@type":"SearchAction","target":{"@type":"EntryPoint","urlTemplate":"https:\/\/www.aliseo.de\/fr\/?s={search_term_string}"},"query-input":{"@type":"PropertyValueSpecification","valueRequired":true,"valueName":"search_term_string"}}],"inLanguage":"fr-FR"},{"@type":"Organization","@id":"https:\/\/www.aliseo.de\/fr\/#organization","name":"ALISEO","url":"https:\/\/www.aliseo.de\/fr\/","logo":{"@type":"ImageObject","inLanguage":"fr-FR","@id":"https:\/\/www.aliseo.de\/fr\/#\/schema\/logo\/image\/","url":"https:\/\/www.aliseo.de\/wp-content\/uploads\/2024\/10\/ALI_Logo_schwarz.png","contentUrl":"https:\/\/www.aliseo.de\/wp-content\/uploads\/2024\/10\/ALI_Logo_schwarz.png","width":2551,"height":543,"caption":"ALISEO"},"image":{"@id":"https:\/\/www.aliseo.de\/fr\/#\/schema\/logo\/image\/"},"sameAs":["https:\/\/www.facebook.com\/aliseogermany","https:\/\/www.youtube.com\/user\/aliseogermany","https:\/\/www.instagram.com\/aliseogermany\/","https:\/\/de.linkedin.com\/company\/aliseogermany"]}]}},"_links":{"self":[{"href":"https:\/\/www.aliseo.de\/fr\/wp-json\/wp\/v2\/product\/36322","targetHints":{"allow":["GET"]}}],"collection":[{"href":"https:\/\/www.aliseo.de\/fr\/wp-json\/wp\/v2\/product"}],"about":[{"href":"https:\/\/www.aliseo.de\/fr\/wp-json\/wp\/v2\/types\/product"}],"replies":[{"embeddable":true,"href":"https:\/\/www.aliseo.de\/fr\/wp-json\/wp\/v2\/comments?post=36322"}],"wp:featuredmedia":[{"embeddable":true,"href":"https:\/\/www.aliseo.de\/fr\/wp-json\/wp\/v2\/media\/34833"}],"wp:attachment":[{"href":"https:\/\/www.aliseo.de\/fr\/wp-json\/wp\/v2\/media?parent=36322"}],"wp:term":[{"taxonomy":"produktgruppe","embeddable":true,"href":"https:\/\/www.aliseo.de\/fr\/wp-json\/wp\/v2\/produktgruppe?post=36322"},{"taxonomy":"product_brand","embeddable":true,"href":"https:\/\/www.aliseo.de\/fr\/wp-json\/wp\/v2\/product_brand?post=36322"},{"taxonomy":"product_cat","embeddable":true,"href":"https:\/\/www.aliseo.de\/fr\/wp-json\/wp\/v2\/product_cat?post=36322"},{"taxonomy":"product_tag","embeddable":true,"href":"https:\/\/www.aliseo.de\/fr\/wp-json\/wp\/v2\/product_tag?post=36322"}],"curies":[{"name":"wp","href":"https:\/\/api.w.org\/{rel}","templated":true}]}}