{"id":36275,"date":"2026-02-06T10:19:51","date_gmt":"2026-02-06T10:19:51","guid":{"rendered":"https:\/\/www.aliseo.de\/produkt\/londoner-modern-line-distributeur-de-mouchoirs-en-papier-taupe\/"},"modified":"2026-02-06T10:51:30","modified_gmt":"2026-02-06T10:51:30","slug":"londoner-modern-line-distributeur-de-mouchoirs-en-papier-taupe","status":"publish","type":"product","link":"https:\/\/www.aliseo.de\/fr\/produit\/londoner-modern-line-distributeur-de-mouchoirs-en-papier-taupe\/","title":{"rendered":"Londoner Modern Line"},"content":{"rendered":"<ul>\n<li>Mat\u00e9riau : cuir synth\u00e9tique<\/li>\n<li>Sans coutures d\u00e9coratives<\/li>\n<li>Bords arrondis<\/li>\n<li>Volet de fond magn\u00e9tique<\/li>\n<li>Dimensions int\u00e9rieures pour la bo\u00eete de recharge :<br \/>\n238 x 58 x 122 mm<\/li>\n<\/ul>\n","protected":false},"excerpt":{"rendered":"<p>Mat\u00e9riau : cuir synth\u00e9tique Sans coutures d\u00e9coratives Bords arrondis Volet de fond magn\u00e9tique Dimensions int\u00e9rieures pour la bo\u00eete de recharge : 238 x 58 x 122 mm<\/p>\n","protected":false},"featured_media":34683,"comment_status":"closed","ping_status":"closed","template":"","meta":{"_acf_changed":false},"produktgruppe":[],"product_brand":[],"product_cat":[2619,2281],"product_tag":[],"class_list":{"0":"post-36275","1":"product","2":"type-product","3":"status-publish","4":"has-post-thumbnail","6":"product_cat-londoner-modern-line-fr","7":"product_cat-londoner-accessoires-en-cuir","9":"first","10":"instock","11":"featured","12":"shipping-taxable","13":"product-type-variable"},"acf":[],"yoast_head":"<!-- This site is optimized with the Yoast SEO plugin v24.7 - https:\/\/yoast.com\/wordpress\/plugins\/seo\/ -->\n<title>Londoner Modern Line - ALISEO<\/title>\n<meta name=\"robots\" content=\"index, follow, max-snippet:-1, max-image-preview:large, max-video-preview:-1\" \/>\n<link rel=\"canonical\" href=\"https:\/\/www.aliseo.de\/fr\/produit\/londoner-modern-line-distributeur-de-mouchoirs-en-papier-taupe\/\" \/>\n<meta property=\"og:locale\" content=\"fr_FR\" \/>\n<meta property=\"og:type\" content=\"article\" \/>\n<meta property=\"og:title\" content=\"Londoner Modern Line - ALISEO\" \/>\n<meta property=\"og:description\" content=\"Mat\u00e9riau : cuir synth\u00e9tique Sans coutures d\u00e9coratives Bords arrondis Volet de fond magn\u00e9tique Dimensions int\u00e9rieures pour la bo\u00eete de recharge : 238 x 58 x 122 mm\" \/>\n<meta property=\"og:url\" content=\"https:\/\/www.aliseo.de\/fr\/produit\/londoner-modern-line-distributeur-de-mouchoirs-en-papier-taupe\/\" \/>\n<meta property=\"og:site_name\" content=\"ALISEO\" \/>\n<meta property=\"article:publisher\" content=\"https:\/\/www.facebook.com\/aliseogermany\" \/>\n<meta property=\"article:modified_time\" content=\"2026-02-06T10:51:30+00:00\" \/>\n<meta property=\"og:image\" content=\"https:\/\/www.aliseo.de\/wp-content\/uploads\/2026\/01\/Aliseo_londoner_modern-line_tissue-dispenser_190203.png\" \/>\n\t<meta property=\"og:image:width\" content=\"900\" \/>\n\t<meta property=\"og:image:height\" content=\"900\" \/>\n\t<meta property=\"og:image:type\" content=\"image\/png\" \/>\n<meta name=\"twitter:card\" content=\"summary_large_image\" \/>\n<meta name=\"twitter:label1\" content=\"Dur\u00e9e de lecture estim\u00e9e\" \/>\n\t<meta name=\"twitter:data1\" content=\"1 minute\" \/>\n<script type=\"application\/ld+json\" class=\"yoast-schema-graph\">{\"@context\":\"https:\/\/schema.org\",\"@graph\":[{\"@type\":\"WebPage\",\"@id\":\"https:\/\/www.aliseo.de\/fr\/produit\/londoner-modern-line-distributeur-de-mouchoirs-en-papier-taupe\/\",\"url\":\"https:\/\/www.aliseo.de\/fr\/produit\/londoner-modern-line-distributeur-de-mouchoirs-en-papier-taupe\/\",\"name\":\"Londoner Modern Line - ALISEO\",\"isPartOf\":{\"@id\":\"https:\/\/www.aliseo.de\/fr\/#website\"},\"primaryImageOfPage\":{\"@id\":\"https:\/\/www.aliseo.de\/fr\/produit\/londoner-modern-line-distributeur-de-mouchoirs-en-papier-taupe\/#primaryimage\"},\"image\":{\"@id\":\"https:\/\/www.aliseo.de\/fr\/produit\/londoner-modern-line-distributeur-de-mouchoirs-en-papier-taupe\/#primaryimage\"},\"thumbnailUrl\":\"https:\/\/www.aliseo.de\/wp-content\/uploads\/2026\/01\/Aliseo_londoner_modern-line_tissue-dispenser_190203.png\",\"datePublished\":\"2026-02-06T10:19:51+00:00\",\"dateModified\":\"2026-02-06T10:51:30+00:00\",\"breadcrumb\":{\"@id\":\"https:\/\/www.aliseo.de\/fr\/produit\/londoner-modern-line-distributeur-de-mouchoirs-en-papier-taupe\/#breadcrumb\"},\"inLanguage\":\"fr-FR\",\"potentialAction\":[{\"@type\":\"ReadAction\",\"target\":[\"https:\/\/www.aliseo.de\/fr\/produit\/londoner-modern-line-distributeur-de-mouchoirs-en-papier-taupe\/\"]}]},{\"@type\":\"ImageObject\",\"inLanguage\":\"fr-FR\",\"@id\":\"https:\/\/www.aliseo.de\/fr\/produit\/londoner-modern-line-distributeur-de-mouchoirs-en-papier-taupe\/#primaryimage\",\"url\":\"https:\/\/www.aliseo.de\/wp-content\/uploads\/2026\/01\/Aliseo_londoner_modern-line_tissue-dispenser_190203.png\",\"contentUrl\":\"https:\/\/www.aliseo.de\/wp-content\/uploads\/2026\/01\/Aliseo_londoner_modern-line_tissue-dispenser_190203.png\",\"width\":900,\"height\":900},{\"@type\":\"BreadcrumbList\",\"@id\":\"https:\/\/www.aliseo.de\/fr\/produit\/londoner-modern-line-distributeur-de-mouchoirs-en-papier-taupe\/#breadcrumb\",\"itemListElement\":[{\"@type\":\"ListItem\",\"position\":1,\"name\":\"Startseite\",\"item\":\"https:\/\/www.aliseo.de\/fr\/homepage\/\"},{\"@type\":\"ListItem\",\"position\":2,\"name\":\"Shop\",\"item\":\"https:\/\/www.aliseo.de\/fr\/shop\/\"},{\"@type\":\"ListItem\",\"position\":3,\"name\":\"Londoner Modern Line\"}]},{\"@type\":\"WebSite\",\"@id\":\"https:\/\/www.aliseo.de\/fr\/#website\",\"url\":\"https:\/\/www.aliseo.de\/fr\/\",\"name\":\"ALISEO\",\"description\":\"\",\"publisher\":{\"@id\":\"https:\/\/www.aliseo.de\/fr\/#organization\"},\"potentialAction\":[{\"@type\":\"SearchAction\",\"target\":{\"@type\":\"EntryPoint\",\"urlTemplate\":\"https:\/\/www.aliseo.de\/fr\/?s={search_term_string}\"},\"query-input\":{\"@type\":\"PropertyValueSpecification\",\"valueRequired\":true,\"valueName\":\"search_term_string\"}}],\"inLanguage\":\"fr-FR\"},{\"@type\":\"Organization\",\"@id\":\"https:\/\/www.aliseo.de\/fr\/#organization\",\"name\":\"ALISEO\",\"url\":\"https:\/\/www.aliseo.de\/fr\/\",\"logo\":{\"@type\":\"ImageObject\",\"inLanguage\":\"fr-FR\",\"@id\":\"https:\/\/www.aliseo.de\/fr\/#\/schema\/logo\/image\/\",\"url\":\"https:\/\/www.aliseo.de\/wp-content\/uploads\/2024\/10\/ALI_Logo_schwarz.png\",\"contentUrl\":\"https:\/\/www.aliseo.de\/wp-content\/uploads\/2024\/10\/ALI_Logo_schwarz.png\",\"width\":2551,\"height\":543,\"caption\":\"ALISEO\"},\"image\":{\"@id\":\"https:\/\/www.aliseo.de\/fr\/#\/schema\/logo\/image\/\"},\"sameAs\":[\"https:\/\/www.facebook.com\/aliseogermany\",\"https:\/\/www.youtube.com\/user\/aliseogermany\",\"https:\/\/www.instagram.com\/aliseogermany\/\",\"https:\/\/de.linkedin.com\/company\/aliseogermany\"]}]}<\/script>\n<!-- \/ Yoast SEO plugin. -->","yoast_head_json":{"title":"Londoner Modern Line - ALISEO","robots":{"index":"index","follow":"follow","max-snippet":"max-snippet:-1","max-image-preview":"max-image-preview:large","max-video-preview":"max-video-preview:-1"},"canonical":"https:\/\/www.aliseo.de\/fr\/produit\/londoner-modern-line-distributeur-de-mouchoirs-en-papier-taupe\/","og_locale":"fr_FR","og_type":"article","og_title":"Londoner Modern Line - ALISEO","og_description":"Mat\u00e9riau : cuir synth\u00e9tique Sans coutures d\u00e9coratives Bords arrondis Volet de fond magn\u00e9tique Dimensions int\u00e9rieures pour la bo\u00eete de recharge : 238 x 58 x 122 mm","og_url":"https:\/\/www.aliseo.de\/fr\/produit\/londoner-modern-line-distributeur-de-mouchoirs-en-papier-taupe\/","og_site_name":"ALISEO","article_publisher":"https:\/\/www.facebook.com\/aliseogermany","article_modified_time":"2026-02-06T10:51:30+00:00","og_image":[{"width":900,"height":900,"url":"https:\/\/www.aliseo.de\/wp-content\/uploads\/2026\/01\/Aliseo_londoner_modern-line_tissue-dispenser_190203.png","type":"image\/png"}],"twitter_card":"summary_large_image","twitter_misc":{"Dur\u00e9e de lecture estim\u00e9e":"1 minute"},"schema":{"@context":"https:\/\/schema.org","@graph":[{"@type":"WebPage","@id":"https:\/\/www.aliseo.de\/fr\/produit\/londoner-modern-line-distributeur-de-mouchoirs-en-papier-taupe\/","url":"https:\/\/www.aliseo.de\/fr\/produit\/londoner-modern-line-distributeur-de-mouchoirs-en-papier-taupe\/","name":"Londoner Modern Line - ALISEO","isPartOf":{"@id":"https:\/\/www.aliseo.de\/fr\/#website"},"primaryImageOfPage":{"@id":"https:\/\/www.aliseo.de\/fr\/produit\/londoner-modern-line-distributeur-de-mouchoirs-en-papier-taupe\/#primaryimage"},"image":{"@id":"https:\/\/www.aliseo.de\/fr\/produit\/londoner-modern-line-distributeur-de-mouchoirs-en-papier-taupe\/#primaryimage"},"thumbnailUrl":"https:\/\/www.aliseo.de\/wp-content\/uploads\/2026\/01\/Aliseo_londoner_modern-line_tissue-dispenser_190203.png","datePublished":"2026-02-06T10:19:51+00:00","dateModified":"2026-02-06T10:51:30+00:00","breadcrumb":{"@id":"https:\/\/www.aliseo.de\/fr\/produit\/londoner-modern-line-distributeur-de-mouchoirs-en-papier-taupe\/#breadcrumb"},"inLanguage":"fr-FR","potentialAction":[{"@type":"ReadAction","target":["https:\/\/www.aliseo.de\/fr\/produit\/londoner-modern-line-distributeur-de-mouchoirs-en-papier-taupe\/"]}]},{"@type":"ImageObject","inLanguage":"fr-FR","@id":"https:\/\/www.aliseo.de\/fr\/produit\/londoner-modern-line-distributeur-de-mouchoirs-en-papier-taupe\/#primaryimage","url":"https:\/\/www.aliseo.de\/wp-content\/uploads\/2026\/01\/Aliseo_londoner_modern-line_tissue-dispenser_190203.png","contentUrl":"https:\/\/www.aliseo.de\/wp-content\/uploads\/2026\/01\/Aliseo_londoner_modern-line_tissue-dispenser_190203.png","width":900,"height":900},{"@type":"BreadcrumbList","@id":"https:\/\/www.aliseo.de\/fr\/produit\/londoner-modern-line-distributeur-de-mouchoirs-en-papier-taupe\/#breadcrumb","itemListElement":[{"@type":"ListItem","position":1,"name":"Startseite","item":"https:\/\/www.aliseo.de\/fr\/homepage\/"},{"@type":"ListItem","position":2,"name":"Shop","item":"https:\/\/www.aliseo.de\/fr\/shop\/"},{"@type":"ListItem","position":3,"name":"Londoner Modern Line"}]},{"@type":"WebSite","@id":"https:\/\/www.aliseo.de\/fr\/#website","url":"https:\/\/www.aliseo.de\/fr\/","name":"ALISEO","description":"","publisher":{"@id":"https:\/\/www.aliseo.de\/fr\/#organization"},"potentialAction":[{"@type":"SearchAction","target":{"@type":"EntryPoint","urlTemplate":"https:\/\/www.aliseo.de\/fr\/?s={search_term_string}"},"query-input":{"@type":"PropertyValueSpecification","valueRequired":true,"valueName":"search_term_string"}}],"inLanguage":"fr-FR"},{"@type":"Organization","@id":"https:\/\/www.aliseo.de\/fr\/#organization","name":"ALISEO","url":"https:\/\/www.aliseo.de\/fr\/","logo":{"@type":"ImageObject","inLanguage":"fr-FR","@id":"https:\/\/www.aliseo.de\/fr\/#\/schema\/logo\/image\/","url":"https:\/\/www.aliseo.de\/wp-content\/uploads\/2024\/10\/ALI_Logo_schwarz.png","contentUrl":"https:\/\/www.aliseo.de\/wp-content\/uploads\/2024\/10\/ALI_Logo_schwarz.png","width":2551,"height":543,"caption":"ALISEO"},"image":{"@id":"https:\/\/www.aliseo.de\/fr\/#\/schema\/logo\/image\/"},"sameAs":["https:\/\/www.facebook.com\/aliseogermany","https:\/\/www.youtube.com\/user\/aliseogermany","https:\/\/www.instagram.com\/aliseogermany\/","https:\/\/de.linkedin.com\/company\/aliseogermany"]}]}},"_links":{"self":[{"href":"https:\/\/www.aliseo.de\/fr\/wp-json\/wp\/v2\/product\/36275","targetHints":{"allow":["GET"]}}],"collection":[{"href":"https:\/\/www.aliseo.de\/fr\/wp-json\/wp\/v2\/product"}],"about":[{"href":"https:\/\/www.aliseo.de\/fr\/wp-json\/wp\/v2\/types\/product"}],"replies":[{"embeddable":true,"href":"https:\/\/www.aliseo.de\/fr\/wp-json\/wp\/v2\/comments?post=36275"}],"wp:featuredmedia":[{"embeddable":true,"href":"https:\/\/www.aliseo.de\/fr\/wp-json\/wp\/v2\/media\/34683"}],"wp:attachment":[{"href":"https:\/\/www.aliseo.de\/fr\/wp-json\/wp\/v2\/media?parent=36275"}],"wp:term":[{"taxonomy":"produktgruppe","embeddable":true,"href":"https:\/\/www.aliseo.de\/fr\/wp-json\/wp\/v2\/produktgruppe?post=36275"},{"taxonomy":"product_brand","embeddable":true,"href":"https:\/\/www.aliseo.de\/fr\/wp-json\/wp\/v2\/product_brand?post=36275"},{"taxonomy":"product_cat","embeddable":true,"href":"https:\/\/www.aliseo.de\/fr\/wp-json\/wp\/v2\/product_cat?post=36275"},{"taxonomy":"product_tag","embeddable":true,"href":"https:\/\/www.aliseo.de\/fr\/wp-json\/wp\/v2\/product_tag?post=36275"}],"curies":[{"name":"wp","href":"https:\/\/api.w.org\/{rel}","templated":true}]}}