{"id":35321,"date":"2026-01-28T15:11:00","date_gmt":"2026-01-28T15:11:00","guid":{"rendered":"https:\/\/www.aliseo.de\/produkt\/pearl-pro-seche-serviettes\/"},"modified":"2026-01-28T16:12:36","modified_gmt":"2026-01-28T16:12:36","slug":"pearl-pro-seche-serviettes","status":"publish","type":"product","link":"https:\/\/www.aliseo.de\/fr\/produit\/pearl-pro-seche-serviettes\/","title":{"rendered":"Pearl Pro"},"content":{"rendered":"<ul>\n<li>Connexion directe<\/li>\n<li>Plage de temp\u00e9rature 30-65 \u00b0C<\/li>\n<li>Fonction de minuterie<\/li>\n<li>Diam\u00e8tre du tube 19 mm<\/li>\n<li>Technologie de la fibre de carbone<\/li>\n<li>Vernis transparent anti-traces de doigts<\/li>\n<li>Version \u00e0 droite<\/li>\n<li>R\u00e9gulateur num\u00e9rique<\/li>\n<li>Acier inoxydable 304<\/li>\n<li>classe I<\/li>\n<\/ul>\n","protected":false},"excerpt":{"rendered":"<p>Connexion directe Plage de temp\u00e9rature 30-65 \u00b0C Fonction de minuterie Diam\u00e8tre du tube 19 mm Technologie de la fibre de carbone Vernis transparent anti-traces de doigts Version \u00e0 droite R\u00e9gulateur num\u00e9rique Acier inoxydable 304 classe I<\/p>\n","protected":false},"featured_media":34823,"comment_status":"closed","ping_status":"closed","template":"","meta":{"_acf_changed":false},"produktgruppe":[],"product_brand":[],"product_cat":[2531,2547],"product_tag":[],"class_list":{"0":"post-35321","1":"product","2":"type-product","3":"status-publish","4":"has-post-thumbnail","6":"product_cat-pearl-pro","7":"product_cat-seche-serviettes","8":"pa_ausfuehrung-3-tubes","9":"pa_ausfuehrung-4-tubes","11":"first","12":"instock","13":"featured","14":"shipping-taxable","15":"product-type-variable"},"acf":[],"yoast_head":"<!-- This site is optimized with the Yoast SEO plugin v24.7 - https:\/\/yoast.com\/wordpress\/plugins\/seo\/ -->\n<title>Pearl Pro - ALISEO<\/title>\n<meta name=\"robots\" content=\"index, follow, max-snippet:-1, max-image-preview:large, max-video-preview:-1\" \/>\n<link rel=\"canonical\" href=\"https:\/\/www.aliseo.de\/fr\/produit\/pearl-pro-seche-serviettes\/\" \/>\n<meta property=\"og:locale\" content=\"fr_FR\" \/>\n<meta property=\"og:type\" content=\"article\" \/>\n<meta property=\"og:title\" content=\"Pearl Pro - ALISEO\" \/>\n<meta property=\"og:description\" content=\"Connexion directe Plage de temp\u00e9rature 30-65 \u00b0C Fonction de minuterie Diam\u00e8tre du tube 19 mm Technologie de la fibre de carbone Vernis transparent anti-traces de doigts Version \u00e0 droite R\u00e9gulateur num\u00e9rique Acier inoxydable 304 classe I\" \/>\n<meta property=\"og:url\" content=\"https:\/\/www.aliseo.de\/fr\/produit\/pearl-pro-seche-serviettes\/\" \/>\n<meta property=\"og:site_name\" content=\"ALISEO\" \/>\n<meta property=\"article:publisher\" content=\"https:\/\/www.facebook.com\/aliseogermany\" \/>\n<meta property=\"article:modified_time\" content=\"2026-01-28T16:12:36+00:00\" \/>\n<meta property=\"og:image\" content=\"https:\/\/www.aliseo.de\/wp-content\/uploads\/2026\/01\/Aliseo_towel-heater_black-pearl-pro_3-pipes_992364.png\" \/>\n\t<meta property=\"og:image:width\" content=\"900\" \/>\n\t<meta property=\"og:image:height\" content=\"900\" \/>\n\t<meta property=\"og:image:type\" content=\"image\/png\" \/>\n<meta name=\"twitter:card\" content=\"summary_large_image\" \/>\n<meta name=\"twitter:label1\" content=\"Dur\u00e9e de lecture estim\u00e9e\" \/>\n\t<meta name=\"twitter:data1\" content=\"1 minute\" \/>\n<script type=\"application\/ld+json\" class=\"yoast-schema-graph\">{\"@context\":\"https:\/\/schema.org\",\"@graph\":[{\"@type\":\"WebPage\",\"@id\":\"https:\/\/www.aliseo.de\/fr\/produit\/pearl-pro-seche-serviettes\/\",\"url\":\"https:\/\/www.aliseo.de\/fr\/produit\/pearl-pro-seche-serviettes\/\",\"name\":\"Pearl Pro - ALISEO\",\"isPartOf\":{\"@id\":\"https:\/\/www.aliseo.de\/fr\/#website\"},\"primaryImageOfPage\":{\"@id\":\"https:\/\/www.aliseo.de\/fr\/produit\/pearl-pro-seche-serviettes\/#primaryimage\"},\"image\":{\"@id\":\"https:\/\/www.aliseo.de\/fr\/produit\/pearl-pro-seche-serviettes\/#primaryimage\"},\"thumbnailUrl\":\"https:\/\/www.aliseo.de\/wp-content\/uploads\/2026\/01\/Aliseo_towel-heater_black-pearl-pro_3-pipes_992364.png\",\"datePublished\":\"2026-01-28T15:11:00+00:00\",\"dateModified\":\"2026-01-28T16:12:36+00:00\",\"breadcrumb\":{\"@id\":\"https:\/\/www.aliseo.de\/fr\/produit\/pearl-pro-seche-serviettes\/#breadcrumb\"},\"inLanguage\":\"fr-FR\",\"potentialAction\":[{\"@type\":\"ReadAction\",\"target\":[\"https:\/\/www.aliseo.de\/fr\/produit\/pearl-pro-seche-serviettes\/\"]}]},{\"@type\":\"ImageObject\",\"inLanguage\":\"fr-FR\",\"@id\":\"https:\/\/www.aliseo.de\/fr\/produit\/pearl-pro-seche-serviettes\/#primaryimage\",\"url\":\"https:\/\/www.aliseo.de\/wp-content\/uploads\/2026\/01\/Aliseo_towel-heater_black-pearl-pro_3-pipes_992364.png\",\"contentUrl\":\"https:\/\/www.aliseo.de\/wp-content\/uploads\/2026\/01\/Aliseo_towel-heater_black-pearl-pro_3-pipes_992364.png\",\"width\":900,\"height\":900},{\"@type\":\"BreadcrumbList\",\"@id\":\"https:\/\/www.aliseo.de\/fr\/produit\/pearl-pro-seche-serviettes\/#breadcrumb\",\"itemListElement\":[{\"@type\":\"ListItem\",\"position\":1,\"name\":\"Startseite\",\"item\":\"https:\/\/www.aliseo.de\/fr\/homepage\/\"},{\"@type\":\"ListItem\",\"position\":2,\"name\":\"Shop\",\"item\":\"https:\/\/www.aliseo.de\/fr\/shop\/\"},{\"@type\":\"ListItem\",\"position\":3,\"name\":\"Pearl Pro\"}]},{\"@type\":\"WebSite\",\"@id\":\"https:\/\/www.aliseo.de\/fr\/#website\",\"url\":\"https:\/\/www.aliseo.de\/fr\/\",\"name\":\"ALISEO\",\"description\":\"\",\"publisher\":{\"@id\":\"https:\/\/www.aliseo.de\/fr\/#organization\"},\"potentialAction\":[{\"@type\":\"SearchAction\",\"target\":{\"@type\":\"EntryPoint\",\"urlTemplate\":\"https:\/\/www.aliseo.de\/fr\/?s={search_term_string}\"},\"query-input\":{\"@type\":\"PropertyValueSpecification\",\"valueRequired\":true,\"valueName\":\"search_term_string\"}}],\"inLanguage\":\"fr-FR\"},{\"@type\":\"Organization\",\"@id\":\"https:\/\/www.aliseo.de\/fr\/#organization\",\"name\":\"ALISEO\",\"url\":\"https:\/\/www.aliseo.de\/fr\/\",\"logo\":{\"@type\":\"ImageObject\",\"inLanguage\":\"fr-FR\",\"@id\":\"https:\/\/www.aliseo.de\/fr\/#\/schema\/logo\/image\/\",\"url\":\"https:\/\/www.aliseo.de\/wp-content\/uploads\/2024\/10\/ALI_Logo_schwarz.png\",\"contentUrl\":\"https:\/\/www.aliseo.de\/wp-content\/uploads\/2024\/10\/ALI_Logo_schwarz.png\",\"width\":2551,\"height\":543,\"caption\":\"ALISEO\"},\"image\":{\"@id\":\"https:\/\/www.aliseo.de\/fr\/#\/schema\/logo\/image\/\"},\"sameAs\":[\"https:\/\/www.facebook.com\/aliseogermany\",\"https:\/\/www.youtube.com\/user\/aliseogermany\",\"https:\/\/www.instagram.com\/aliseogermany\/\",\"https:\/\/de.linkedin.com\/company\/aliseogermany\"]}]}<\/script>\n<!-- \/ Yoast SEO plugin. -->","yoast_head_json":{"title":"Pearl Pro - ALISEO","robots":{"index":"index","follow":"follow","max-snippet":"max-snippet:-1","max-image-preview":"max-image-preview:large","max-video-preview":"max-video-preview:-1"},"canonical":"https:\/\/www.aliseo.de\/fr\/produit\/pearl-pro-seche-serviettes\/","og_locale":"fr_FR","og_type":"article","og_title":"Pearl Pro - ALISEO","og_description":"Connexion directe Plage de temp\u00e9rature 30-65 \u00b0C Fonction de minuterie Diam\u00e8tre du tube 19 mm Technologie de la fibre de carbone Vernis transparent anti-traces de doigts Version \u00e0 droite R\u00e9gulateur num\u00e9rique Acier inoxydable 304 classe I","og_url":"https:\/\/www.aliseo.de\/fr\/produit\/pearl-pro-seche-serviettes\/","og_site_name":"ALISEO","article_publisher":"https:\/\/www.facebook.com\/aliseogermany","article_modified_time":"2026-01-28T16:12:36+00:00","og_image":[{"width":900,"height":900,"url":"https:\/\/www.aliseo.de\/wp-content\/uploads\/2026\/01\/Aliseo_towel-heater_black-pearl-pro_3-pipes_992364.png","type":"image\/png"}],"twitter_card":"summary_large_image","twitter_misc":{"Dur\u00e9e de lecture estim\u00e9e":"1 minute"},"schema":{"@context":"https:\/\/schema.org","@graph":[{"@type":"WebPage","@id":"https:\/\/www.aliseo.de\/fr\/produit\/pearl-pro-seche-serviettes\/","url":"https:\/\/www.aliseo.de\/fr\/produit\/pearl-pro-seche-serviettes\/","name":"Pearl Pro - ALISEO","isPartOf":{"@id":"https:\/\/www.aliseo.de\/fr\/#website"},"primaryImageOfPage":{"@id":"https:\/\/www.aliseo.de\/fr\/produit\/pearl-pro-seche-serviettes\/#primaryimage"},"image":{"@id":"https:\/\/www.aliseo.de\/fr\/produit\/pearl-pro-seche-serviettes\/#primaryimage"},"thumbnailUrl":"https:\/\/www.aliseo.de\/wp-content\/uploads\/2026\/01\/Aliseo_towel-heater_black-pearl-pro_3-pipes_992364.png","datePublished":"2026-01-28T15:11:00+00:00","dateModified":"2026-01-28T16:12:36+00:00","breadcrumb":{"@id":"https:\/\/www.aliseo.de\/fr\/produit\/pearl-pro-seche-serviettes\/#breadcrumb"},"inLanguage":"fr-FR","potentialAction":[{"@type":"ReadAction","target":["https:\/\/www.aliseo.de\/fr\/produit\/pearl-pro-seche-serviettes\/"]}]},{"@type":"ImageObject","inLanguage":"fr-FR","@id":"https:\/\/www.aliseo.de\/fr\/produit\/pearl-pro-seche-serviettes\/#primaryimage","url":"https:\/\/www.aliseo.de\/wp-content\/uploads\/2026\/01\/Aliseo_towel-heater_black-pearl-pro_3-pipes_992364.png","contentUrl":"https:\/\/www.aliseo.de\/wp-content\/uploads\/2026\/01\/Aliseo_towel-heater_black-pearl-pro_3-pipes_992364.png","width":900,"height":900},{"@type":"BreadcrumbList","@id":"https:\/\/www.aliseo.de\/fr\/produit\/pearl-pro-seche-serviettes\/#breadcrumb","itemListElement":[{"@type":"ListItem","position":1,"name":"Startseite","item":"https:\/\/www.aliseo.de\/fr\/homepage\/"},{"@type":"ListItem","position":2,"name":"Shop","item":"https:\/\/www.aliseo.de\/fr\/shop\/"},{"@type":"ListItem","position":3,"name":"Pearl Pro"}]},{"@type":"WebSite","@id":"https:\/\/www.aliseo.de\/fr\/#website","url":"https:\/\/www.aliseo.de\/fr\/","name":"ALISEO","description":"","publisher":{"@id":"https:\/\/www.aliseo.de\/fr\/#organization"},"potentialAction":[{"@type":"SearchAction","target":{"@type":"EntryPoint","urlTemplate":"https:\/\/www.aliseo.de\/fr\/?s={search_term_string}"},"query-input":{"@type":"PropertyValueSpecification","valueRequired":true,"valueName":"search_term_string"}}],"inLanguage":"fr-FR"},{"@type":"Organization","@id":"https:\/\/www.aliseo.de\/fr\/#organization","name":"ALISEO","url":"https:\/\/www.aliseo.de\/fr\/","logo":{"@type":"ImageObject","inLanguage":"fr-FR","@id":"https:\/\/www.aliseo.de\/fr\/#\/schema\/logo\/image\/","url":"https:\/\/www.aliseo.de\/wp-content\/uploads\/2024\/10\/ALI_Logo_schwarz.png","contentUrl":"https:\/\/www.aliseo.de\/wp-content\/uploads\/2024\/10\/ALI_Logo_schwarz.png","width":2551,"height":543,"caption":"ALISEO"},"image":{"@id":"https:\/\/www.aliseo.de\/fr\/#\/schema\/logo\/image\/"},"sameAs":["https:\/\/www.facebook.com\/aliseogermany","https:\/\/www.youtube.com\/user\/aliseogermany","https:\/\/www.instagram.com\/aliseogermany\/","https:\/\/de.linkedin.com\/company\/aliseogermany"]}]}},"_links":{"self":[{"href":"https:\/\/www.aliseo.de\/fr\/wp-json\/wp\/v2\/product\/35321","targetHints":{"allow":["GET"]}}],"collection":[{"href":"https:\/\/www.aliseo.de\/fr\/wp-json\/wp\/v2\/product"}],"about":[{"href":"https:\/\/www.aliseo.de\/fr\/wp-json\/wp\/v2\/types\/product"}],"replies":[{"embeddable":true,"href":"https:\/\/www.aliseo.de\/fr\/wp-json\/wp\/v2\/comments?post=35321"}],"wp:featuredmedia":[{"embeddable":true,"href":"https:\/\/www.aliseo.de\/fr\/wp-json\/wp\/v2\/media\/34823"}],"wp:attachment":[{"href":"https:\/\/www.aliseo.de\/fr\/wp-json\/wp\/v2\/media?parent=35321"}],"wp:term":[{"taxonomy":"produktgruppe","embeddable":true,"href":"https:\/\/www.aliseo.de\/fr\/wp-json\/wp\/v2\/produktgruppe?post=35321"},{"taxonomy":"product_brand","embeddable":true,"href":"https:\/\/www.aliseo.de\/fr\/wp-json\/wp\/v2\/product_brand?post=35321"},{"taxonomy":"product_cat","embeddable":true,"href":"https:\/\/www.aliseo.de\/fr\/wp-json\/wp\/v2\/product_cat?post=35321"},{"taxonomy":"product_tag","embeddable":true,"href":"https:\/\/www.aliseo.de\/fr\/wp-json\/wp\/v2\/product_tag?post=35321"}],"curies":[{"name":"wp","href":"https:\/\/api.w.org\/{rel}","templated":true}]}}