{"id":35241,"date":"2026-01-26T15:18:14","date_gmt":"2026-01-26T15:18:14","guid":{"rendered":"https:\/\/www.aliseo.de\/produkt\/aurea-sleek-and-curl-lisseur-de-cheveux\/"},"modified":"2026-04-15T10:24:30","modified_gmt":"2026-04-15T10:24:30","slug":"aurea-sleek-and-curl-lisseur-de-cheveux","status":"publish","type":"product","link":"https:\/\/www.aliseo.de\/fr\/produit\/aurea-sleek-and-curl-lisseur-de-cheveux\/","title":{"rendered":"Aurea Sleek &amp; Curl"},"content":{"rendered":"<ul>\n<li>Interrupteur marche\/arr\u00eat<\/li>\n<li>Protection contre la surchauffe int\u00e9gr\u00e9e<\/li>\n<li>\u00c9l\u00e9ment chauffant PTC et technologie des ions<\/li>\n<li>Technologie Floating-Plate :<br \/>\nPlaques mobiles pour une glisse facile et parfaite<\/li>\n<li>Contr\u00f4le num\u00e9rique de la temp\u00e9rature par LED : 150-230 \u00b0C<\/li>\n<li>Avec poign\u00e9e verrouillable<\/li>\n<li>C\u00e2ble pivotant \u00e0 360 \u00b0 avec boucle de suspension et serre-c\u00e2ble Velcro<\/li>\n<li>Plaques \u00e0 rev\u00eatement c\u00e9ramique<\/li>\n<li>Fonction d&#8217;arr\u00eat automatique apr\u00e8s 15 minutes<\/li>\n<li>Sac de rangement inclus<\/li>\n<li>Double isolation (classe II)<\/li>\n<li>110-240 V, 50\/60 Hz<\/li>\n<li>52 W<\/li>\n<\/ul>\n","protected":false},"excerpt":{"rendered":"<p>Interrupteur marche\/arr\u00eat Protection contre la surchauffe int\u00e9gr\u00e9e \u00c9l\u00e9ment chauffant PTC et technologie des ions Technologie Floating-Plate : Plaques mobiles pour une glisse facile et parfaite Contr\u00f4le num\u00e9rique de la temp\u00e9rature par LED : 150-230 \u00b0C Avec poign\u00e9e verrouillable C\u00e2ble pivotant \u00e0 360 \u00b0 avec boucle de suspension et serre-c\u00e2ble Velcro Plaques \u00e0 rev\u00eatement c\u00e9ramique Fonction [&hellip;]<\/p>\n","protected":false},"featured_media":34668,"comment_status":"closed","ping_status":"closed","template":"","meta":{"_acf_changed":false},"produktgruppe":[2509],"product_brand":[],"product_cat":[2511,2284],"product_tag":[],"class_list":{"0":"post-35241","1":"product","2":"type-product","3":"status-publish","4":"has-post-thumbnail","6":"produktgruppe-aurea_1","7":"product_cat-aurea-fr","8":"product_cat-seche-cheveux-pour-hotel","10":"first","11":"instock","12":"featured","13":"shipping-taxable","14":"product-type-simple"},"acf":[],"yoast_head":"<!-- This site is optimized with the Yoast SEO plugin v24.7 - https:\/\/yoast.com\/wordpress\/plugins\/seo\/ -->\n<title>Aurea Sleek &amp; Curl - ALISEO<\/title>\n<meta name=\"robots\" content=\"index, follow, max-snippet:-1, max-image-preview:large, max-video-preview:-1\" \/>\n<link rel=\"canonical\" href=\"https:\/\/www.aliseo.de\/fr\/produit\/aurea-sleek-and-curl-lisseur-de-cheveux\/\" \/>\n<meta property=\"og:locale\" content=\"fr_FR\" \/>\n<meta property=\"og:type\" content=\"article\" \/>\n<meta property=\"og:title\" content=\"Aurea Sleek &amp; Curl - ALISEO\" \/>\n<meta property=\"og:description\" content=\"Interrupteur marche\/arr\u00eat Protection contre la surchauffe int\u00e9gr\u00e9e \u00c9l\u00e9ment chauffant PTC et technologie des ions Technologie Floating-Plate : Plaques mobiles pour une glisse facile et parfaite Contr\u00f4le num\u00e9rique de la temp\u00e9rature par LED : 150-230 \u00b0C Avec poign\u00e9e verrouillable C\u00e2ble pivotant \u00e0 360 \u00b0 avec boucle de suspension et serre-c\u00e2ble Velcro Plaques \u00e0 rev\u00eatement c\u00e9ramique Fonction [&hellip;]\" \/>\n<meta property=\"og:url\" content=\"https:\/\/www.aliseo.de\/fr\/produit\/aurea-sleek-and-curl-lisseur-de-cheveux\/\" \/>\n<meta property=\"og:site_name\" content=\"ALISEO\" \/>\n<meta property=\"article:publisher\" content=\"https:\/\/www.facebook.com\/aliseogermany\" \/>\n<meta property=\"article:modified_time\" content=\"2026-04-15T10:24:30+00:00\" \/>\n<meta property=\"og:image\" content=\"https:\/\/www.aliseo.de\/wp-content\/uploads\/2026\/01\/Aliseo_hair-straightener_Aurea-sleek-curl_010649_2.png\" \/>\n\t<meta property=\"og:image:width\" content=\"900\" \/>\n\t<meta property=\"og:image:height\" content=\"900\" \/>\n\t<meta property=\"og:image:type\" content=\"image\/png\" \/>\n<meta name=\"twitter:card\" content=\"summary_large_image\" \/>\n<meta name=\"twitter:label1\" content=\"Dur\u00e9e de lecture estim\u00e9e\" \/>\n\t<meta name=\"twitter:data1\" content=\"1 minute\" \/>\n<script type=\"application\/ld+json\" class=\"yoast-schema-graph\">{\"@context\":\"https:\/\/schema.org\",\"@graph\":[{\"@type\":\"WebPage\",\"@id\":\"https:\/\/www.aliseo.de\/fr\/produit\/aurea-sleek-and-curl-lisseur-de-cheveux\/\",\"url\":\"https:\/\/www.aliseo.de\/fr\/produit\/aurea-sleek-and-curl-lisseur-de-cheveux\/\",\"name\":\"Aurea Sleek &amp; Curl - ALISEO\",\"isPartOf\":{\"@id\":\"https:\/\/www.aliseo.de\/fr\/#website\"},\"primaryImageOfPage\":{\"@id\":\"https:\/\/www.aliseo.de\/fr\/produit\/aurea-sleek-and-curl-lisseur-de-cheveux\/#primaryimage\"},\"image\":{\"@id\":\"https:\/\/www.aliseo.de\/fr\/produit\/aurea-sleek-and-curl-lisseur-de-cheveux\/#primaryimage\"},\"thumbnailUrl\":\"https:\/\/www.aliseo.de\/wp-content\/uploads\/2026\/01\/Aliseo_hair-straightener_Aurea-sleek-curl_010649_2.png\",\"datePublished\":\"2026-01-26T15:18:14+00:00\",\"dateModified\":\"2026-04-15T10:24:30+00:00\",\"breadcrumb\":{\"@id\":\"https:\/\/www.aliseo.de\/fr\/produit\/aurea-sleek-and-curl-lisseur-de-cheveux\/#breadcrumb\"},\"inLanguage\":\"fr-FR\",\"potentialAction\":[{\"@type\":\"ReadAction\",\"target\":[\"https:\/\/www.aliseo.de\/fr\/produit\/aurea-sleek-and-curl-lisseur-de-cheveux\/\"]}]},{\"@type\":\"ImageObject\",\"inLanguage\":\"fr-FR\",\"@id\":\"https:\/\/www.aliseo.de\/fr\/produit\/aurea-sleek-and-curl-lisseur-de-cheveux\/#primaryimage\",\"url\":\"https:\/\/www.aliseo.de\/wp-content\/uploads\/2026\/01\/Aliseo_hair-straightener_Aurea-sleek-curl_010649_2.png\",\"contentUrl\":\"https:\/\/www.aliseo.de\/wp-content\/uploads\/2026\/01\/Aliseo_hair-straightener_Aurea-sleek-curl_010649_2.png\",\"width\":900,\"height\":900},{\"@type\":\"BreadcrumbList\",\"@id\":\"https:\/\/www.aliseo.de\/fr\/produit\/aurea-sleek-and-curl-lisseur-de-cheveux\/#breadcrumb\",\"itemListElement\":[{\"@type\":\"ListItem\",\"position\":1,\"name\":\"Startseite\",\"item\":\"https:\/\/www.aliseo.de\/fr\/homepage\/\"},{\"@type\":\"ListItem\",\"position\":2,\"name\":\"Shop\",\"item\":\"https:\/\/www.aliseo.de\/fr\/shop\/\"},{\"@type\":\"ListItem\",\"position\":3,\"name\":\"Aurea Sleek &amp; Curl\"}]},{\"@type\":\"WebSite\",\"@id\":\"https:\/\/www.aliseo.de\/fr\/#website\",\"url\":\"https:\/\/www.aliseo.de\/fr\/\",\"name\":\"ALISEO\",\"description\":\"\",\"publisher\":{\"@id\":\"https:\/\/www.aliseo.de\/fr\/#organization\"},\"potentialAction\":[{\"@type\":\"SearchAction\",\"target\":{\"@type\":\"EntryPoint\",\"urlTemplate\":\"https:\/\/www.aliseo.de\/fr\/?s={search_term_string}\"},\"query-input\":{\"@type\":\"PropertyValueSpecification\",\"valueRequired\":true,\"valueName\":\"search_term_string\"}}],\"inLanguage\":\"fr-FR\"},{\"@type\":\"Organization\",\"@id\":\"https:\/\/www.aliseo.de\/fr\/#organization\",\"name\":\"ALISEO\",\"url\":\"https:\/\/www.aliseo.de\/fr\/\",\"logo\":{\"@type\":\"ImageObject\",\"inLanguage\":\"fr-FR\",\"@id\":\"https:\/\/www.aliseo.de\/fr\/#\/schema\/logo\/image\/\",\"url\":\"https:\/\/www.aliseo.de\/wp-content\/uploads\/2024\/10\/ALI_Logo_schwarz.png\",\"contentUrl\":\"https:\/\/www.aliseo.de\/wp-content\/uploads\/2024\/10\/ALI_Logo_schwarz.png\",\"width\":2551,\"height\":543,\"caption\":\"ALISEO\"},\"image\":{\"@id\":\"https:\/\/www.aliseo.de\/fr\/#\/schema\/logo\/image\/\"},\"sameAs\":[\"https:\/\/www.facebook.com\/aliseogermany\",\"https:\/\/www.youtube.com\/user\/aliseogermany\",\"https:\/\/www.instagram.com\/aliseogermany\/\",\"https:\/\/de.linkedin.com\/company\/aliseogermany\"]}]}<\/script>\n<!-- \/ Yoast SEO plugin. -->","yoast_head_json":{"title":"Aurea Sleek &amp; Curl - ALISEO","robots":{"index":"index","follow":"follow","max-snippet":"max-snippet:-1","max-image-preview":"max-image-preview:large","max-video-preview":"max-video-preview:-1"},"canonical":"https:\/\/www.aliseo.de\/fr\/produit\/aurea-sleek-and-curl-lisseur-de-cheveux\/","og_locale":"fr_FR","og_type":"article","og_title":"Aurea Sleek &amp; Curl - ALISEO","og_description":"Interrupteur marche\/arr\u00eat Protection contre la surchauffe int\u00e9gr\u00e9e \u00c9l\u00e9ment chauffant PTC et technologie des ions Technologie Floating-Plate : Plaques mobiles pour une glisse facile et parfaite Contr\u00f4le num\u00e9rique de la temp\u00e9rature par LED : 150-230 \u00b0C Avec poign\u00e9e verrouillable C\u00e2ble pivotant \u00e0 360 \u00b0 avec boucle de suspension et serre-c\u00e2ble Velcro Plaques \u00e0 rev\u00eatement c\u00e9ramique Fonction [&hellip;]","og_url":"https:\/\/www.aliseo.de\/fr\/produit\/aurea-sleek-and-curl-lisseur-de-cheveux\/","og_site_name":"ALISEO","article_publisher":"https:\/\/www.facebook.com\/aliseogermany","article_modified_time":"2026-04-15T10:24:30+00:00","og_image":[{"width":900,"height":900,"url":"https:\/\/www.aliseo.de\/wp-content\/uploads\/2026\/01\/Aliseo_hair-straightener_Aurea-sleek-curl_010649_2.png","type":"image\/png"}],"twitter_card":"summary_large_image","twitter_misc":{"Dur\u00e9e de lecture estim\u00e9e":"1 minute"},"schema":{"@context":"https:\/\/schema.org","@graph":[{"@type":"WebPage","@id":"https:\/\/www.aliseo.de\/fr\/produit\/aurea-sleek-and-curl-lisseur-de-cheveux\/","url":"https:\/\/www.aliseo.de\/fr\/produit\/aurea-sleek-and-curl-lisseur-de-cheveux\/","name":"Aurea Sleek &amp; Curl - ALISEO","isPartOf":{"@id":"https:\/\/www.aliseo.de\/fr\/#website"},"primaryImageOfPage":{"@id":"https:\/\/www.aliseo.de\/fr\/produit\/aurea-sleek-and-curl-lisseur-de-cheveux\/#primaryimage"},"image":{"@id":"https:\/\/www.aliseo.de\/fr\/produit\/aurea-sleek-and-curl-lisseur-de-cheveux\/#primaryimage"},"thumbnailUrl":"https:\/\/www.aliseo.de\/wp-content\/uploads\/2026\/01\/Aliseo_hair-straightener_Aurea-sleek-curl_010649_2.png","datePublished":"2026-01-26T15:18:14+00:00","dateModified":"2026-04-15T10:24:30+00:00","breadcrumb":{"@id":"https:\/\/www.aliseo.de\/fr\/produit\/aurea-sleek-and-curl-lisseur-de-cheveux\/#breadcrumb"},"inLanguage":"fr-FR","potentialAction":[{"@type":"ReadAction","target":["https:\/\/www.aliseo.de\/fr\/produit\/aurea-sleek-and-curl-lisseur-de-cheveux\/"]}]},{"@type":"ImageObject","inLanguage":"fr-FR","@id":"https:\/\/www.aliseo.de\/fr\/produit\/aurea-sleek-and-curl-lisseur-de-cheveux\/#primaryimage","url":"https:\/\/www.aliseo.de\/wp-content\/uploads\/2026\/01\/Aliseo_hair-straightener_Aurea-sleek-curl_010649_2.png","contentUrl":"https:\/\/www.aliseo.de\/wp-content\/uploads\/2026\/01\/Aliseo_hair-straightener_Aurea-sleek-curl_010649_2.png","width":900,"height":900},{"@type":"BreadcrumbList","@id":"https:\/\/www.aliseo.de\/fr\/produit\/aurea-sleek-and-curl-lisseur-de-cheveux\/#breadcrumb","itemListElement":[{"@type":"ListItem","position":1,"name":"Startseite","item":"https:\/\/www.aliseo.de\/fr\/homepage\/"},{"@type":"ListItem","position":2,"name":"Shop","item":"https:\/\/www.aliseo.de\/fr\/shop\/"},{"@type":"ListItem","position":3,"name":"Aurea Sleek &amp; Curl"}]},{"@type":"WebSite","@id":"https:\/\/www.aliseo.de\/fr\/#website","url":"https:\/\/www.aliseo.de\/fr\/","name":"ALISEO","description":"","publisher":{"@id":"https:\/\/www.aliseo.de\/fr\/#organization"},"potentialAction":[{"@type":"SearchAction","target":{"@type":"EntryPoint","urlTemplate":"https:\/\/www.aliseo.de\/fr\/?s={search_term_string}"},"query-input":{"@type":"PropertyValueSpecification","valueRequired":true,"valueName":"search_term_string"}}],"inLanguage":"fr-FR"},{"@type":"Organization","@id":"https:\/\/www.aliseo.de\/fr\/#organization","name":"ALISEO","url":"https:\/\/www.aliseo.de\/fr\/","logo":{"@type":"ImageObject","inLanguage":"fr-FR","@id":"https:\/\/www.aliseo.de\/fr\/#\/schema\/logo\/image\/","url":"https:\/\/www.aliseo.de\/wp-content\/uploads\/2024\/10\/ALI_Logo_schwarz.png","contentUrl":"https:\/\/www.aliseo.de\/wp-content\/uploads\/2024\/10\/ALI_Logo_schwarz.png","width":2551,"height":543,"caption":"ALISEO"},"image":{"@id":"https:\/\/www.aliseo.de\/fr\/#\/schema\/logo\/image\/"},"sameAs":["https:\/\/www.facebook.com\/aliseogermany","https:\/\/www.youtube.com\/user\/aliseogermany","https:\/\/www.instagram.com\/aliseogermany\/","https:\/\/de.linkedin.com\/company\/aliseogermany"]}]}},"_links":{"self":[{"href":"https:\/\/www.aliseo.de\/fr\/wp-json\/wp\/v2\/product\/35241","targetHints":{"allow":["GET"]}}],"collection":[{"href":"https:\/\/www.aliseo.de\/fr\/wp-json\/wp\/v2\/product"}],"about":[{"href":"https:\/\/www.aliseo.de\/fr\/wp-json\/wp\/v2\/types\/product"}],"replies":[{"embeddable":true,"href":"https:\/\/www.aliseo.de\/fr\/wp-json\/wp\/v2\/comments?post=35241"}],"wp:featuredmedia":[{"embeddable":true,"href":"https:\/\/www.aliseo.de\/fr\/wp-json\/wp\/v2\/media\/34668"}],"wp:attachment":[{"href":"https:\/\/www.aliseo.de\/fr\/wp-json\/wp\/v2\/media?parent=35241"}],"wp:term":[{"taxonomy":"produktgruppe","embeddable":true,"href":"https:\/\/www.aliseo.de\/fr\/wp-json\/wp\/v2\/produktgruppe?post=35241"},{"taxonomy":"product_brand","embeddable":true,"href":"https:\/\/www.aliseo.de\/fr\/wp-json\/wp\/v2\/product_brand?post=35241"},{"taxonomy":"product_cat","embeddable":true,"href":"https:\/\/www.aliseo.de\/fr\/wp-json\/wp\/v2\/product_cat?post=35241"},{"taxonomy":"product_tag","embeddable":true,"href":"https:\/\/www.aliseo.de\/fr\/wp-json\/wp\/v2\/product_tag?post=35241"}],"curies":[{"name":"wp","href":"https:\/\/api.w.org\/{rel}","templated":true}]}}