{"id":35132,"date":"2026-01-22T14:37:01","date_gmt":"2026-01-22T14:37:01","guid":{"rendered":"https:\/\/www.aliseo.de\/produkt\/mira-miroirs-cosmetiques-non-lumineux-bras-simple-chrome\/"},"modified":"2026-01-23T12:36:36","modified_gmt":"2026-01-23T12:36:36","slug":"mira-miroirs-cosmetiques-non-lumineux-bras-simple-chrome","status":"publish","type":"product","link":"https:\/\/www.aliseo.de\/fr\/produit\/mira-miroirs-cosmetiques-non-lumineux-bras-simple-chrome\/","title":{"rendered":"Mira"},"content":{"rendered":"<p>Le miroir MIRA montre \u00e0 quel point la simplicit\u00e9 pure peut \u00eatre belle. Sans illumination, il se concentre sur l&#8217;essentiel et d\u00e9gage ainsi une \u00e9l\u00e9gance calme et intemporelle. Le bras moul\u00e9 conf\u00e8re au design une ligne harmonieuse et douce tout en assurant une utilisation agr\u00e9able.  <\/p>\n<ul>\n<li>Sur le site bras simple<\/li>\n<li>grossissement 5x<\/li>\n<li>ajustement complet du pivot<\/li>\n<li>Unit\u00e9 de montage cach\u00e9e<\/li>\n<\/ul>\n","protected":false},"excerpt":{"rendered":"<p>Le miroir MIRA montre \u00e0 quel point la simplicit\u00e9 pure peut \u00eatre belle. Sans illumination, il se concentre sur l&#8217;essentiel et d\u00e9gage ainsi une \u00e9l\u00e9gance calme et intemporelle. Le bras moul\u00e9 conf\u00e8re au design une ligne harmonieuse et douce tout en assurant une utilisation agr\u00e9able. Sur le site bras simple grossissement 5x ajustement complet du [&hellip;]<\/p>\n","protected":false},"featured_media":34638,"comment_status":"closed","ping_status":"closed","template":"","meta":{"_acf_changed":false},"produktgruppe":[2502],"product_brand":[],"product_cat":[2499,2296,2285],"product_tag":[],"class_list":{"0":"post-35132","1":"product","2":"type-product","3":"status-publish","4":"has-post-thumbnail","6":"produktgruppe-mira_1","7":"product_cat-mira-fr","8":"product_cat-nu-finishes","9":"product_cat-miroir-cosmetique-non-lumineux","10":"pa_ausfuehrung-bras-simple","12":"first","13":"instock","14":"featured","15":"shipping-taxable","16":"product-type-simple"},"acf":[],"yoast_head":"<!-- This site is optimized with the Yoast SEO plugin v24.7 - https:\/\/yoast.com\/wordpress\/plugins\/seo\/ -->\n<title>Mira - ALISEO<\/title>\n<meta name=\"robots\" content=\"index, follow, max-snippet:-1, max-image-preview:large, max-video-preview:-1\" \/>\n<link rel=\"canonical\" href=\"https:\/\/www.aliseo.de\/fr\/produit\/mira-miroirs-cosmetiques-non-lumineux-bras-simple-chrome\/\" \/>\n<meta property=\"og:locale\" content=\"fr_FR\" \/>\n<meta property=\"og:type\" content=\"article\" \/>\n<meta property=\"og:title\" content=\"Mira - ALISEO\" \/>\n<meta property=\"og:description\" content=\"Le miroir MIRA montre \u00e0 quel point la simplicit\u00e9 pure peut \u00eatre belle. Sans illumination, il se concentre sur l&#8217;essentiel et d\u00e9gage ainsi une \u00e9l\u00e9gance calme et intemporelle. Le bras moul\u00e9 conf\u00e8re au design une ligne harmonieuse et douce tout en assurant une utilisation agr\u00e9able. Sur le site bras simple grossissement 5x ajustement complet du [&hellip;]\" \/>\n<meta property=\"og:url\" content=\"https:\/\/www.aliseo.de\/fr\/produit\/mira-miroirs-cosmetiques-non-lumineux-bras-simple-chrome\/\" \/>\n<meta property=\"og:site_name\" content=\"ALISEO\" \/>\n<meta property=\"article:publisher\" content=\"https:\/\/www.facebook.com\/aliseogermany\" \/>\n<meta property=\"article:modified_time\" content=\"2026-01-23T12:36:36+00:00\" \/>\n<meta property=\"og:image\" content=\"https:\/\/www.aliseo.de\/wp-content\/uploads\/2026\/01\/Aliseo_cosmetic-mirror_Mira_single-arm_020867.png\" \/>\n\t<meta property=\"og:image:width\" content=\"900\" \/>\n\t<meta property=\"og:image:height\" content=\"900\" \/>\n\t<meta property=\"og:image:type\" content=\"image\/png\" \/>\n<meta name=\"twitter:card\" content=\"summary_large_image\" \/>\n<meta name=\"twitter:label1\" content=\"Dur\u00e9e de lecture estim\u00e9e\" \/>\n\t<meta name=\"twitter:data1\" content=\"1 minute\" \/>\n<script type=\"application\/ld+json\" class=\"yoast-schema-graph\">{\"@context\":\"https:\/\/schema.org\",\"@graph\":[{\"@type\":\"WebPage\",\"@id\":\"https:\/\/www.aliseo.de\/fr\/produit\/mira-miroirs-cosmetiques-non-lumineux-bras-simple-chrome\/\",\"url\":\"https:\/\/www.aliseo.de\/fr\/produit\/mira-miroirs-cosmetiques-non-lumineux-bras-simple-chrome\/\",\"name\":\"Mira - ALISEO\",\"isPartOf\":{\"@id\":\"https:\/\/www.aliseo.de\/fr\/#website\"},\"primaryImageOfPage\":{\"@id\":\"https:\/\/www.aliseo.de\/fr\/produit\/mira-miroirs-cosmetiques-non-lumineux-bras-simple-chrome\/#primaryimage\"},\"image\":{\"@id\":\"https:\/\/www.aliseo.de\/fr\/produit\/mira-miroirs-cosmetiques-non-lumineux-bras-simple-chrome\/#primaryimage\"},\"thumbnailUrl\":\"https:\/\/www.aliseo.de\/wp-content\/uploads\/2026\/01\/Aliseo_cosmetic-mirror_Mira_single-arm_020867-e1769594314715.png\",\"datePublished\":\"2026-01-22T14:37:01+00:00\",\"dateModified\":\"2026-01-23T12:36:36+00:00\",\"breadcrumb\":{\"@id\":\"https:\/\/www.aliseo.de\/fr\/produit\/mira-miroirs-cosmetiques-non-lumineux-bras-simple-chrome\/#breadcrumb\"},\"inLanguage\":\"fr-FR\",\"potentialAction\":[{\"@type\":\"ReadAction\",\"target\":[\"https:\/\/www.aliseo.de\/fr\/produit\/mira-miroirs-cosmetiques-non-lumineux-bras-simple-chrome\/\"]}]},{\"@type\":\"ImageObject\",\"inLanguage\":\"fr-FR\",\"@id\":\"https:\/\/www.aliseo.de\/fr\/produit\/mira-miroirs-cosmetiques-non-lumineux-bras-simple-chrome\/#primaryimage\",\"url\":\"https:\/\/www.aliseo.de\/wp-content\/uploads\/2026\/01\/Aliseo_cosmetic-mirror_Mira_single-arm_020867-e1769594314715.png\",\"contentUrl\":\"https:\/\/www.aliseo.de\/wp-content\/uploads\/2026\/01\/Aliseo_cosmetic-mirror_Mira_single-arm_020867-e1769594314715.png\",\"width\":900,\"height\":900},{\"@type\":\"BreadcrumbList\",\"@id\":\"https:\/\/www.aliseo.de\/fr\/produit\/mira-miroirs-cosmetiques-non-lumineux-bras-simple-chrome\/#breadcrumb\",\"itemListElement\":[{\"@type\":\"ListItem\",\"position\":1,\"name\":\"Startseite\",\"item\":\"https:\/\/www.aliseo.de\/fr\/\"},{\"@type\":\"ListItem\",\"position\":2,\"name\":\"Shop\",\"item\":\"https:\/\/www.aliseo.de\/fr\/shop\/\"},{\"@type\":\"ListItem\",\"position\":3,\"name\":\"Mira\"}]},{\"@type\":\"WebSite\",\"@id\":\"https:\/\/www.aliseo.de\/fr\/#website\",\"url\":\"https:\/\/www.aliseo.de\/fr\/\",\"name\":\"ALISEO\",\"description\":\"\",\"publisher\":{\"@id\":\"https:\/\/www.aliseo.de\/fr\/#organization\"},\"potentialAction\":[{\"@type\":\"SearchAction\",\"target\":{\"@type\":\"EntryPoint\",\"urlTemplate\":\"https:\/\/www.aliseo.de\/fr\/?s={search_term_string}\"},\"query-input\":{\"@type\":\"PropertyValueSpecification\",\"valueRequired\":true,\"valueName\":\"search_term_string\"}}],\"inLanguage\":\"fr-FR\"},{\"@type\":\"Organization\",\"@id\":\"https:\/\/www.aliseo.de\/fr\/#organization\",\"name\":\"ALISEO\",\"url\":\"https:\/\/www.aliseo.de\/fr\/\",\"logo\":{\"@type\":\"ImageObject\",\"inLanguage\":\"fr-FR\",\"@id\":\"https:\/\/www.aliseo.de\/fr\/#\/schema\/logo\/image\/\",\"url\":\"https:\/\/www.aliseo.de\/wp-content\/uploads\/2024\/10\/ALI_Logo_schwarz.png\",\"contentUrl\":\"https:\/\/www.aliseo.de\/wp-content\/uploads\/2024\/10\/ALI_Logo_schwarz.png\",\"width\":2551,\"height\":543,\"caption\":\"ALISEO\"},\"image\":{\"@id\":\"https:\/\/www.aliseo.de\/fr\/#\/schema\/logo\/image\/\"},\"sameAs\":[\"https:\/\/www.facebook.com\/aliseogermany\",\"https:\/\/www.youtube.com\/user\/aliseogermany\",\"https:\/\/www.instagram.com\/aliseogermany\/\",\"https:\/\/de.linkedin.com\/company\/aliseogermany\"]}]}<\/script>\n<!-- \/ Yoast SEO plugin. -->","yoast_head_json":{"title":"Mira - ALISEO","robots":{"index":"index","follow":"follow","max-snippet":"max-snippet:-1","max-image-preview":"max-image-preview:large","max-video-preview":"max-video-preview:-1"},"canonical":"https:\/\/www.aliseo.de\/fr\/produit\/mira-miroirs-cosmetiques-non-lumineux-bras-simple-chrome\/","og_locale":"fr_FR","og_type":"article","og_title":"Mira - ALISEO","og_description":"Le miroir MIRA montre \u00e0 quel point la simplicit\u00e9 pure peut \u00eatre belle. Sans illumination, il se concentre sur l&#8217;essentiel et d\u00e9gage ainsi une \u00e9l\u00e9gance calme et intemporelle. Le bras moul\u00e9 conf\u00e8re au design une ligne harmonieuse et douce tout en assurant une utilisation agr\u00e9able. Sur le site bras simple grossissement 5x ajustement complet du [&hellip;]","og_url":"https:\/\/www.aliseo.de\/fr\/produit\/mira-miroirs-cosmetiques-non-lumineux-bras-simple-chrome\/","og_site_name":"ALISEO","article_publisher":"https:\/\/www.facebook.com\/aliseogermany","article_modified_time":"2026-01-23T12:36:36+00:00","og_image":[{"width":900,"height":900,"url":"https:\/\/www.aliseo.de\/wp-content\/uploads\/2026\/01\/Aliseo_cosmetic-mirror_Mira_single-arm_020867.png","type":"image\/png"}],"twitter_card":"summary_large_image","twitter_misc":{"Dur\u00e9e de lecture estim\u00e9e":"1 minute"},"schema":{"@context":"https:\/\/schema.org","@graph":[{"@type":"WebPage","@id":"https:\/\/www.aliseo.de\/fr\/produit\/mira-miroirs-cosmetiques-non-lumineux-bras-simple-chrome\/","url":"https:\/\/www.aliseo.de\/fr\/produit\/mira-miroirs-cosmetiques-non-lumineux-bras-simple-chrome\/","name":"Mira - ALISEO","isPartOf":{"@id":"https:\/\/www.aliseo.de\/fr\/#website"},"primaryImageOfPage":{"@id":"https:\/\/www.aliseo.de\/fr\/produit\/mira-miroirs-cosmetiques-non-lumineux-bras-simple-chrome\/#primaryimage"},"image":{"@id":"https:\/\/www.aliseo.de\/fr\/produit\/mira-miroirs-cosmetiques-non-lumineux-bras-simple-chrome\/#primaryimage"},"thumbnailUrl":"https:\/\/www.aliseo.de\/wp-content\/uploads\/2026\/01\/Aliseo_cosmetic-mirror_Mira_single-arm_020867-e1769594314715.png","datePublished":"2026-01-22T14:37:01+00:00","dateModified":"2026-01-23T12:36:36+00:00","breadcrumb":{"@id":"https:\/\/www.aliseo.de\/fr\/produit\/mira-miroirs-cosmetiques-non-lumineux-bras-simple-chrome\/#breadcrumb"},"inLanguage":"fr-FR","potentialAction":[{"@type":"ReadAction","target":["https:\/\/www.aliseo.de\/fr\/produit\/mira-miroirs-cosmetiques-non-lumineux-bras-simple-chrome\/"]}]},{"@type":"ImageObject","inLanguage":"fr-FR","@id":"https:\/\/www.aliseo.de\/fr\/produit\/mira-miroirs-cosmetiques-non-lumineux-bras-simple-chrome\/#primaryimage","url":"https:\/\/www.aliseo.de\/wp-content\/uploads\/2026\/01\/Aliseo_cosmetic-mirror_Mira_single-arm_020867-e1769594314715.png","contentUrl":"https:\/\/www.aliseo.de\/wp-content\/uploads\/2026\/01\/Aliseo_cosmetic-mirror_Mira_single-arm_020867-e1769594314715.png","width":900,"height":900},{"@type":"BreadcrumbList","@id":"https:\/\/www.aliseo.de\/fr\/produit\/mira-miroirs-cosmetiques-non-lumineux-bras-simple-chrome\/#breadcrumb","itemListElement":[{"@type":"ListItem","position":1,"name":"Startseite","item":"https:\/\/www.aliseo.de\/fr\/"},{"@type":"ListItem","position":2,"name":"Shop","item":"https:\/\/www.aliseo.de\/fr\/shop\/"},{"@type":"ListItem","position":3,"name":"Mira"}]},{"@type":"WebSite","@id":"https:\/\/www.aliseo.de\/fr\/#website","url":"https:\/\/www.aliseo.de\/fr\/","name":"ALISEO","description":"","publisher":{"@id":"https:\/\/www.aliseo.de\/fr\/#organization"},"potentialAction":[{"@type":"SearchAction","target":{"@type":"EntryPoint","urlTemplate":"https:\/\/www.aliseo.de\/fr\/?s={search_term_string}"},"query-input":{"@type":"PropertyValueSpecification","valueRequired":true,"valueName":"search_term_string"}}],"inLanguage":"fr-FR"},{"@type":"Organization","@id":"https:\/\/www.aliseo.de\/fr\/#organization","name":"ALISEO","url":"https:\/\/www.aliseo.de\/fr\/","logo":{"@type":"ImageObject","inLanguage":"fr-FR","@id":"https:\/\/www.aliseo.de\/fr\/#\/schema\/logo\/image\/","url":"https:\/\/www.aliseo.de\/wp-content\/uploads\/2024\/10\/ALI_Logo_schwarz.png","contentUrl":"https:\/\/www.aliseo.de\/wp-content\/uploads\/2024\/10\/ALI_Logo_schwarz.png","width":2551,"height":543,"caption":"ALISEO"},"image":{"@id":"https:\/\/www.aliseo.de\/fr\/#\/schema\/logo\/image\/"},"sameAs":["https:\/\/www.facebook.com\/aliseogermany","https:\/\/www.youtube.com\/user\/aliseogermany","https:\/\/www.instagram.com\/aliseogermany\/","https:\/\/de.linkedin.com\/company\/aliseogermany"]}]}},"_links":{"self":[{"href":"https:\/\/www.aliseo.de\/fr\/wp-json\/wp\/v2\/product\/35132","targetHints":{"allow":["GET"]}}],"collection":[{"href":"https:\/\/www.aliseo.de\/fr\/wp-json\/wp\/v2\/product"}],"about":[{"href":"https:\/\/www.aliseo.de\/fr\/wp-json\/wp\/v2\/types\/product"}],"replies":[{"embeddable":true,"href":"https:\/\/www.aliseo.de\/fr\/wp-json\/wp\/v2\/comments?post=35132"}],"wp:featuredmedia":[{"embeddable":true,"href":"https:\/\/www.aliseo.de\/fr\/wp-json\/wp\/v2\/media\/34638"}],"wp:attachment":[{"href":"https:\/\/www.aliseo.de\/fr\/wp-json\/wp\/v2\/media?parent=35132"}],"wp:term":[{"taxonomy":"produktgruppe","embeddable":true,"href":"https:\/\/www.aliseo.de\/fr\/wp-json\/wp\/v2\/produktgruppe?post=35132"},{"taxonomy":"product_brand","embeddable":true,"href":"https:\/\/www.aliseo.de\/fr\/wp-json\/wp\/v2\/product_brand?post=35132"},{"taxonomy":"product_cat","embeddable":true,"href":"https:\/\/www.aliseo.de\/fr\/wp-json\/wp\/v2\/product_cat?post=35132"},{"taxonomy":"product_tag","embeddable":true,"href":"https:\/\/www.aliseo.de\/fr\/wp-json\/wp\/v2\/product_tag?post=35132"}],"curies":[{"name":"wp","href":"https:\/\/api.w.org\/{rel}","templated":true}]}}