{"id":27454,"date":"2025-03-28T08:14:18","date_gmt":"2025-03-28T08:14:18","guid":{"rendered":"https:\/\/compassionate-engelbart.185-243-11-33.plesk.page\/?post_type=product&#038;p=27454"},"modified":"2026-04-14T12:12:52","modified_gmt":"2026-04-14T12:12:52","slug":"vento-brushless-seche-cheveux","status":"publish","type":"product","link":"https:\/\/www.aliseo.de\/fr\/produit\/vento-brushless-seche-cheveux\/","title":{"rendered":"Vento Brushless"},"content":{"rendered":"<p>Voici VENTO &#8211; le premier s\u00e8che-cheveux pour h\u00f4tel avec un moteur sans brosse. Con\u00e7u pour l&#8217;h\u00f4tellerie, il combine puissance, fonctionnement silencieux et efficacit\u00e9 maximale. VENTO est nettement plus petit et plus l\u00e9ger que les autres appareils sur le march\u00e9 et son design super compact s&#8217;adapte parfaitement \u00e0 tous les tiroirs, m\u00eame aux petites salles de bains et aux petites mains. Son moteur ultra-silencieux, son fonctionnement intuitif, sa buse magn\u00e9tique et sa protection contre la surchauffe en font un appareil s\u00fbr et particuli\u00e8rement agr\u00e9able pour les clients. Autre point fort, VENTO est dot\u00e9 d&#8217;une fonction bien-\u00eatre ionique qui prend soin des cheveux pendant le s\u00e9chage et \u00e9vite l&#8217;\u00e9lectricit\u00e9 statique. Ceux qui ont des antennes tr\u00e8s fines peuvent m\u00eame constater une influence positive sur l&#8217;air ambiant. Le bien-\u00eatre dans sa forme la plus pure. Et le meilleur : il d\u00e9ploie toute sa puissance avec seulement 1400 watts, ce qui en fait un \u00e9conomiseur d&#8217;\u00e9nergie contemporain. Fort comme le vent, techniquement parfait et aussi visuellement un point fort pour chaque h\u00f4tel.        <\/p>\n<ul>\n<li>Sac de rangement inclus<\/li>\n<li>Moteur haute performance sans balai et sans usure<\/li>\n<li>Fonction bien-\u00eatre ionique<\/li>\n<li>Tr\u00e8s petit et ultra-l\u00e9ger : plus petit et plus l\u00e9ger que tous les mod\u00e8les similaires sur le march\u00e9.<\/li>\n<li>Micro-filtre pour emp\u00eacher la poussi\u00e8re de p\u00e9n\u00e9trer et faciliter le nettoyage<\/li>\n<li>S\u00e9lection de la temp\u00e9rature via 3 niveaux de puissance, y compris la fonction d&#8217;air froid <\/li>\n<li>2 niveaux de ventilation<\/li>\n<li>Buse de coiffage magn\u00e9tique amovible<\/li>\n<li>Super silencieux<\/li>\n<li>Protection contre la surchauffe int\u00e9gr\u00e9e<\/li>\n<li>C\u00e2ble lisse, 180 cm<\/li>\n<li>Serre-c\u00e2bles en caoutchouc inclus<\/li>\n<li>Double isolation (classe II)<\/li>\n<li>\u00c9conomiseur d&#8217;\u00e9nergie : tr\u00e8s efficace avec seulement 1400 W<\/li>\n<li>230 V, 50 Hz<\/li>\n<\/ul>\n","protected":false},"excerpt":{"rendered":"<p>Voici VENTO &#8211; le premier s\u00e8che-cheveux pour h\u00f4tel avec un moteur sans brosse. Con\u00e7u pour l&#8217;h\u00f4tellerie, il combine puissance, fonctionnement silencieux et efficacit\u00e9 maximale. VENTO est nettement plus petit et plus l\u00e9ger que les autres appareils sur le march\u00e9 et son design super compact s&#8217;adapte parfaitement \u00e0 tous les tiroirs, m\u00eame aux petites salles de [&hellip;]<\/p>\n","protected":false},"featured_media":25627,"comment_status":"closed","ping_status":"closed","template":"","meta":{"_acf_changed":false},"produktgruppe":[2491],"product_brand":[],"product_cat":[2672,2284,2292],"product_tag":[],"class_list":{"0":"post-27454","1":"product","2":"type-product","3":"status-publish","4":"has-post-thumbnail","6":"produktgruppe-vento_1","7":"product_cat-color-skin-fr","8":"product_cat-seche-cheveux-pour-hotel","9":"product_cat-vento-brushless","11":"first","12":"instock","13":"featured","14":"shipping-taxable","15":"product-type-variable"},"acf":[],"yoast_head":"<!-- This site is optimized with the Yoast SEO plugin v24.7 - https:\/\/yoast.com\/wordpress\/plugins\/seo\/ -->\n<title>Vento Brushless - ALISEO<\/title>\n<meta name=\"robots\" content=\"index, follow, max-snippet:-1, max-image-preview:large, max-video-preview:-1\" \/>\n<link rel=\"canonical\" href=\"https:\/\/www.aliseo.de\/fr\/produit\/vento-brushless-seche-cheveux\/\" \/>\n<meta property=\"og:locale\" content=\"fr_FR\" \/>\n<meta property=\"og:type\" content=\"article\" \/>\n<meta property=\"og:title\" content=\"Vento Brushless - ALISEO\" \/>\n<meta property=\"og:description\" content=\"Voici VENTO &#8211; le premier s\u00e8che-cheveux pour h\u00f4tel avec un moteur sans brosse. Con\u00e7u pour l&#8217;h\u00f4tellerie, il combine puissance, fonctionnement silencieux et efficacit\u00e9 maximale. VENTO est nettement plus petit et plus l\u00e9ger que les autres appareils sur le march\u00e9 et son design super compact s&#8217;adapte parfaitement \u00e0 tous les tiroirs, m\u00eame aux petites salles de [&hellip;]\" \/>\n<meta property=\"og:url\" content=\"https:\/\/www.aliseo.de\/fr\/produit\/vento-brushless-seche-cheveux\/\" \/>\n<meta property=\"og:site_name\" content=\"ALISEO\" \/>\n<meta property=\"article:publisher\" content=\"https:\/\/www.facebook.com\/aliseogermany\" \/>\n<meta property=\"article:modified_time\" content=\"2026-04-14T12:12:52+00:00\" \/>\n<meta property=\"og:image\" content=\"https:\/\/www.aliseo.de\/wp-content\/uploads\/2025\/03\/010643_Haartrockner_Vento_Ohne-Kabel.png\" \/>\n\t<meta property=\"og:image:width\" content=\"900\" \/>\n\t<meta property=\"og:image:height\" content=\"900\" \/>\n\t<meta property=\"og:image:type\" content=\"image\/png\" \/>\n<meta name=\"twitter:card\" content=\"summary_large_image\" \/>\n<meta name=\"twitter:label1\" content=\"Dur\u00e9e de lecture estim\u00e9e\" \/>\n\t<meta name=\"twitter:data1\" content=\"2 minutes\" \/>\n<script type=\"application\/ld+json\" class=\"yoast-schema-graph\">{\"@context\":\"https:\/\/schema.org\",\"@graph\":[{\"@type\":\"WebPage\",\"@id\":\"https:\/\/www.aliseo.de\/fr\/produit\/vento-brushless-seche-cheveux\/\",\"url\":\"https:\/\/www.aliseo.de\/fr\/produit\/vento-brushless-seche-cheveux\/\",\"name\":\"Vento Brushless - ALISEO\",\"isPartOf\":{\"@id\":\"https:\/\/www.aliseo.de\/fr\/#website\"},\"primaryImageOfPage\":{\"@id\":\"https:\/\/www.aliseo.de\/fr\/produit\/vento-brushless-seche-cheveux\/#primaryimage\"},\"image\":{\"@id\":\"https:\/\/www.aliseo.de\/fr\/produit\/vento-brushless-seche-cheveux\/#primaryimage\"},\"thumbnailUrl\":\"https:\/\/www.aliseo.de\/wp-content\/uploads\/2025\/03\/010643_Haartrockner_Vento_Ohne-Kabel.png\",\"datePublished\":\"2025-03-28T08:14:18+00:00\",\"dateModified\":\"2026-04-14T12:12:52+00:00\",\"breadcrumb\":{\"@id\":\"https:\/\/www.aliseo.de\/fr\/produit\/vento-brushless-seche-cheveux\/#breadcrumb\"},\"inLanguage\":\"fr-FR\",\"potentialAction\":[{\"@type\":\"ReadAction\",\"target\":[\"https:\/\/www.aliseo.de\/fr\/produit\/vento-brushless-seche-cheveux\/\"]}]},{\"@type\":\"ImageObject\",\"inLanguage\":\"fr-FR\",\"@id\":\"https:\/\/www.aliseo.de\/fr\/produit\/vento-brushless-seche-cheveux\/#primaryimage\",\"url\":\"https:\/\/www.aliseo.de\/wp-content\/uploads\/2025\/03\/010643_Haartrockner_Vento_Ohne-Kabel.png\",\"contentUrl\":\"https:\/\/www.aliseo.de\/wp-content\/uploads\/2025\/03\/010643_Haartrockner_Vento_Ohne-Kabel.png\",\"width\":900,\"height\":900},{\"@type\":\"BreadcrumbList\",\"@id\":\"https:\/\/www.aliseo.de\/fr\/produit\/vento-brushless-seche-cheveux\/#breadcrumb\",\"itemListElement\":[{\"@type\":\"ListItem\",\"position\":1,\"name\":\"Startseite\",\"item\":\"https:\/\/www.aliseo.de\/fr\/homepage\/\"},{\"@type\":\"ListItem\",\"position\":2,\"name\":\"Shop\",\"item\":\"https:\/\/www.aliseo.de\/fr\/shop\/\"},{\"@type\":\"ListItem\",\"position\":3,\"name\":\"Vento Brushless\"}]},{\"@type\":\"WebSite\",\"@id\":\"https:\/\/www.aliseo.de\/fr\/#website\",\"url\":\"https:\/\/www.aliseo.de\/fr\/\",\"name\":\"ALISEO\",\"description\":\"\",\"publisher\":{\"@id\":\"https:\/\/www.aliseo.de\/fr\/#organization\"},\"potentialAction\":[{\"@type\":\"SearchAction\",\"target\":{\"@type\":\"EntryPoint\",\"urlTemplate\":\"https:\/\/www.aliseo.de\/fr\/?s={search_term_string}\"},\"query-input\":{\"@type\":\"PropertyValueSpecification\",\"valueRequired\":true,\"valueName\":\"search_term_string\"}}],\"inLanguage\":\"fr-FR\"},{\"@type\":\"Organization\",\"@id\":\"https:\/\/www.aliseo.de\/fr\/#organization\",\"name\":\"ALISEO\",\"url\":\"https:\/\/www.aliseo.de\/fr\/\",\"logo\":{\"@type\":\"ImageObject\",\"inLanguage\":\"fr-FR\",\"@id\":\"https:\/\/www.aliseo.de\/fr\/#\/schema\/logo\/image\/\",\"url\":\"https:\/\/www.aliseo.de\/wp-content\/uploads\/2024\/10\/ALI_Logo_schwarz.png\",\"contentUrl\":\"https:\/\/www.aliseo.de\/wp-content\/uploads\/2024\/10\/ALI_Logo_schwarz.png\",\"width\":2551,\"height\":543,\"caption\":\"ALISEO\"},\"image\":{\"@id\":\"https:\/\/www.aliseo.de\/fr\/#\/schema\/logo\/image\/\"},\"sameAs\":[\"https:\/\/www.facebook.com\/aliseogermany\",\"https:\/\/www.youtube.com\/user\/aliseogermany\",\"https:\/\/www.instagram.com\/aliseogermany\/\",\"https:\/\/de.linkedin.com\/company\/aliseogermany\"]}]}<\/script>\n<!-- \/ Yoast SEO plugin. -->","yoast_head_json":{"title":"Vento Brushless - ALISEO","robots":{"index":"index","follow":"follow","max-snippet":"max-snippet:-1","max-image-preview":"max-image-preview:large","max-video-preview":"max-video-preview:-1"},"canonical":"https:\/\/www.aliseo.de\/fr\/produit\/vento-brushless-seche-cheveux\/","og_locale":"fr_FR","og_type":"article","og_title":"Vento Brushless - ALISEO","og_description":"Voici VENTO &#8211; le premier s\u00e8che-cheveux pour h\u00f4tel avec un moteur sans brosse. Con\u00e7u pour l&#8217;h\u00f4tellerie, il combine puissance, fonctionnement silencieux et efficacit\u00e9 maximale. VENTO est nettement plus petit et plus l\u00e9ger que les autres appareils sur le march\u00e9 et son design super compact s&#8217;adapte parfaitement \u00e0 tous les tiroirs, m\u00eame aux petites salles de [&hellip;]","og_url":"https:\/\/www.aliseo.de\/fr\/produit\/vento-brushless-seche-cheveux\/","og_site_name":"ALISEO","article_publisher":"https:\/\/www.facebook.com\/aliseogermany","article_modified_time":"2026-04-14T12:12:52+00:00","og_image":[{"width":900,"height":900,"url":"https:\/\/www.aliseo.de\/wp-content\/uploads\/2025\/03\/010643_Haartrockner_Vento_Ohne-Kabel.png","type":"image\/png"}],"twitter_card":"summary_large_image","twitter_misc":{"Dur\u00e9e de lecture estim\u00e9e":"2 minutes"},"schema":{"@context":"https:\/\/schema.org","@graph":[{"@type":"WebPage","@id":"https:\/\/www.aliseo.de\/fr\/produit\/vento-brushless-seche-cheveux\/","url":"https:\/\/www.aliseo.de\/fr\/produit\/vento-brushless-seche-cheveux\/","name":"Vento Brushless - ALISEO","isPartOf":{"@id":"https:\/\/www.aliseo.de\/fr\/#website"},"primaryImageOfPage":{"@id":"https:\/\/www.aliseo.de\/fr\/produit\/vento-brushless-seche-cheveux\/#primaryimage"},"image":{"@id":"https:\/\/www.aliseo.de\/fr\/produit\/vento-brushless-seche-cheveux\/#primaryimage"},"thumbnailUrl":"https:\/\/www.aliseo.de\/wp-content\/uploads\/2025\/03\/010643_Haartrockner_Vento_Ohne-Kabel.png","datePublished":"2025-03-28T08:14:18+00:00","dateModified":"2026-04-14T12:12:52+00:00","breadcrumb":{"@id":"https:\/\/www.aliseo.de\/fr\/produit\/vento-brushless-seche-cheveux\/#breadcrumb"},"inLanguage":"fr-FR","potentialAction":[{"@type":"ReadAction","target":["https:\/\/www.aliseo.de\/fr\/produit\/vento-brushless-seche-cheveux\/"]}]},{"@type":"ImageObject","inLanguage":"fr-FR","@id":"https:\/\/www.aliseo.de\/fr\/produit\/vento-brushless-seche-cheveux\/#primaryimage","url":"https:\/\/www.aliseo.de\/wp-content\/uploads\/2025\/03\/010643_Haartrockner_Vento_Ohne-Kabel.png","contentUrl":"https:\/\/www.aliseo.de\/wp-content\/uploads\/2025\/03\/010643_Haartrockner_Vento_Ohne-Kabel.png","width":900,"height":900},{"@type":"BreadcrumbList","@id":"https:\/\/www.aliseo.de\/fr\/produit\/vento-brushless-seche-cheveux\/#breadcrumb","itemListElement":[{"@type":"ListItem","position":1,"name":"Startseite","item":"https:\/\/www.aliseo.de\/fr\/homepage\/"},{"@type":"ListItem","position":2,"name":"Shop","item":"https:\/\/www.aliseo.de\/fr\/shop\/"},{"@type":"ListItem","position":3,"name":"Vento Brushless"}]},{"@type":"WebSite","@id":"https:\/\/www.aliseo.de\/fr\/#website","url":"https:\/\/www.aliseo.de\/fr\/","name":"ALISEO","description":"","publisher":{"@id":"https:\/\/www.aliseo.de\/fr\/#organization"},"potentialAction":[{"@type":"SearchAction","target":{"@type":"EntryPoint","urlTemplate":"https:\/\/www.aliseo.de\/fr\/?s={search_term_string}"},"query-input":{"@type":"PropertyValueSpecification","valueRequired":true,"valueName":"search_term_string"}}],"inLanguage":"fr-FR"},{"@type":"Organization","@id":"https:\/\/www.aliseo.de\/fr\/#organization","name":"ALISEO","url":"https:\/\/www.aliseo.de\/fr\/","logo":{"@type":"ImageObject","inLanguage":"fr-FR","@id":"https:\/\/www.aliseo.de\/fr\/#\/schema\/logo\/image\/","url":"https:\/\/www.aliseo.de\/wp-content\/uploads\/2024\/10\/ALI_Logo_schwarz.png","contentUrl":"https:\/\/www.aliseo.de\/wp-content\/uploads\/2024\/10\/ALI_Logo_schwarz.png","width":2551,"height":543,"caption":"ALISEO"},"image":{"@id":"https:\/\/www.aliseo.de\/fr\/#\/schema\/logo\/image\/"},"sameAs":["https:\/\/www.facebook.com\/aliseogermany","https:\/\/www.youtube.com\/user\/aliseogermany","https:\/\/www.instagram.com\/aliseogermany\/","https:\/\/de.linkedin.com\/company\/aliseogermany"]}]}},"_links":{"self":[{"href":"https:\/\/www.aliseo.de\/fr\/wp-json\/wp\/v2\/product\/27454","targetHints":{"allow":["GET"]}}],"collection":[{"href":"https:\/\/www.aliseo.de\/fr\/wp-json\/wp\/v2\/product"}],"about":[{"href":"https:\/\/www.aliseo.de\/fr\/wp-json\/wp\/v2\/types\/product"}],"replies":[{"embeddable":true,"href":"https:\/\/www.aliseo.de\/fr\/wp-json\/wp\/v2\/comments?post=27454"}],"wp:featuredmedia":[{"embeddable":true,"href":"https:\/\/www.aliseo.de\/fr\/wp-json\/wp\/v2\/media\/25627"}],"wp:attachment":[{"href":"https:\/\/www.aliseo.de\/fr\/wp-json\/wp\/v2\/media?parent=27454"}],"wp:term":[{"taxonomy":"produktgruppe","embeddable":true,"href":"https:\/\/www.aliseo.de\/fr\/wp-json\/wp\/v2\/produktgruppe?post=27454"},{"taxonomy":"product_brand","embeddable":true,"href":"https:\/\/www.aliseo.de\/fr\/wp-json\/wp\/v2\/product_brand?post=27454"},{"taxonomy":"product_cat","embeddable":true,"href":"https:\/\/www.aliseo.de\/fr\/wp-json\/wp\/v2\/product_cat?post=27454"},{"taxonomy":"product_tag","embeddable":true,"href":"https:\/\/www.aliseo.de\/fr\/wp-json\/wp\/v2\/product_tag?post=27454"}],"curies":[{"name":"wp","href":"https:\/\/api.w.org\/{rel}","templated":true}]}}