{"id":12458,"date":"2024-11-12T11:36:18","date_gmt":"2024-11-12T11:36:18","guid":{"rendered":"https:\/\/compassionate-engelbart.185-243-11-33.plesk.page\/?post_type=product&#038;p=12458"},"modified":"2026-02-23T15:25:54","modified_gmt":"2026-02-23T15:25:54","slug":"prestige-poubelle-trois-inserts-chrome","status":"publish","type":"product","link":"https:\/\/www.aliseo.de\/fr\/produit\/prestige-poubelle-trois-inserts-chrome\/","title":{"rendered":"PRESTIGE"},"content":{"rendered":"<p style=\"font-weight: 400;\">Le tri des d\u00e9chets dans un h\u00f4tel est un v\u00e9ritable d\u00e9fi. Pour le chambre d&#8217;h\u00f4tes, nos poubelle PRESTIGE avec inserts amovibles ont une solution propre et simple. Disponibles avec 2 ou 3 compartiments, selon vos besoins. Et si vous pr\u00e9f\u00e9rez une version ferm\u00e9e, notre poubelle \u00e0 p\u00e9dale rectangulaire \u00e0 2 compartiments est le bon choix.<\/p>\n<ul>\n<li>3 inserts amovibles en plastique<\/li>\n<li>Vernis transparent anti-traces de doigts<\/li>\n<li>Avec anneau en silicone sur le bord inf\u00e9rieur pour une bonne stabilit\u00e9 et protection des surfaces<\/li>\n<li>Mat\u00e9riau : acier inoxydable<\/li>\n<\/ul>\n","protected":false},"excerpt":{"rendered":"<p>Le tri des d\u00e9chets dans un h\u00f4tel est un v\u00e9ritable d\u00e9fi. Pour le chambre d&#8217;h\u00f4tes, nos poubelle PRESTIGE avec inserts amovibles ont une solution propre et simple. Disponibles avec 2 ou 3 compartiments, selon vos besoins. Et si vous pr\u00e9f\u00e9rez une version ferm\u00e9e, notre poubelle \u00e0 p\u00e9dale rectangulaire \u00e0 2 compartiments est le bon choix. [&hellip;]<\/p>\n","protected":false},"featured_media":12147,"comment_status":"closed","ping_status":"closed","template":"","meta":{"_acf_changed":false},"produktgruppe":[1805,2653],"product_brand":[],"product_cat":[2276],"product_tag":[],"class_list":{"0":"post-12458","1":"product","2":"type-product","3":"status-publish","4":"has-post-thumbnail","6":"produktgruppe-prestige-1","7":"produktgruppe-separator_1","8":"product_cat-poubelles","10":"first","11":"instock","12":"shipping-taxable","13":"product-type-simple"},"acf":[],"yoast_head":"<!-- This site is optimized with the Yoast SEO plugin v24.7 - https:\/\/yoast.com\/wordpress\/plugins\/seo\/ -->\n<title>PRESTIGE - ALISEO<\/title>\n<meta name=\"robots\" content=\"index, follow, max-snippet:-1, max-image-preview:large, max-video-preview:-1\" \/>\n<link rel=\"canonical\" href=\"https:\/\/www.aliseo.de\/fr\/produit\/prestige-poubelle-trois-inserts-chrome\/\" \/>\n<meta property=\"og:locale\" content=\"fr_FR\" \/>\n<meta property=\"og:type\" content=\"article\" \/>\n<meta property=\"og:title\" content=\"PRESTIGE - ALISEO\" \/>\n<meta property=\"og:description\" content=\"Le tri des d\u00e9chets dans un h\u00f4tel est un v\u00e9ritable d\u00e9fi. Pour le chambre d&#8217;h\u00f4tes, nos poubelle PRESTIGE avec inserts amovibles ont une solution propre et simple. Disponibles avec 2 ou 3 compartiments, selon vos besoins. Et si vous pr\u00e9f\u00e9rez une version ferm\u00e9e, notre poubelle \u00e0 p\u00e9dale rectangulaire \u00e0 2 compartiments est le bon choix. [&hellip;]\" \/>\n<meta property=\"og:url\" content=\"https:\/\/www.aliseo.de\/fr\/produit\/prestige-poubelle-trois-inserts-chrome\/\" \/>\n<meta property=\"og:site_name\" content=\"ALISEO\" \/>\n<meta property=\"article:publisher\" content=\"https:\/\/www.facebook.com\/aliseogermany\" \/>\n<meta property=\"article:modified_time\" content=\"2026-02-23T15:25:54+00:00\" \/>\n<meta property=\"og:image\" content=\"https:\/\/www.aliseo.de\/wp-content\/uploads\/2024\/11\/030720_Abfalleimer_3_fach-1024x1024.png\" \/>\n\t<meta property=\"og:image:width\" content=\"1024\" \/>\n\t<meta property=\"og:image:height\" content=\"1024\" \/>\n\t<meta property=\"og:image:type\" content=\"image\/png\" \/>\n<meta name=\"twitter:card\" content=\"summary_large_image\" \/>\n<meta name=\"twitter:label1\" content=\"Dur\u00e9e de lecture estim\u00e9e\" \/>\n\t<meta name=\"twitter:data1\" content=\"1 minute\" \/>\n<script type=\"application\/ld+json\" class=\"yoast-schema-graph\">{\"@context\":\"https:\/\/schema.org\",\"@graph\":[{\"@type\":\"WebPage\",\"@id\":\"https:\/\/www.aliseo.de\/fr\/produit\/prestige-poubelle-trois-inserts-chrome\/\",\"url\":\"https:\/\/www.aliseo.de\/fr\/produit\/prestige-poubelle-trois-inserts-chrome\/\",\"name\":\"PRESTIGE - ALISEO\",\"isPartOf\":{\"@id\":\"https:\/\/www.aliseo.de\/fr\/#website\"},\"primaryImageOfPage\":{\"@id\":\"https:\/\/www.aliseo.de\/fr\/produit\/prestige-poubelle-trois-inserts-chrome\/#primaryimage\"},\"image\":{\"@id\":\"https:\/\/www.aliseo.de\/fr\/produit\/prestige-poubelle-trois-inserts-chrome\/#primaryimage\"},\"thumbnailUrl\":\"https:\/\/www.aliseo.de\/wp-content\/uploads\/2024\/11\/030720_Abfalleimer_3_fach.png\",\"datePublished\":\"2024-11-12T11:36:18+00:00\",\"dateModified\":\"2026-02-23T15:25:54+00:00\",\"breadcrumb\":{\"@id\":\"https:\/\/www.aliseo.de\/fr\/produit\/prestige-poubelle-trois-inserts-chrome\/#breadcrumb\"},\"inLanguage\":\"fr-FR\",\"potentialAction\":[{\"@type\":\"ReadAction\",\"target\":[\"https:\/\/www.aliseo.de\/fr\/produit\/prestige-poubelle-trois-inserts-chrome\/\"]}]},{\"@type\":\"ImageObject\",\"inLanguage\":\"fr-FR\",\"@id\":\"https:\/\/www.aliseo.de\/fr\/produit\/prestige-poubelle-trois-inserts-chrome\/#primaryimage\",\"url\":\"https:\/\/www.aliseo.de\/wp-content\/uploads\/2024\/11\/030720_Abfalleimer_3_fach.png\",\"contentUrl\":\"https:\/\/www.aliseo.de\/wp-content\/uploads\/2024\/11\/030720_Abfalleimer_3_fach.png\",\"width\":2500,\"height\":2500},{\"@type\":\"BreadcrumbList\",\"@id\":\"https:\/\/www.aliseo.de\/fr\/produit\/prestige-poubelle-trois-inserts-chrome\/#breadcrumb\",\"itemListElement\":[{\"@type\":\"ListItem\",\"position\":1,\"name\":\"Startseite\",\"item\":\"https:\/\/www.aliseo.de\/fr\/homepage\/\"},{\"@type\":\"ListItem\",\"position\":2,\"name\":\"Shop\",\"item\":\"https:\/\/www.aliseo.de\/fr\/shop\/\"},{\"@type\":\"ListItem\",\"position\":3,\"name\":\"PRESTIGE\"}]},{\"@type\":\"WebSite\",\"@id\":\"https:\/\/www.aliseo.de\/fr\/#website\",\"url\":\"https:\/\/www.aliseo.de\/fr\/\",\"name\":\"ALISEO\",\"description\":\"\",\"publisher\":{\"@id\":\"https:\/\/www.aliseo.de\/fr\/#organization\"},\"potentialAction\":[{\"@type\":\"SearchAction\",\"target\":{\"@type\":\"EntryPoint\",\"urlTemplate\":\"https:\/\/www.aliseo.de\/fr\/?s={search_term_string}\"},\"query-input\":{\"@type\":\"PropertyValueSpecification\",\"valueRequired\":true,\"valueName\":\"search_term_string\"}}],\"inLanguage\":\"fr-FR\"},{\"@type\":\"Organization\",\"@id\":\"https:\/\/www.aliseo.de\/fr\/#organization\",\"name\":\"ALISEO\",\"url\":\"https:\/\/www.aliseo.de\/fr\/\",\"logo\":{\"@type\":\"ImageObject\",\"inLanguage\":\"fr-FR\",\"@id\":\"https:\/\/www.aliseo.de\/fr\/#\/schema\/logo\/image\/\",\"url\":\"https:\/\/www.aliseo.de\/wp-content\/uploads\/2024\/10\/ALI_Logo_schwarz.png\",\"contentUrl\":\"https:\/\/www.aliseo.de\/wp-content\/uploads\/2024\/10\/ALI_Logo_schwarz.png\",\"width\":2551,\"height\":543,\"caption\":\"ALISEO\"},\"image\":{\"@id\":\"https:\/\/www.aliseo.de\/fr\/#\/schema\/logo\/image\/\"},\"sameAs\":[\"https:\/\/www.facebook.com\/aliseogermany\",\"https:\/\/www.youtube.com\/user\/aliseogermany\",\"https:\/\/www.instagram.com\/aliseogermany\/\",\"https:\/\/de.linkedin.com\/company\/aliseogermany\"]}]}<\/script>\n<!-- \/ Yoast SEO plugin. -->","yoast_head_json":{"title":"PRESTIGE - ALISEO","robots":{"index":"index","follow":"follow","max-snippet":"max-snippet:-1","max-image-preview":"max-image-preview:large","max-video-preview":"max-video-preview:-1"},"canonical":"https:\/\/www.aliseo.de\/fr\/produit\/prestige-poubelle-trois-inserts-chrome\/","og_locale":"fr_FR","og_type":"article","og_title":"PRESTIGE - ALISEO","og_description":"Le tri des d\u00e9chets dans un h\u00f4tel est un v\u00e9ritable d\u00e9fi. Pour le chambre d&#8217;h\u00f4tes, nos poubelle PRESTIGE avec inserts amovibles ont une solution propre et simple. Disponibles avec 2 ou 3 compartiments, selon vos besoins. Et si vous pr\u00e9f\u00e9rez une version ferm\u00e9e, notre poubelle \u00e0 p\u00e9dale rectangulaire \u00e0 2 compartiments est le bon choix. [&hellip;]","og_url":"https:\/\/www.aliseo.de\/fr\/produit\/prestige-poubelle-trois-inserts-chrome\/","og_site_name":"ALISEO","article_publisher":"https:\/\/www.facebook.com\/aliseogermany","article_modified_time":"2026-02-23T15:25:54+00:00","og_image":[{"width":1024,"height":1024,"url":"https:\/\/www.aliseo.de\/wp-content\/uploads\/2024\/11\/030720_Abfalleimer_3_fach-1024x1024.png","type":"image\/png"}],"twitter_card":"summary_large_image","twitter_misc":{"Dur\u00e9e de lecture estim\u00e9e":"1 minute"},"schema":{"@context":"https:\/\/schema.org","@graph":[{"@type":"WebPage","@id":"https:\/\/www.aliseo.de\/fr\/produit\/prestige-poubelle-trois-inserts-chrome\/","url":"https:\/\/www.aliseo.de\/fr\/produit\/prestige-poubelle-trois-inserts-chrome\/","name":"PRESTIGE - ALISEO","isPartOf":{"@id":"https:\/\/www.aliseo.de\/fr\/#website"},"primaryImageOfPage":{"@id":"https:\/\/www.aliseo.de\/fr\/produit\/prestige-poubelle-trois-inserts-chrome\/#primaryimage"},"image":{"@id":"https:\/\/www.aliseo.de\/fr\/produit\/prestige-poubelle-trois-inserts-chrome\/#primaryimage"},"thumbnailUrl":"https:\/\/www.aliseo.de\/wp-content\/uploads\/2024\/11\/030720_Abfalleimer_3_fach.png","datePublished":"2024-11-12T11:36:18+00:00","dateModified":"2026-02-23T15:25:54+00:00","breadcrumb":{"@id":"https:\/\/www.aliseo.de\/fr\/produit\/prestige-poubelle-trois-inserts-chrome\/#breadcrumb"},"inLanguage":"fr-FR","potentialAction":[{"@type":"ReadAction","target":["https:\/\/www.aliseo.de\/fr\/produit\/prestige-poubelle-trois-inserts-chrome\/"]}]},{"@type":"ImageObject","inLanguage":"fr-FR","@id":"https:\/\/www.aliseo.de\/fr\/produit\/prestige-poubelle-trois-inserts-chrome\/#primaryimage","url":"https:\/\/www.aliseo.de\/wp-content\/uploads\/2024\/11\/030720_Abfalleimer_3_fach.png","contentUrl":"https:\/\/www.aliseo.de\/wp-content\/uploads\/2024\/11\/030720_Abfalleimer_3_fach.png","width":2500,"height":2500},{"@type":"BreadcrumbList","@id":"https:\/\/www.aliseo.de\/fr\/produit\/prestige-poubelle-trois-inserts-chrome\/#breadcrumb","itemListElement":[{"@type":"ListItem","position":1,"name":"Startseite","item":"https:\/\/www.aliseo.de\/fr\/homepage\/"},{"@type":"ListItem","position":2,"name":"Shop","item":"https:\/\/www.aliseo.de\/fr\/shop\/"},{"@type":"ListItem","position":3,"name":"PRESTIGE"}]},{"@type":"WebSite","@id":"https:\/\/www.aliseo.de\/fr\/#website","url":"https:\/\/www.aliseo.de\/fr\/","name":"ALISEO","description":"","publisher":{"@id":"https:\/\/www.aliseo.de\/fr\/#organization"},"potentialAction":[{"@type":"SearchAction","target":{"@type":"EntryPoint","urlTemplate":"https:\/\/www.aliseo.de\/fr\/?s={search_term_string}"},"query-input":{"@type":"PropertyValueSpecification","valueRequired":true,"valueName":"search_term_string"}}],"inLanguage":"fr-FR"},{"@type":"Organization","@id":"https:\/\/www.aliseo.de\/fr\/#organization","name":"ALISEO","url":"https:\/\/www.aliseo.de\/fr\/","logo":{"@type":"ImageObject","inLanguage":"fr-FR","@id":"https:\/\/www.aliseo.de\/fr\/#\/schema\/logo\/image\/","url":"https:\/\/www.aliseo.de\/wp-content\/uploads\/2024\/10\/ALI_Logo_schwarz.png","contentUrl":"https:\/\/www.aliseo.de\/wp-content\/uploads\/2024\/10\/ALI_Logo_schwarz.png","width":2551,"height":543,"caption":"ALISEO"},"image":{"@id":"https:\/\/www.aliseo.de\/fr\/#\/schema\/logo\/image\/"},"sameAs":["https:\/\/www.facebook.com\/aliseogermany","https:\/\/www.youtube.com\/user\/aliseogermany","https:\/\/www.instagram.com\/aliseogermany\/","https:\/\/de.linkedin.com\/company\/aliseogermany"]}]}},"_links":{"self":[{"href":"https:\/\/www.aliseo.de\/fr\/wp-json\/wp\/v2\/product\/12458","targetHints":{"allow":["GET"]}}],"collection":[{"href":"https:\/\/www.aliseo.de\/fr\/wp-json\/wp\/v2\/product"}],"about":[{"href":"https:\/\/www.aliseo.de\/fr\/wp-json\/wp\/v2\/types\/product"}],"replies":[{"embeddable":true,"href":"https:\/\/www.aliseo.de\/fr\/wp-json\/wp\/v2\/comments?post=12458"}],"wp:featuredmedia":[{"embeddable":true,"href":"https:\/\/www.aliseo.de\/fr\/wp-json\/wp\/v2\/media\/12147"}],"wp:attachment":[{"href":"https:\/\/www.aliseo.de\/fr\/wp-json\/wp\/v2\/media?parent=12458"}],"wp:term":[{"taxonomy":"produktgruppe","embeddable":true,"href":"https:\/\/www.aliseo.de\/fr\/wp-json\/wp\/v2\/produktgruppe?post=12458"},{"taxonomy":"product_brand","embeddable":true,"href":"https:\/\/www.aliseo.de\/fr\/wp-json\/wp\/v2\/product_brand?post=12458"},{"taxonomy":"product_cat","embeddable":true,"href":"https:\/\/www.aliseo.de\/fr\/wp-json\/wp\/v2\/product_cat?post=12458"},{"taxonomy":"product_tag","embeddable":true,"href":"https:\/\/www.aliseo.de\/fr\/wp-json\/wp\/v2\/product_tag?post=12458"}],"curies":[{"name":"wp","href":"https:\/\/api.w.org\/{rel}","templated":true}]}}