{"id":12423,"date":"2024-11-12T11:03:08","date_gmt":"2024-11-12T11:03:08","guid":{"rendered":"https:\/\/compassionate-engelbart.185-243-11-33.plesk.page\/?post_type=product&#038;p=12423"},"modified":"2025-08-12T12:14:04","modified_gmt":"2025-08-12T12:14:04","slug":"porte-valises-sans-dossier-noir","status":"publish","type":"product","link":"https:\/\/www.aliseo.de\/fr\/produit\/porte-valises-sans-dossier-noir\/","title":{"rendered":"porte-bagages"},"content":{"rendered":"<p>Fonctionnels ou luxueux, nos porte-bagages offrent une solution adapt\u00e9e \u00e0 chaque h\u00f4tel. Des mod\u00e8les pratiques d&#8217;entr\u00e9e de gamme aux versions haut de gamme, ils allient design, stabilit\u00e9 et confort. Particuli\u00e8rement durables : nos porte-bagages en bois sont fabriqu\u00e9s en Europe et proviennent de for\u00eats certifi\u00e9es et g\u00e9r\u00e9es durablement. Tous les mod\u00e8les sont durables et robustes et assurent un rangement confortable des bagages dans la chambre d&#8217;h\u00f4tel.<\/p>\n<ul>\n<li>Sans dossier<\/li>\n<li>Sangles noires<\/li>\n<li>Pliable<\/li>\n<li>Dimensions pli\u00e9es : 68 x 65 x 9 cm<\/li>\n<li>Mat\u00e9riau : tube d&#8217;acier<\/li>\n<\/ul>\n","protected":false},"excerpt":{"rendered":"<p>Fonctionnels ou luxueux, nos porte-bagages offrent une solution adapt\u00e9e \u00e0 chaque h\u00f4tel. Des mod\u00e8les pratiques d&#8217;entr\u00e9e de gamme aux versions haut de gamme, ils allient design, stabilit\u00e9 et confort. Particuli\u00e8rement durables : nos porte-bagages en bois sont fabriqu\u00e9s en Europe et proviennent de for\u00eats certifi\u00e9es et g\u00e9r\u00e9es durablement. Tous les mod\u00e8les sont durables et robustes [&hellip;]<\/p>\n","protected":false},"featured_media":9358,"comment_status":"closed","ping_status":"closed","template":"","meta":{"_acf_changed":false},"produktgruppe":[2384],"product_brand":[],"product_cat":[2265],"product_tag":[],"class_list":{"0":"post-12423","1":"product","2":"type-product","3":"status-publish","4":"has-post-thumbnail","6":"produktgruppe-kofferablage_stahlrohr","7":"product_cat-porte-bagages","9":"first","10":"instock","11":"shipping-taxable","12":"product-type-variable"},"acf":[],"yoast_head":"<!-- This site is optimized with the Yoast SEO plugin v24.7 - https:\/\/yoast.com\/wordpress\/plugins\/seo\/ -->\n<title>porte-bagages - ALISEO<\/title>\n<meta name=\"robots\" content=\"index, follow, max-snippet:-1, max-image-preview:large, max-video-preview:-1\" \/>\n<link rel=\"canonical\" href=\"https:\/\/www.aliseo.de\/fr\/produit\/porte-valises-sans-dossier-noir\/\" \/>\n<meta property=\"og:locale\" content=\"fr_FR\" \/>\n<meta property=\"og:type\" content=\"article\" \/>\n<meta property=\"og:title\" content=\"porte-bagages - ALISEO\" \/>\n<meta property=\"og:description\" content=\"Fonctionnels ou luxueux, nos porte-bagages offrent une solution adapt\u00e9e \u00e0 chaque h\u00f4tel. Des mod\u00e8les pratiques d&#8217;entr\u00e9e de gamme aux versions haut de gamme, ils allient design, stabilit\u00e9 et confort. Particuli\u00e8rement durables : nos porte-bagages en bois sont fabriqu\u00e9s en Europe et proviennent de for\u00eats certifi\u00e9es et g\u00e9r\u00e9es durablement. Tous les mod\u00e8les sont durables et robustes [&hellip;]\" \/>\n<meta property=\"og:url\" content=\"https:\/\/www.aliseo.de\/fr\/produit\/porte-valises-sans-dossier-noir\/\" \/>\n<meta property=\"og:site_name\" content=\"ALISEO\" \/>\n<meta property=\"article:publisher\" content=\"https:\/\/www.facebook.com\/aliseogermany\" \/>\n<meta property=\"article:modified_time\" content=\"2025-08-12T12:14:04+00:00\" \/>\n<meta property=\"og:image\" content=\"https:\/\/www.aliseo.de\/wp-content\/uploads\/2024\/11\/080087_Kofferablage.png\" \/>\n\t<meta property=\"og:image:width\" content=\"2500\" \/>\n\t<meta property=\"og:image:height\" content=\"2500\" \/>\n\t<meta property=\"og:image:type\" content=\"image\/png\" \/>\n<meta name=\"twitter:card\" content=\"summary_large_image\" \/>\n<meta name=\"twitter:label1\" content=\"Dur\u00e9e de lecture estim\u00e9e\" \/>\n\t<meta name=\"twitter:data1\" content=\"1 minute\" \/>\n<script type=\"application\/ld+json\" class=\"yoast-schema-graph\">{\"@context\":\"https:\/\/schema.org\",\"@graph\":[{\"@type\":\"WebPage\",\"@id\":\"https:\/\/www.aliseo.de\/fr\/produit\/porte-valises-sans-dossier-noir\/\",\"url\":\"https:\/\/www.aliseo.de\/fr\/produit\/porte-valises-sans-dossier-noir\/\",\"name\":\"porte-bagages - ALISEO\",\"isPartOf\":{\"@id\":\"https:\/\/www.aliseo.de\/fr\/#website\"},\"primaryImageOfPage\":{\"@id\":\"https:\/\/www.aliseo.de\/fr\/produit\/porte-valises-sans-dossier-noir\/#primaryimage\"},\"image\":{\"@id\":\"https:\/\/www.aliseo.de\/fr\/produit\/porte-valises-sans-dossier-noir\/#primaryimage\"},\"thumbnailUrl\":\"https:\/\/www.aliseo.de\/wp-content\/uploads\/2024\/11\/080087_Kofferablage.png\",\"datePublished\":\"2024-11-12T11:03:08+00:00\",\"dateModified\":\"2025-08-12T12:14:04+00:00\",\"breadcrumb\":{\"@id\":\"https:\/\/www.aliseo.de\/fr\/produit\/porte-valises-sans-dossier-noir\/#breadcrumb\"},\"inLanguage\":\"fr-FR\",\"potentialAction\":[{\"@type\":\"ReadAction\",\"target\":[\"https:\/\/www.aliseo.de\/fr\/produit\/porte-valises-sans-dossier-noir\/\"]}]},{\"@type\":\"ImageObject\",\"inLanguage\":\"fr-FR\",\"@id\":\"https:\/\/www.aliseo.de\/fr\/produit\/porte-valises-sans-dossier-noir\/#primaryimage\",\"url\":\"https:\/\/www.aliseo.de\/wp-content\/uploads\/2024\/11\/080087_Kofferablage.png\",\"contentUrl\":\"https:\/\/www.aliseo.de\/wp-content\/uploads\/2024\/11\/080087_Kofferablage.png\",\"width\":2500,\"height\":2500},{\"@type\":\"BreadcrumbList\",\"@id\":\"https:\/\/www.aliseo.de\/fr\/produit\/porte-valises-sans-dossier-noir\/#breadcrumb\",\"itemListElement\":[{\"@type\":\"ListItem\",\"position\":1,\"name\":\"Startseite\",\"item\":\"https:\/\/www.aliseo.de\/fr\/homepage\/\"},{\"@type\":\"ListItem\",\"position\":2,\"name\":\"Shop\",\"item\":\"https:\/\/www.aliseo.de\/fr\/shop\/\"},{\"@type\":\"ListItem\",\"position\":3,\"name\":\"porte-bagages\"}]},{\"@type\":\"WebSite\",\"@id\":\"https:\/\/www.aliseo.de\/fr\/#website\",\"url\":\"https:\/\/www.aliseo.de\/fr\/\",\"name\":\"ALISEO\",\"description\":\"\",\"publisher\":{\"@id\":\"https:\/\/www.aliseo.de\/fr\/#organization\"},\"potentialAction\":[{\"@type\":\"SearchAction\",\"target\":{\"@type\":\"EntryPoint\",\"urlTemplate\":\"https:\/\/www.aliseo.de\/fr\/?s={search_term_string}\"},\"query-input\":{\"@type\":\"PropertyValueSpecification\",\"valueRequired\":true,\"valueName\":\"search_term_string\"}}],\"inLanguage\":\"fr-FR\"},{\"@type\":\"Organization\",\"@id\":\"https:\/\/www.aliseo.de\/fr\/#organization\",\"name\":\"ALISEO\",\"url\":\"https:\/\/www.aliseo.de\/fr\/\",\"logo\":{\"@type\":\"ImageObject\",\"inLanguage\":\"fr-FR\",\"@id\":\"https:\/\/www.aliseo.de\/fr\/#\/schema\/logo\/image\/\",\"url\":\"https:\/\/www.aliseo.de\/wp-content\/uploads\/2024\/10\/ALI_Logo_schwarz.png\",\"contentUrl\":\"https:\/\/www.aliseo.de\/wp-content\/uploads\/2024\/10\/ALI_Logo_schwarz.png\",\"width\":2551,\"height\":543,\"caption\":\"ALISEO\"},\"image\":{\"@id\":\"https:\/\/www.aliseo.de\/fr\/#\/schema\/logo\/image\/\"},\"sameAs\":[\"https:\/\/www.facebook.com\/aliseogermany\",\"https:\/\/www.youtube.com\/user\/aliseogermany\",\"https:\/\/www.instagram.com\/aliseogermany\/\",\"https:\/\/de.linkedin.com\/company\/aliseogermany\"]}]}<\/script>\n<!-- \/ Yoast SEO plugin. -->","yoast_head_json":{"title":"porte-bagages - ALISEO","robots":{"index":"index","follow":"follow","max-snippet":"max-snippet:-1","max-image-preview":"max-image-preview:large","max-video-preview":"max-video-preview:-1"},"canonical":"https:\/\/www.aliseo.de\/fr\/produit\/porte-valises-sans-dossier-noir\/","og_locale":"fr_FR","og_type":"article","og_title":"porte-bagages - ALISEO","og_description":"Fonctionnels ou luxueux, nos porte-bagages offrent une solution adapt\u00e9e \u00e0 chaque h\u00f4tel. Des mod\u00e8les pratiques d&#8217;entr\u00e9e de gamme aux versions haut de gamme, ils allient design, stabilit\u00e9 et confort. Particuli\u00e8rement durables : nos porte-bagages en bois sont fabriqu\u00e9s en Europe et proviennent de for\u00eats certifi\u00e9es et g\u00e9r\u00e9es durablement. Tous les mod\u00e8les sont durables et robustes [&hellip;]","og_url":"https:\/\/www.aliseo.de\/fr\/produit\/porte-valises-sans-dossier-noir\/","og_site_name":"ALISEO","article_publisher":"https:\/\/www.facebook.com\/aliseogermany","article_modified_time":"2025-08-12T12:14:04+00:00","og_image":[{"width":2500,"height":2500,"url":"https:\/\/www.aliseo.de\/wp-content\/uploads\/2024\/11\/080087_Kofferablage.png","type":"image\/png"}],"twitter_card":"summary_large_image","twitter_misc":{"Dur\u00e9e de lecture estim\u00e9e":"1 minute"},"schema":{"@context":"https:\/\/schema.org","@graph":[{"@type":"WebPage","@id":"https:\/\/www.aliseo.de\/fr\/produit\/porte-valises-sans-dossier-noir\/","url":"https:\/\/www.aliseo.de\/fr\/produit\/porte-valises-sans-dossier-noir\/","name":"porte-bagages - ALISEO","isPartOf":{"@id":"https:\/\/www.aliseo.de\/fr\/#website"},"primaryImageOfPage":{"@id":"https:\/\/www.aliseo.de\/fr\/produit\/porte-valises-sans-dossier-noir\/#primaryimage"},"image":{"@id":"https:\/\/www.aliseo.de\/fr\/produit\/porte-valises-sans-dossier-noir\/#primaryimage"},"thumbnailUrl":"https:\/\/www.aliseo.de\/wp-content\/uploads\/2024\/11\/080087_Kofferablage.png","datePublished":"2024-11-12T11:03:08+00:00","dateModified":"2025-08-12T12:14:04+00:00","breadcrumb":{"@id":"https:\/\/www.aliseo.de\/fr\/produit\/porte-valises-sans-dossier-noir\/#breadcrumb"},"inLanguage":"fr-FR","potentialAction":[{"@type":"ReadAction","target":["https:\/\/www.aliseo.de\/fr\/produit\/porte-valises-sans-dossier-noir\/"]}]},{"@type":"ImageObject","inLanguage":"fr-FR","@id":"https:\/\/www.aliseo.de\/fr\/produit\/porte-valises-sans-dossier-noir\/#primaryimage","url":"https:\/\/www.aliseo.de\/wp-content\/uploads\/2024\/11\/080087_Kofferablage.png","contentUrl":"https:\/\/www.aliseo.de\/wp-content\/uploads\/2024\/11\/080087_Kofferablage.png","width":2500,"height":2500},{"@type":"BreadcrumbList","@id":"https:\/\/www.aliseo.de\/fr\/produit\/porte-valises-sans-dossier-noir\/#breadcrumb","itemListElement":[{"@type":"ListItem","position":1,"name":"Startseite","item":"https:\/\/www.aliseo.de\/fr\/homepage\/"},{"@type":"ListItem","position":2,"name":"Shop","item":"https:\/\/www.aliseo.de\/fr\/shop\/"},{"@type":"ListItem","position":3,"name":"porte-bagages"}]},{"@type":"WebSite","@id":"https:\/\/www.aliseo.de\/fr\/#website","url":"https:\/\/www.aliseo.de\/fr\/","name":"ALISEO","description":"","publisher":{"@id":"https:\/\/www.aliseo.de\/fr\/#organization"},"potentialAction":[{"@type":"SearchAction","target":{"@type":"EntryPoint","urlTemplate":"https:\/\/www.aliseo.de\/fr\/?s={search_term_string}"},"query-input":{"@type":"PropertyValueSpecification","valueRequired":true,"valueName":"search_term_string"}}],"inLanguage":"fr-FR"},{"@type":"Organization","@id":"https:\/\/www.aliseo.de\/fr\/#organization","name":"ALISEO","url":"https:\/\/www.aliseo.de\/fr\/","logo":{"@type":"ImageObject","inLanguage":"fr-FR","@id":"https:\/\/www.aliseo.de\/fr\/#\/schema\/logo\/image\/","url":"https:\/\/www.aliseo.de\/wp-content\/uploads\/2024\/10\/ALI_Logo_schwarz.png","contentUrl":"https:\/\/www.aliseo.de\/wp-content\/uploads\/2024\/10\/ALI_Logo_schwarz.png","width":2551,"height":543,"caption":"ALISEO"},"image":{"@id":"https:\/\/www.aliseo.de\/fr\/#\/schema\/logo\/image\/"},"sameAs":["https:\/\/www.facebook.com\/aliseogermany","https:\/\/www.youtube.com\/user\/aliseogermany","https:\/\/www.instagram.com\/aliseogermany\/","https:\/\/de.linkedin.com\/company\/aliseogermany"]}]}},"_links":{"self":[{"href":"https:\/\/www.aliseo.de\/fr\/wp-json\/wp\/v2\/product\/12423","targetHints":{"allow":["GET"]}}],"collection":[{"href":"https:\/\/www.aliseo.de\/fr\/wp-json\/wp\/v2\/product"}],"about":[{"href":"https:\/\/www.aliseo.de\/fr\/wp-json\/wp\/v2\/types\/product"}],"replies":[{"embeddable":true,"href":"https:\/\/www.aliseo.de\/fr\/wp-json\/wp\/v2\/comments?post=12423"}],"wp:featuredmedia":[{"embeddable":true,"href":"https:\/\/www.aliseo.de\/fr\/wp-json\/wp\/v2\/media\/9358"}],"wp:attachment":[{"href":"https:\/\/www.aliseo.de\/fr\/wp-json\/wp\/v2\/media?parent=12423"}],"wp:term":[{"taxonomy":"produktgruppe","embeddable":true,"href":"https:\/\/www.aliseo.de\/fr\/wp-json\/wp\/v2\/produktgruppe?post=12423"},{"taxonomy":"product_brand","embeddable":true,"href":"https:\/\/www.aliseo.de\/fr\/wp-json\/wp\/v2\/product_brand?post=12423"},{"taxonomy":"product_cat","embeddable":true,"href":"https:\/\/www.aliseo.de\/fr\/wp-json\/wp\/v2\/product_cat?post=12423"},{"taxonomy":"product_tag","embeddable":true,"href":"https:\/\/www.aliseo.de\/fr\/wp-json\/wp\/v2\/product_tag?post=12423"}],"curies":[{"name":"wp","href":"https:\/\/api.w.org\/{rel}","templated":true}]}}