{"id":12398,"date":"2024-11-12T11:03:37","date_gmt":"2024-11-12T11:03:37","guid":{"rendered":"https:\/\/compassionate-engelbart.185-243-11-33.plesk.page\/?post_type=product&#038;p=12398"},"modified":"2025-08-14T13:37:08","modified_gmt":"2025-08-14T13:37:08","slug":"welcome-tray-rangement-des-produits","status":"publish","type":"product","link":"https:\/\/www.aliseo.de\/fr\/produit\/welcome-tray-rangement-des-produits\/","title":{"rendered":"Plateau de bienvenue"},"content":{"rendered":"<p>Le WELCOME TRAY est plus qu&#8217;un plateau &#8211; c&#8217;est un syst\u00e8me bien pens\u00e9 pour recevoir avec style. Compos\u00e9 d&#8217;un plateau de base, d&#8217;un plateau de service plus petit et d&#8217;un porte-produits, le ensemble peut \u00eatre combin\u00e9 de mani\u00e8re flexible ou utilis\u00e9 seul. Le porte-produits apporte ordre et clart\u00e9 \u00e0 ensemble &#8211; que ce soit pour les sachets de th\u00e9, le sucre ou les petits accessoires. Pratique au quotidien, raffin\u00e9 dans son design : un petit d\u00e9tail qui a un grand effet.   <\/p>\n<p>TABLEAU DES PRODUITS<\/p>\n<ul>\n<li>En porcelaine<\/li>\n<li>Couleur r\u00e9sistante et anti-rayures<\/li>\n<li>Convient au lave-vaisselle<\/li>\n<li>Mat\u00e9riau : m\u00e9lamine<\/li>\n<li>130 x 40 x 100 mm<\/li>\n<\/ul>\n","protected":false},"excerpt":{"rendered":"<p>Le WELCOME TRAY est plus qu&#8217;un plateau &#8211; c&#8217;est un syst\u00e8me bien pens\u00e9 pour recevoir avec style. Compos\u00e9 d&#8217;un plateau de base, d&#8217;un plateau de service plus petit et d&#8217;un porte-produits, le ensemble peut \u00eatre combin\u00e9 de mani\u00e8re flexible ou utilis\u00e9 seul. Le porte-produits apporte ordre et clart\u00e9 \u00e0 ensemble &#8211; que ce soit pour [&hellip;]<\/p>\n","protected":false},"featured_media":9420,"comment_status":"closed","ping_status":"closed","template":"","meta":{"_acf_changed":false},"produktgruppe":[1802],"product_brand":[],"product_cat":[2242,2257],"product_tag":[],"class_list":{"0":"post-12398","1":"product","2":"type-product","3":"status-publish","4":"has-post-thumbnail","6":"produktgruppe-welcome-trays-1","7":"product_cat-plateaux","8":"product_cat-welcome-tray-solution","10":"first","11":"instock","12":"shipping-taxable","13":"product-type-simple"},"acf":[],"yoast_head":"<!-- This site is optimized with the Yoast SEO plugin v24.7 - https:\/\/yoast.com\/wordpress\/plugins\/seo\/ -->\n<title>Plateau de bienvenue - ALISEO<\/title>\n<meta name=\"robots\" content=\"index, follow, max-snippet:-1, max-image-preview:large, max-video-preview:-1\" \/>\n<link rel=\"canonical\" href=\"https:\/\/www.aliseo.de\/fr\/produit\/welcome-tray-rangement-des-produits\/\" \/>\n<meta property=\"og:locale\" content=\"fr_FR\" \/>\n<meta property=\"og:type\" content=\"article\" \/>\n<meta property=\"og:title\" content=\"Plateau de bienvenue - ALISEO\" \/>\n<meta property=\"og:description\" content=\"Le WELCOME TRAY est plus qu&#8217;un plateau &#8211; c&#8217;est un syst\u00e8me bien pens\u00e9 pour recevoir avec style. Compos\u00e9 d&#8217;un plateau de base, d&#8217;un plateau de service plus petit et d&#8217;un porte-produits, le ensemble peut \u00eatre combin\u00e9 de mani\u00e8re flexible ou utilis\u00e9 seul. Le porte-produits apporte ordre et clart\u00e9 \u00e0 ensemble &#8211; que ce soit pour [&hellip;]\" \/>\n<meta property=\"og:url\" content=\"https:\/\/www.aliseo.de\/fr\/produit\/welcome-tray-rangement-des-produits\/\" \/>\n<meta property=\"og:site_name\" content=\"ALISEO\" \/>\n<meta property=\"article:publisher\" content=\"https:\/\/www.facebook.com\/aliseogermany\" \/>\n<meta property=\"article:modified_time\" content=\"2025-08-14T13:37:08+00:00\" \/>\n<meta property=\"og:image\" content=\"https:\/\/www.aliseo.de\/wp-content\/uploads\/2024\/11\/170228_Welcome_Tray_Solution_Tablett_schwarz.png\" \/>\n\t<meta property=\"og:image:width\" content=\"2500\" \/>\n\t<meta property=\"og:image:height\" content=\"2500\" \/>\n\t<meta property=\"og:image:type\" content=\"image\/png\" \/>\n<meta name=\"twitter:card\" content=\"summary_large_image\" \/>\n<meta name=\"twitter:label1\" content=\"Dur\u00e9e de lecture estim\u00e9e\" \/>\n\t<meta name=\"twitter:data1\" content=\"1 minute\" \/>\n<script type=\"application\/ld+json\" class=\"yoast-schema-graph\">{\"@context\":\"https:\/\/schema.org\",\"@graph\":[{\"@type\":\"WebPage\",\"@id\":\"https:\/\/www.aliseo.de\/fr\/produit\/welcome-tray-rangement-des-produits\/\",\"url\":\"https:\/\/www.aliseo.de\/fr\/produit\/welcome-tray-rangement-des-produits\/\",\"name\":\"Plateau de bienvenue - ALISEO\",\"isPartOf\":{\"@id\":\"https:\/\/www.aliseo.de\/fr\/#website\"},\"primaryImageOfPage\":{\"@id\":\"https:\/\/www.aliseo.de\/fr\/produit\/welcome-tray-rangement-des-produits\/#primaryimage\"},\"image\":{\"@id\":\"https:\/\/www.aliseo.de\/fr\/produit\/welcome-tray-rangement-des-produits\/#primaryimage\"},\"thumbnailUrl\":\"https:\/\/www.aliseo.de\/wp-content\/uploads\/2024\/11\/170228_Welcome_Tray_Solution_Tablett_schwarz.png\",\"datePublished\":\"2024-11-12T11:03:37+00:00\",\"dateModified\":\"2025-08-14T13:37:08+00:00\",\"breadcrumb\":{\"@id\":\"https:\/\/www.aliseo.de\/fr\/produit\/welcome-tray-rangement-des-produits\/#breadcrumb\"},\"inLanguage\":\"fr-FR\",\"potentialAction\":[{\"@type\":\"ReadAction\",\"target\":[\"https:\/\/www.aliseo.de\/fr\/produit\/welcome-tray-rangement-des-produits\/\"]}]},{\"@type\":\"ImageObject\",\"inLanguage\":\"fr-FR\",\"@id\":\"https:\/\/www.aliseo.de\/fr\/produit\/welcome-tray-rangement-des-produits\/#primaryimage\",\"url\":\"https:\/\/www.aliseo.de\/wp-content\/uploads\/2024\/11\/170228_Welcome_Tray_Solution_Tablett_schwarz.png\",\"contentUrl\":\"https:\/\/www.aliseo.de\/wp-content\/uploads\/2024\/11\/170228_Welcome_Tray_Solution_Tablett_schwarz.png\",\"width\":2500,\"height\":2500},{\"@type\":\"BreadcrumbList\",\"@id\":\"https:\/\/www.aliseo.de\/fr\/produit\/welcome-tray-rangement-des-produits\/#breadcrumb\",\"itemListElement\":[{\"@type\":\"ListItem\",\"position\":1,\"name\":\"Startseite\",\"item\":\"https:\/\/www.aliseo.de\/fr\/\"},{\"@type\":\"ListItem\",\"position\":2,\"name\":\"Shop\",\"item\":\"https:\/\/www.aliseo.de\/fr\/shop\/\"},{\"@type\":\"ListItem\",\"position\":3,\"name\":\"Plateau de bienvenue\"}]},{\"@type\":\"WebSite\",\"@id\":\"https:\/\/www.aliseo.de\/fr\/#website\",\"url\":\"https:\/\/www.aliseo.de\/fr\/\",\"name\":\"ALISEO\",\"description\":\"\",\"publisher\":{\"@id\":\"https:\/\/www.aliseo.de\/fr\/#organization\"},\"potentialAction\":[{\"@type\":\"SearchAction\",\"target\":{\"@type\":\"EntryPoint\",\"urlTemplate\":\"https:\/\/www.aliseo.de\/fr\/?s={search_term_string}\"},\"query-input\":{\"@type\":\"PropertyValueSpecification\",\"valueRequired\":true,\"valueName\":\"search_term_string\"}}],\"inLanguage\":\"fr-FR\"},{\"@type\":\"Organization\",\"@id\":\"https:\/\/www.aliseo.de\/fr\/#organization\",\"name\":\"ALISEO\",\"url\":\"https:\/\/www.aliseo.de\/fr\/\",\"logo\":{\"@type\":\"ImageObject\",\"inLanguage\":\"fr-FR\",\"@id\":\"https:\/\/www.aliseo.de\/fr\/#\/schema\/logo\/image\/\",\"url\":\"https:\/\/www.aliseo.de\/wp-content\/uploads\/2024\/10\/ALI_Logo_schwarz.png\",\"contentUrl\":\"https:\/\/www.aliseo.de\/wp-content\/uploads\/2024\/10\/ALI_Logo_schwarz.png\",\"width\":2551,\"height\":543,\"caption\":\"ALISEO\"},\"image\":{\"@id\":\"https:\/\/www.aliseo.de\/fr\/#\/schema\/logo\/image\/\"},\"sameAs\":[\"https:\/\/www.facebook.com\/aliseogermany\",\"https:\/\/www.youtube.com\/user\/aliseogermany\",\"https:\/\/www.instagram.com\/aliseogermany\/\",\"https:\/\/de.linkedin.com\/company\/aliseogermany\"]}]}<\/script>\n<!-- \/ Yoast SEO plugin. -->","yoast_head_json":{"title":"Plateau de bienvenue - ALISEO","robots":{"index":"index","follow":"follow","max-snippet":"max-snippet:-1","max-image-preview":"max-image-preview:large","max-video-preview":"max-video-preview:-1"},"canonical":"https:\/\/www.aliseo.de\/fr\/produit\/welcome-tray-rangement-des-produits\/","og_locale":"fr_FR","og_type":"article","og_title":"Plateau de bienvenue - ALISEO","og_description":"Le WELCOME TRAY est plus qu&#8217;un plateau &#8211; c&#8217;est un syst\u00e8me bien pens\u00e9 pour recevoir avec style. Compos\u00e9 d&#8217;un plateau de base, d&#8217;un plateau de service plus petit et d&#8217;un porte-produits, le ensemble peut \u00eatre combin\u00e9 de mani\u00e8re flexible ou utilis\u00e9 seul. Le porte-produits apporte ordre et clart\u00e9 \u00e0 ensemble &#8211; que ce soit pour [&hellip;]","og_url":"https:\/\/www.aliseo.de\/fr\/produit\/welcome-tray-rangement-des-produits\/","og_site_name":"ALISEO","article_publisher":"https:\/\/www.facebook.com\/aliseogermany","article_modified_time":"2025-08-14T13:37:08+00:00","og_image":[{"width":2500,"height":2500,"url":"https:\/\/www.aliseo.de\/wp-content\/uploads\/2024\/11\/170228_Welcome_Tray_Solution_Tablett_schwarz.png","type":"image\/png"}],"twitter_card":"summary_large_image","twitter_misc":{"Dur\u00e9e de lecture estim\u00e9e":"1 minute"},"schema":{"@context":"https:\/\/schema.org","@graph":[{"@type":"WebPage","@id":"https:\/\/www.aliseo.de\/fr\/produit\/welcome-tray-rangement-des-produits\/","url":"https:\/\/www.aliseo.de\/fr\/produit\/welcome-tray-rangement-des-produits\/","name":"Plateau de bienvenue - ALISEO","isPartOf":{"@id":"https:\/\/www.aliseo.de\/fr\/#website"},"primaryImageOfPage":{"@id":"https:\/\/www.aliseo.de\/fr\/produit\/welcome-tray-rangement-des-produits\/#primaryimage"},"image":{"@id":"https:\/\/www.aliseo.de\/fr\/produit\/welcome-tray-rangement-des-produits\/#primaryimage"},"thumbnailUrl":"https:\/\/www.aliseo.de\/wp-content\/uploads\/2024\/11\/170228_Welcome_Tray_Solution_Tablett_schwarz.png","datePublished":"2024-11-12T11:03:37+00:00","dateModified":"2025-08-14T13:37:08+00:00","breadcrumb":{"@id":"https:\/\/www.aliseo.de\/fr\/produit\/welcome-tray-rangement-des-produits\/#breadcrumb"},"inLanguage":"fr-FR","potentialAction":[{"@type":"ReadAction","target":["https:\/\/www.aliseo.de\/fr\/produit\/welcome-tray-rangement-des-produits\/"]}]},{"@type":"ImageObject","inLanguage":"fr-FR","@id":"https:\/\/www.aliseo.de\/fr\/produit\/welcome-tray-rangement-des-produits\/#primaryimage","url":"https:\/\/www.aliseo.de\/wp-content\/uploads\/2024\/11\/170228_Welcome_Tray_Solution_Tablett_schwarz.png","contentUrl":"https:\/\/www.aliseo.de\/wp-content\/uploads\/2024\/11\/170228_Welcome_Tray_Solution_Tablett_schwarz.png","width":2500,"height":2500},{"@type":"BreadcrumbList","@id":"https:\/\/www.aliseo.de\/fr\/produit\/welcome-tray-rangement-des-produits\/#breadcrumb","itemListElement":[{"@type":"ListItem","position":1,"name":"Startseite","item":"https:\/\/www.aliseo.de\/fr\/"},{"@type":"ListItem","position":2,"name":"Shop","item":"https:\/\/www.aliseo.de\/fr\/shop\/"},{"@type":"ListItem","position":3,"name":"Plateau de bienvenue"}]},{"@type":"WebSite","@id":"https:\/\/www.aliseo.de\/fr\/#website","url":"https:\/\/www.aliseo.de\/fr\/","name":"ALISEO","description":"","publisher":{"@id":"https:\/\/www.aliseo.de\/fr\/#organization"},"potentialAction":[{"@type":"SearchAction","target":{"@type":"EntryPoint","urlTemplate":"https:\/\/www.aliseo.de\/fr\/?s={search_term_string}"},"query-input":{"@type":"PropertyValueSpecification","valueRequired":true,"valueName":"search_term_string"}}],"inLanguage":"fr-FR"},{"@type":"Organization","@id":"https:\/\/www.aliseo.de\/fr\/#organization","name":"ALISEO","url":"https:\/\/www.aliseo.de\/fr\/","logo":{"@type":"ImageObject","inLanguage":"fr-FR","@id":"https:\/\/www.aliseo.de\/fr\/#\/schema\/logo\/image\/","url":"https:\/\/www.aliseo.de\/wp-content\/uploads\/2024\/10\/ALI_Logo_schwarz.png","contentUrl":"https:\/\/www.aliseo.de\/wp-content\/uploads\/2024\/10\/ALI_Logo_schwarz.png","width":2551,"height":543,"caption":"ALISEO"},"image":{"@id":"https:\/\/www.aliseo.de\/fr\/#\/schema\/logo\/image\/"},"sameAs":["https:\/\/www.facebook.com\/aliseogermany","https:\/\/www.youtube.com\/user\/aliseogermany","https:\/\/www.instagram.com\/aliseogermany\/","https:\/\/de.linkedin.com\/company\/aliseogermany"]}]}},"_links":{"self":[{"href":"https:\/\/www.aliseo.de\/fr\/wp-json\/wp\/v2\/product\/12398","targetHints":{"allow":["GET"]}}],"collection":[{"href":"https:\/\/www.aliseo.de\/fr\/wp-json\/wp\/v2\/product"}],"about":[{"href":"https:\/\/www.aliseo.de\/fr\/wp-json\/wp\/v2\/types\/product"}],"replies":[{"embeddable":true,"href":"https:\/\/www.aliseo.de\/fr\/wp-json\/wp\/v2\/comments?post=12398"}],"wp:featuredmedia":[{"embeddable":true,"href":"https:\/\/www.aliseo.de\/fr\/wp-json\/wp\/v2\/media\/9420"}],"wp:attachment":[{"href":"https:\/\/www.aliseo.de\/fr\/wp-json\/wp\/v2\/media?parent=12398"}],"wp:term":[{"taxonomy":"produktgruppe","embeddable":true,"href":"https:\/\/www.aliseo.de\/fr\/wp-json\/wp\/v2\/produktgruppe?post=12398"},{"taxonomy":"product_brand","embeddable":true,"href":"https:\/\/www.aliseo.de\/fr\/wp-json\/wp\/v2\/product_brand?post=12398"},{"taxonomy":"product_cat","embeddable":true,"href":"https:\/\/www.aliseo.de\/fr\/wp-json\/wp\/v2\/product_cat?post=12398"},{"taxonomy":"product_tag","embeddable":true,"href":"https:\/\/www.aliseo.de\/fr\/wp-json\/wp\/v2\/product_tag?post=12398"}],"curies":[{"name":"wp","href":"https:\/\/api.w.org\/{rel}","templated":true}]}}