{"id":11727,"date":"2024-11-12T11:00:28","date_gmt":"2024-11-12T11:00:28","guid":{"rendered":"https:\/\/compassionate-engelbart.185-243-11-33.plesk.page\/?post_type=product&#038;p=11727"},"modified":"2025-07-16T13:32:34","modified_gmt":"2025-07-16T13:32:34","slug":"cosmo-minimalist-non-eclaire-miroir-cosmetique-modele-sur-pied-chrome","status":"publish","type":"product","link":"https:\/\/www.aliseo.de\/fr\/produit\/cosmo-minimalist-non-eclaire-miroir-cosmetique-modele-sur-pied-chrome\/","title":{"rendered":"Cosmo Minimalist"},"content":{"rendered":"<p>COSMO MINIMALIST est aussi merveilleusement simple que peut l&#8217;\u00eatre un miroir cosm\u00e9tique. Sans illumination, il est r\u00e9duit \u00e0 l&#8217;essentiel et fait ainsi bonne figure. Les meilleurs mat\u00e9riaux font de lui un compagnon pour l&#8217;\u00e9ternit\u00e9 \u00e0 tous points de vue.<\/p>\n<ul>\n<li>mod\u00e8le \u00e0 poser<\/li>\n<li>grossissement 3x<\/li>\n<li>ajustement complet du pivot<\/li>\n<\/ul>\n","protected":false},"excerpt":{"rendered":"<p>COSMO MINIMALIST est aussi merveilleusement simple que peut l&#8217;\u00eatre un miroir cosm\u00e9tique. Sans illumination, il est r\u00e9duit \u00e0 l&#8217;essentiel et fait ainsi bonne figure. Les meilleurs mat\u00e9riaux font de lui un compagnon pour l&#8217;\u00e9ternit\u00e9 \u00e0 tous points de vue. mod\u00e8le \u00e0 poser grossissement 3x ajustement complet du pivot<\/p>\n","protected":false},"featured_media":8973,"comment_status":"closed","ping_status":"closed","template":"","meta":{"_acf_changed":false},"produktgruppe":[1825],"product_brand":[],"product_cat":[2296,2285,2249],"product_tag":[],"class_list":{"0":"post-11727","1":"product","2":"type-product","3":"status-publish","4":"has-post-thumbnail","6":"produktgruppe-cosmo-minimalist-1","7":"product_cat-nu-finishes","8":"product_cat-miroir-cosmetique-non-lumineux","9":"product_cat-cosmo-minimalist","10":"pa_ausfuehrung-modele-a-poser","12":"first","13":"instock","14":"shipping-taxable","15":"product-type-simple"},"acf":[],"yoast_head":"<!-- This site is optimized with the Yoast SEO plugin v24.7 - https:\/\/yoast.com\/wordpress\/plugins\/seo\/ -->\n<title>Cosmo Minimalist - ALISEO<\/title>\n<meta name=\"robots\" content=\"index, follow, max-snippet:-1, max-image-preview:large, max-video-preview:-1\" \/>\n<link rel=\"canonical\" href=\"https:\/\/www.aliseo.de\/fr\/produit\/cosmo-minimalist-non-eclaire-miroir-cosmetique-modele-sur-pied-chrome\/\" \/>\n<meta property=\"og:locale\" content=\"fr_FR\" \/>\n<meta property=\"og:type\" content=\"article\" \/>\n<meta property=\"og:title\" content=\"Cosmo Minimalist - ALISEO\" \/>\n<meta property=\"og:description\" content=\"COSMO MINIMALIST est aussi merveilleusement simple que peut l&#8217;\u00eatre un miroir cosm\u00e9tique. Sans illumination, il est r\u00e9duit \u00e0 l&#8217;essentiel et fait ainsi bonne figure. Les meilleurs mat\u00e9riaux font de lui un compagnon pour l&#8217;\u00e9ternit\u00e9 \u00e0 tous points de vue. mod\u00e8le \u00e0 poser grossissement 3x ajustement complet du pivot\" \/>\n<meta property=\"og:url\" content=\"https:\/\/www.aliseo.de\/fr\/produit\/cosmo-minimalist-non-eclaire-miroir-cosmetique-modele-sur-pied-chrome\/\" \/>\n<meta property=\"og:site_name\" content=\"ALISEO\" \/>\n<meta property=\"article:publisher\" content=\"https:\/\/www.facebook.com\/aliseogermany\" \/>\n<meta property=\"article:modified_time\" content=\"2025-07-16T13:32:34+00:00\" \/>\n<meta property=\"og:image\" content=\"https:\/\/www.aliseo.de\/wp-content\/uploads\/2024\/11\/020488_Kosmetikspiegel_Cosmo-Minimalist-1024x1024.png\" \/>\n\t<meta property=\"og:image:width\" content=\"1024\" \/>\n\t<meta property=\"og:image:height\" content=\"1024\" \/>\n\t<meta property=\"og:image:type\" content=\"image\/png\" \/>\n<meta name=\"twitter:card\" content=\"summary_large_image\" \/>\n<meta name=\"twitter:label1\" content=\"Dur\u00e9e de lecture estim\u00e9e\" \/>\n\t<meta name=\"twitter:data1\" content=\"1 minute\" \/>\n<script type=\"application\/ld+json\" class=\"yoast-schema-graph\">{\"@context\":\"https:\/\/schema.org\",\"@graph\":[{\"@type\":\"WebPage\",\"@id\":\"https:\/\/www.aliseo.de\/fr\/produit\/cosmo-minimalist-non-eclaire-miroir-cosmetique-modele-sur-pied-chrome\/\",\"url\":\"https:\/\/www.aliseo.de\/fr\/produit\/cosmo-minimalist-non-eclaire-miroir-cosmetique-modele-sur-pied-chrome\/\",\"name\":\"Cosmo Minimalist - ALISEO\",\"isPartOf\":{\"@id\":\"https:\/\/www.aliseo.de\/fr\/#website\"},\"primaryImageOfPage\":{\"@id\":\"https:\/\/www.aliseo.de\/fr\/produit\/cosmo-minimalist-non-eclaire-miroir-cosmetique-modele-sur-pied-chrome\/#primaryimage\"},\"image\":{\"@id\":\"https:\/\/www.aliseo.de\/fr\/produit\/cosmo-minimalist-non-eclaire-miroir-cosmetique-modele-sur-pied-chrome\/#primaryimage\"},\"thumbnailUrl\":\"https:\/\/www.aliseo.de\/wp-content\/uploads\/2024\/11\/020488_Kosmetikspiegel_Cosmo-Minimalist.png\",\"datePublished\":\"2024-11-12T11:00:28+00:00\",\"dateModified\":\"2025-07-16T13:32:34+00:00\",\"breadcrumb\":{\"@id\":\"https:\/\/www.aliseo.de\/fr\/produit\/cosmo-minimalist-non-eclaire-miroir-cosmetique-modele-sur-pied-chrome\/#breadcrumb\"},\"inLanguage\":\"fr-FR\",\"potentialAction\":[{\"@type\":\"ReadAction\",\"target\":[\"https:\/\/www.aliseo.de\/fr\/produit\/cosmo-minimalist-non-eclaire-miroir-cosmetique-modele-sur-pied-chrome\/\"]}]},{\"@type\":\"ImageObject\",\"inLanguage\":\"fr-FR\",\"@id\":\"https:\/\/www.aliseo.de\/fr\/produit\/cosmo-minimalist-non-eclaire-miroir-cosmetique-modele-sur-pied-chrome\/#primaryimage\",\"url\":\"https:\/\/www.aliseo.de\/wp-content\/uploads\/2024\/11\/020488_Kosmetikspiegel_Cosmo-Minimalist.png\",\"contentUrl\":\"https:\/\/www.aliseo.de\/wp-content\/uploads\/2024\/11\/020488_Kosmetikspiegel_Cosmo-Minimalist.png\",\"width\":2500,\"height\":2500},{\"@type\":\"BreadcrumbList\",\"@id\":\"https:\/\/www.aliseo.de\/fr\/produit\/cosmo-minimalist-non-eclaire-miroir-cosmetique-modele-sur-pied-chrome\/#breadcrumb\",\"itemListElement\":[{\"@type\":\"ListItem\",\"position\":1,\"name\":\"Startseite\",\"item\":\"https:\/\/www.aliseo.de\/fr\/homepage\/\"},{\"@type\":\"ListItem\",\"position\":2,\"name\":\"Shop\",\"item\":\"https:\/\/www.aliseo.de\/fr\/shop\/\"},{\"@type\":\"ListItem\",\"position\":3,\"name\":\"Cosmo Minimalist\"}]},{\"@type\":\"WebSite\",\"@id\":\"https:\/\/www.aliseo.de\/fr\/#website\",\"url\":\"https:\/\/www.aliseo.de\/fr\/\",\"name\":\"ALISEO\",\"description\":\"\",\"publisher\":{\"@id\":\"https:\/\/www.aliseo.de\/fr\/#organization\"},\"potentialAction\":[{\"@type\":\"SearchAction\",\"target\":{\"@type\":\"EntryPoint\",\"urlTemplate\":\"https:\/\/www.aliseo.de\/fr\/?s={search_term_string}\"},\"query-input\":{\"@type\":\"PropertyValueSpecification\",\"valueRequired\":true,\"valueName\":\"search_term_string\"}}],\"inLanguage\":\"fr-FR\"},{\"@type\":\"Organization\",\"@id\":\"https:\/\/www.aliseo.de\/fr\/#organization\",\"name\":\"ALISEO\",\"url\":\"https:\/\/www.aliseo.de\/fr\/\",\"logo\":{\"@type\":\"ImageObject\",\"inLanguage\":\"fr-FR\",\"@id\":\"https:\/\/www.aliseo.de\/fr\/#\/schema\/logo\/image\/\",\"url\":\"https:\/\/www.aliseo.de\/wp-content\/uploads\/2024\/10\/ALI_Logo_schwarz.png\",\"contentUrl\":\"https:\/\/www.aliseo.de\/wp-content\/uploads\/2024\/10\/ALI_Logo_schwarz.png\",\"width\":2551,\"height\":543,\"caption\":\"ALISEO\"},\"image\":{\"@id\":\"https:\/\/www.aliseo.de\/fr\/#\/schema\/logo\/image\/\"},\"sameAs\":[\"https:\/\/www.facebook.com\/aliseogermany\",\"https:\/\/www.youtube.com\/user\/aliseogermany\",\"https:\/\/www.instagram.com\/aliseogermany\/\",\"https:\/\/de.linkedin.com\/company\/aliseogermany\"]}]}<\/script>\n<!-- \/ Yoast SEO plugin. -->","yoast_head_json":{"title":"Cosmo Minimalist - ALISEO","robots":{"index":"index","follow":"follow","max-snippet":"max-snippet:-1","max-image-preview":"max-image-preview:large","max-video-preview":"max-video-preview:-1"},"canonical":"https:\/\/www.aliseo.de\/fr\/produit\/cosmo-minimalist-non-eclaire-miroir-cosmetique-modele-sur-pied-chrome\/","og_locale":"fr_FR","og_type":"article","og_title":"Cosmo Minimalist - ALISEO","og_description":"COSMO MINIMALIST est aussi merveilleusement simple que peut l&#8217;\u00eatre un miroir cosm\u00e9tique. Sans illumination, il est r\u00e9duit \u00e0 l&#8217;essentiel et fait ainsi bonne figure. Les meilleurs mat\u00e9riaux font de lui un compagnon pour l&#8217;\u00e9ternit\u00e9 \u00e0 tous points de vue. mod\u00e8le \u00e0 poser grossissement 3x ajustement complet du pivot","og_url":"https:\/\/www.aliseo.de\/fr\/produit\/cosmo-minimalist-non-eclaire-miroir-cosmetique-modele-sur-pied-chrome\/","og_site_name":"ALISEO","article_publisher":"https:\/\/www.facebook.com\/aliseogermany","article_modified_time":"2025-07-16T13:32:34+00:00","og_image":[{"width":1024,"height":1024,"url":"https:\/\/www.aliseo.de\/wp-content\/uploads\/2024\/11\/020488_Kosmetikspiegel_Cosmo-Minimalist-1024x1024.png","type":"image\/png"}],"twitter_card":"summary_large_image","twitter_misc":{"Dur\u00e9e de lecture estim\u00e9e":"1 minute"},"schema":{"@context":"https:\/\/schema.org","@graph":[{"@type":"WebPage","@id":"https:\/\/www.aliseo.de\/fr\/produit\/cosmo-minimalist-non-eclaire-miroir-cosmetique-modele-sur-pied-chrome\/","url":"https:\/\/www.aliseo.de\/fr\/produit\/cosmo-minimalist-non-eclaire-miroir-cosmetique-modele-sur-pied-chrome\/","name":"Cosmo Minimalist - ALISEO","isPartOf":{"@id":"https:\/\/www.aliseo.de\/fr\/#website"},"primaryImageOfPage":{"@id":"https:\/\/www.aliseo.de\/fr\/produit\/cosmo-minimalist-non-eclaire-miroir-cosmetique-modele-sur-pied-chrome\/#primaryimage"},"image":{"@id":"https:\/\/www.aliseo.de\/fr\/produit\/cosmo-minimalist-non-eclaire-miroir-cosmetique-modele-sur-pied-chrome\/#primaryimage"},"thumbnailUrl":"https:\/\/www.aliseo.de\/wp-content\/uploads\/2024\/11\/020488_Kosmetikspiegel_Cosmo-Minimalist.png","datePublished":"2024-11-12T11:00:28+00:00","dateModified":"2025-07-16T13:32:34+00:00","breadcrumb":{"@id":"https:\/\/www.aliseo.de\/fr\/produit\/cosmo-minimalist-non-eclaire-miroir-cosmetique-modele-sur-pied-chrome\/#breadcrumb"},"inLanguage":"fr-FR","potentialAction":[{"@type":"ReadAction","target":["https:\/\/www.aliseo.de\/fr\/produit\/cosmo-minimalist-non-eclaire-miroir-cosmetique-modele-sur-pied-chrome\/"]}]},{"@type":"ImageObject","inLanguage":"fr-FR","@id":"https:\/\/www.aliseo.de\/fr\/produit\/cosmo-minimalist-non-eclaire-miroir-cosmetique-modele-sur-pied-chrome\/#primaryimage","url":"https:\/\/www.aliseo.de\/wp-content\/uploads\/2024\/11\/020488_Kosmetikspiegel_Cosmo-Minimalist.png","contentUrl":"https:\/\/www.aliseo.de\/wp-content\/uploads\/2024\/11\/020488_Kosmetikspiegel_Cosmo-Minimalist.png","width":2500,"height":2500},{"@type":"BreadcrumbList","@id":"https:\/\/www.aliseo.de\/fr\/produit\/cosmo-minimalist-non-eclaire-miroir-cosmetique-modele-sur-pied-chrome\/#breadcrumb","itemListElement":[{"@type":"ListItem","position":1,"name":"Startseite","item":"https:\/\/www.aliseo.de\/fr\/homepage\/"},{"@type":"ListItem","position":2,"name":"Shop","item":"https:\/\/www.aliseo.de\/fr\/shop\/"},{"@type":"ListItem","position":3,"name":"Cosmo Minimalist"}]},{"@type":"WebSite","@id":"https:\/\/www.aliseo.de\/fr\/#website","url":"https:\/\/www.aliseo.de\/fr\/","name":"ALISEO","description":"","publisher":{"@id":"https:\/\/www.aliseo.de\/fr\/#organization"},"potentialAction":[{"@type":"SearchAction","target":{"@type":"EntryPoint","urlTemplate":"https:\/\/www.aliseo.de\/fr\/?s={search_term_string}"},"query-input":{"@type":"PropertyValueSpecification","valueRequired":true,"valueName":"search_term_string"}}],"inLanguage":"fr-FR"},{"@type":"Organization","@id":"https:\/\/www.aliseo.de\/fr\/#organization","name":"ALISEO","url":"https:\/\/www.aliseo.de\/fr\/","logo":{"@type":"ImageObject","inLanguage":"fr-FR","@id":"https:\/\/www.aliseo.de\/fr\/#\/schema\/logo\/image\/","url":"https:\/\/www.aliseo.de\/wp-content\/uploads\/2024\/10\/ALI_Logo_schwarz.png","contentUrl":"https:\/\/www.aliseo.de\/wp-content\/uploads\/2024\/10\/ALI_Logo_schwarz.png","width":2551,"height":543,"caption":"ALISEO"},"image":{"@id":"https:\/\/www.aliseo.de\/fr\/#\/schema\/logo\/image\/"},"sameAs":["https:\/\/www.facebook.com\/aliseogermany","https:\/\/www.youtube.com\/user\/aliseogermany","https:\/\/www.instagram.com\/aliseogermany\/","https:\/\/de.linkedin.com\/company\/aliseogermany"]}]}},"_links":{"self":[{"href":"https:\/\/www.aliseo.de\/fr\/wp-json\/wp\/v2\/product\/11727","targetHints":{"allow":["GET"]}}],"collection":[{"href":"https:\/\/www.aliseo.de\/fr\/wp-json\/wp\/v2\/product"}],"about":[{"href":"https:\/\/www.aliseo.de\/fr\/wp-json\/wp\/v2\/types\/product"}],"replies":[{"embeddable":true,"href":"https:\/\/www.aliseo.de\/fr\/wp-json\/wp\/v2\/comments?post=11727"}],"wp:featuredmedia":[{"embeddable":true,"href":"https:\/\/www.aliseo.de\/fr\/wp-json\/wp\/v2\/media\/8973"}],"wp:attachment":[{"href":"https:\/\/www.aliseo.de\/fr\/wp-json\/wp\/v2\/media?parent=11727"}],"wp:term":[{"taxonomy":"produktgruppe","embeddable":true,"href":"https:\/\/www.aliseo.de\/fr\/wp-json\/wp\/v2\/produktgruppe?post=11727"},{"taxonomy":"product_brand","embeddable":true,"href":"https:\/\/www.aliseo.de\/fr\/wp-json\/wp\/v2\/product_brand?post=11727"},{"taxonomy":"product_cat","embeddable":true,"href":"https:\/\/www.aliseo.de\/fr\/wp-json\/wp\/v2\/product_cat?post=11727"},{"taxonomy":"product_tag","embeddable":true,"href":"https:\/\/www.aliseo.de\/fr\/wp-json\/wp\/v2\/product_tag?post=11727"}],"curies":[{"name":"wp","href":"https:\/\/api.w.org\/{rel}","templated":true}]}}