{"id":11707,"date":"2024-11-12T11:00:31","date_gmt":"2024-11-12T11:00:31","guid":{"rendered":"https:\/\/compassionate-engelbart.185-243-11-33.plesk.page\/?post_type=product&#038;p=11707"},"modified":"2025-07-09T12:43:08","modified_gmt":"2025-07-09T12:43:08","slug":"led-saturn-eclaire-miroir-cosmetique-bras-pivotant-double","status":"publish","type":"product","link":"https:\/\/www.aliseo.de\/fr\/produit\/led-saturn-eclaire-miroir-cosmetique-bras-pivotant-double\/","title":{"rendered":"LED Saturn"},"content":{"rendered":"<p>\u00c9l\u00e9gance essentielle<\/p>\n<p>Un profil ultra-plat et contemporain et des d\u00e9tails fonctionnels apportent du bien-\u00eatre dans la salle de bains. La technologie T3 vous offre le choix entre une lumi\u00e8re du jour vive et une lumi\u00e8re du soir chaude.<\/p>\n<ul>\n<li>miroir cosm\u00e9tique \u00e9clair\u00e9 sur le double bras pivotant<\/li>\n<li>Technologie T3, lumi\u00e8re du jour vive ou lumi\u00e8re du soir chaude<\/li>\n<li>50 000 heures d&#8217;\u00e9clairage sans entretien<\/li>\n<li>grossissement 3x<\/li>\n<li>Construction en laiton<\/li>\n<li>IP 44 test\u00e9<\/li>\n<\/ul>\n","protected":false},"excerpt":{"rendered":"<p>\u00c9l\u00e9gance essentielle Un profil ultra-plat et contemporain et des d\u00e9tails fonctionnels apportent du bien-\u00eatre dans la salle de bains. La technologie T3 vous offre le choix entre une lumi\u00e8re du jour vive et une lumi\u00e8re du soir chaude. miroir cosm\u00e9tique \u00e9clair\u00e9 sur le double bras pivotant Technologie T3, lumi\u00e8re du jour vive ou lumi\u00e8re du [&hellip;]<\/p>\n","protected":false},"featured_media":9103,"comment_status":"closed","ping_status":"closed","template":"","meta":{"_acf_changed":false},"produktgruppe":[1814],"product_brand":[],"product_cat":[2296,2286,2253],"product_tag":[],"class_list":{"0":"post-11707","1":"product","2":"type-product","3":"status-publish","4":"has-post-thumbnail","6":"produktgruppe-led-saturn-t3-1","7":"product_cat-nu-finishes","8":"product_cat-miroir-cosmetique-lumineux","9":"product_cat-led-saturn","10":"pa_ausfuehrung-bras-double","12":"first","13":"instock","14":"shipping-taxable","15":"product-type-simple"},"acf":[],"yoast_head":"<!-- This site is optimized with the Yoast SEO plugin v24.7 - https:\/\/yoast.com\/wordpress\/plugins\/seo\/ -->\n<title>LED Saturn - ALISEO<\/title>\n<meta name=\"robots\" content=\"index, follow, max-snippet:-1, max-image-preview:large, max-video-preview:-1\" \/>\n<link rel=\"canonical\" href=\"https:\/\/www.aliseo.de\/fr\/produit\/led-saturn-eclaire-miroir-cosmetique-bras-pivotant-double\/\" \/>\n<meta property=\"og:locale\" content=\"fr_FR\" \/>\n<meta property=\"og:type\" content=\"article\" \/>\n<meta property=\"og:title\" content=\"LED Saturn - ALISEO\" \/>\n<meta property=\"og:description\" content=\"\u00c9l\u00e9gance essentielle Un profil ultra-plat et contemporain et des d\u00e9tails fonctionnels apportent du bien-\u00eatre dans la salle de bains. La technologie T3 vous offre le choix entre une lumi\u00e8re du jour vive et une lumi\u00e8re du soir chaude. miroir cosm\u00e9tique \u00e9clair\u00e9 sur le double bras pivotant Technologie T3, lumi\u00e8re du jour vive ou lumi\u00e8re du [&hellip;]\" \/>\n<meta property=\"og:url\" content=\"https:\/\/www.aliseo.de\/fr\/produit\/led-saturn-eclaire-miroir-cosmetique-bras-pivotant-double\/\" \/>\n<meta property=\"og:site_name\" content=\"ALISEO\" \/>\n<meta property=\"article:publisher\" content=\"https:\/\/www.facebook.com\/aliseogermany\" \/>\n<meta property=\"article:modified_time\" content=\"2025-07-09T12:43:08+00:00\" \/>\n<meta property=\"og:image\" content=\"https:\/\/www.aliseo.de\/wp-content\/uploads\/2024\/11\/020744_Kosmetikspiegel-LED-Saturn-1024x1024.png\" \/>\n\t<meta property=\"og:image:width\" content=\"1024\" \/>\n\t<meta property=\"og:image:height\" content=\"1024\" \/>\n\t<meta property=\"og:image:type\" content=\"image\/png\" \/>\n<meta name=\"twitter:card\" content=\"summary_large_image\" \/>\n<meta name=\"twitter:label1\" content=\"Dur\u00e9e de lecture estim\u00e9e\" \/>\n\t<meta name=\"twitter:data1\" content=\"1 minute\" \/>\n<script type=\"application\/ld+json\" class=\"yoast-schema-graph\">{\"@context\":\"https:\/\/schema.org\",\"@graph\":[{\"@type\":\"WebPage\",\"@id\":\"https:\/\/www.aliseo.de\/fr\/produit\/led-saturn-eclaire-miroir-cosmetique-bras-pivotant-double\/\",\"url\":\"https:\/\/www.aliseo.de\/fr\/produit\/led-saturn-eclaire-miroir-cosmetique-bras-pivotant-double\/\",\"name\":\"LED Saturn - ALISEO\",\"isPartOf\":{\"@id\":\"https:\/\/www.aliseo.de\/fr\/#website\"},\"primaryImageOfPage\":{\"@id\":\"https:\/\/www.aliseo.de\/fr\/produit\/led-saturn-eclaire-miroir-cosmetique-bras-pivotant-double\/#primaryimage\"},\"image\":{\"@id\":\"https:\/\/www.aliseo.de\/fr\/produit\/led-saturn-eclaire-miroir-cosmetique-bras-pivotant-double\/#primaryimage\"},\"thumbnailUrl\":\"https:\/\/www.aliseo.de\/wp-content\/uploads\/2024\/11\/020744_Kosmetikspiegel-LED-Saturn.png\",\"datePublished\":\"2024-11-12T11:00:31+00:00\",\"dateModified\":\"2025-07-09T12:43:08+00:00\",\"breadcrumb\":{\"@id\":\"https:\/\/www.aliseo.de\/fr\/produit\/led-saturn-eclaire-miroir-cosmetique-bras-pivotant-double\/#breadcrumb\"},\"inLanguage\":\"fr-FR\",\"potentialAction\":[{\"@type\":\"ReadAction\",\"target\":[\"https:\/\/www.aliseo.de\/fr\/produit\/led-saturn-eclaire-miroir-cosmetique-bras-pivotant-double\/\"]}]},{\"@type\":\"ImageObject\",\"inLanguage\":\"fr-FR\",\"@id\":\"https:\/\/www.aliseo.de\/fr\/produit\/led-saturn-eclaire-miroir-cosmetique-bras-pivotant-double\/#primaryimage\",\"url\":\"https:\/\/www.aliseo.de\/wp-content\/uploads\/2024\/11\/020744_Kosmetikspiegel-LED-Saturn.png\",\"contentUrl\":\"https:\/\/www.aliseo.de\/wp-content\/uploads\/2024\/11\/020744_Kosmetikspiegel-LED-Saturn.png\",\"width\":2500,\"height\":2500},{\"@type\":\"BreadcrumbList\",\"@id\":\"https:\/\/www.aliseo.de\/fr\/produit\/led-saturn-eclaire-miroir-cosmetique-bras-pivotant-double\/#breadcrumb\",\"itemListElement\":[{\"@type\":\"ListItem\",\"position\":1,\"name\":\"Startseite\",\"item\":\"https:\/\/www.aliseo.de\/fr\/homepage\/\"},{\"@type\":\"ListItem\",\"position\":2,\"name\":\"Shop\",\"item\":\"https:\/\/www.aliseo.de\/fr\/shop\/\"},{\"@type\":\"ListItem\",\"position\":3,\"name\":\"LED Saturn\"}]},{\"@type\":\"WebSite\",\"@id\":\"https:\/\/www.aliseo.de\/fr\/#website\",\"url\":\"https:\/\/www.aliseo.de\/fr\/\",\"name\":\"ALISEO\",\"description\":\"\",\"publisher\":{\"@id\":\"https:\/\/www.aliseo.de\/fr\/#organization\"},\"potentialAction\":[{\"@type\":\"SearchAction\",\"target\":{\"@type\":\"EntryPoint\",\"urlTemplate\":\"https:\/\/www.aliseo.de\/fr\/?s={search_term_string}\"},\"query-input\":{\"@type\":\"PropertyValueSpecification\",\"valueRequired\":true,\"valueName\":\"search_term_string\"}}],\"inLanguage\":\"fr-FR\"},{\"@type\":\"Organization\",\"@id\":\"https:\/\/www.aliseo.de\/fr\/#organization\",\"name\":\"ALISEO\",\"url\":\"https:\/\/www.aliseo.de\/fr\/\",\"logo\":{\"@type\":\"ImageObject\",\"inLanguage\":\"fr-FR\",\"@id\":\"https:\/\/www.aliseo.de\/fr\/#\/schema\/logo\/image\/\",\"url\":\"https:\/\/www.aliseo.de\/wp-content\/uploads\/2024\/10\/ALI_Logo_schwarz.png\",\"contentUrl\":\"https:\/\/www.aliseo.de\/wp-content\/uploads\/2024\/10\/ALI_Logo_schwarz.png\",\"width\":2551,\"height\":543,\"caption\":\"ALISEO\"},\"image\":{\"@id\":\"https:\/\/www.aliseo.de\/fr\/#\/schema\/logo\/image\/\"},\"sameAs\":[\"https:\/\/www.facebook.com\/aliseogermany\",\"https:\/\/www.youtube.com\/user\/aliseogermany\",\"https:\/\/www.instagram.com\/aliseogermany\/\",\"https:\/\/de.linkedin.com\/company\/aliseogermany\"]}]}<\/script>\n<!-- \/ Yoast SEO plugin. -->","yoast_head_json":{"title":"LED Saturn - ALISEO","robots":{"index":"index","follow":"follow","max-snippet":"max-snippet:-1","max-image-preview":"max-image-preview:large","max-video-preview":"max-video-preview:-1"},"canonical":"https:\/\/www.aliseo.de\/fr\/produit\/led-saturn-eclaire-miroir-cosmetique-bras-pivotant-double\/","og_locale":"fr_FR","og_type":"article","og_title":"LED Saturn - ALISEO","og_description":"\u00c9l\u00e9gance essentielle Un profil ultra-plat et contemporain et des d\u00e9tails fonctionnels apportent du bien-\u00eatre dans la salle de bains. La technologie T3 vous offre le choix entre une lumi\u00e8re du jour vive et une lumi\u00e8re du soir chaude. miroir cosm\u00e9tique \u00e9clair\u00e9 sur le double bras pivotant Technologie T3, lumi\u00e8re du jour vive ou lumi\u00e8re du [&hellip;]","og_url":"https:\/\/www.aliseo.de\/fr\/produit\/led-saturn-eclaire-miroir-cosmetique-bras-pivotant-double\/","og_site_name":"ALISEO","article_publisher":"https:\/\/www.facebook.com\/aliseogermany","article_modified_time":"2025-07-09T12:43:08+00:00","og_image":[{"width":1024,"height":1024,"url":"https:\/\/www.aliseo.de\/wp-content\/uploads\/2024\/11\/020744_Kosmetikspiegel-LED-Saturn-1024x1024.png","type":"image\/png"}],"twitter_card":"summary_large_image","twitter_misc":{"Dur\u00e9e de lecture estim\u00e9e":"1 minute"},"schema":{"@context":"https:\/\/schema.org","@graph":[{"@type":"WebPage","@id":"https:\/\/www.aliseo.de\/fr\/produit\/led-saturn-eclaire-miroir-cosmetique-bras-pivotant-double\/","url":"https:\/\/www.aliseo.de\/fr\/produit\/led-saturn-eclaire-miroir-cosmetique-bras-pivotant-double\/","name":"LED Saturn - ALISEO","isPartOf":{"@id":"https:\/\/www.aliseo.de\/fr\/#website"},"primaryImageOfPage":{"@id":"https:\/\/www.aliseo.de\/fr\/produit\/led-saturn-eclaire-miroir-cosmetique-bras-pivotant-double\/#primaryimage"},"image":{"@id":"https:\/\/www.aliseo.de\/fr\/produit\/led-saturn-eclaire-miroir-cosmetique-bras-pivotant-double\/#primaryimage"},"thumbnailUrl":"https:\/\/www.aliseo.de\/wp-content\/uploads\/2024\/11\/020744_Kosmetikspiegel-LED-Saturn.png","datePublished":"2024-11-12T11:00:31+00:00","dateModified":"2025-07-09T12:43:08+00:00","breadcrumb":{"@id":"https:\/\/www.aliseo.de\/fr\/produit\/led-saturn-eclaire-miroir-cosmetique-bras-pivotant-double\/#breadcrumb"},"inLanguage":"fr-FR","potentialAction":[{"@type":"ReadAction","target":["https:\/\/www.aliseo.de\/fr\/produit\/led-saturn-eclaire-miroir-cosmetique-bras-pivotant-double\/"]}]},{"@type":"ImageObject","inLanguage":"fr-FR","@id":"https:\/\/www.aliseo.de\/fr\/produit\/led-saturn-eclaire-miroir-cosmetique-bras-pivotant-double\/#primaryimage","url":"https:\/\/www.aliseo.de\/wp-content\/uploads\/2024\/11\/020744_Kosmetikspiegel-LED-Saturn.png","contentUrl":"https:\/\/www.aliseo.de\/wp-content\/uploads\/2024\/11\/020744_Kosmetikspiegel-LED-Saturn.png","width":2500,"height":2500},{"@type":"BreadcrumbList","@id":"https:\/\/www.aliseo.de\/fr\/produit\/led-saturn-eclaire-miroir-cosmetique-bras-pivotant-double\/#breadcrumb","itemListElement":[{"@type":"ListItem","position":1,"name":"Startseite","item":"https:\/\/www.aliseo.de\/fr\/homepage\/"},{"@type":"ListItem","position":2,"name":"Shop","item":"https:\/\/www.aliseo.de\/fr\/shop\/"},{"@type":"ListItem","position":3,"name":"LED Saturn"}]},{"@type":"WebSite","@id":"https:\/\/www.aliseo.de\/fr\/#website","url":"https:\/\/www.aliseo.de\/fr\/","name":"ALISEO","description":"","publisher":{"@id":"https:\/\/www.aliseo.de\/fr\/#organization"},"potentialAction":[{"@type":"SearchAction","target":{"@type":"EntryPoint","urlTemplate":"https:\/\/www.aliseo.de\/fr\/?s={search_term_string}"},"query-input":{"@type":"PropertyValueSpecification","valueRequired":true,"valueName":"search_term_string"}}],"inLanguage":"fr-FR"},{"@type":"Organization","@id":"https:\/\/www.aliseo.de\/fr\/#organization","name":"ALISEO","url":"https:\/\/www.aliseo.de\/fr\/","logo":{"@type":"ImageObject","inLanguage":"fr-FR","@id":"https:\/\/www.aliseo.de\/fr\/#\/schema\/logo\/image\/","url":"https:\/\/www.aliseo.de\/wp-content\/uploads\/2024\/10\/ALI_Logo_schwarz.png","contentUrl":"https:\/\/www.aliseo.de\/wp-content\/uploads\/2024\/10\/ALI_Logo_schwarz.png","width":2551,"height":543,"caption":"ALISEO"},"image":{"@id":"https:\/\/www.aliseo.de\/fr\/#\/schema\/logo\/image\/"},"sameAs":["https:\/\/www.facebook.com\/aliseogermany","https:\/\/www.youtube.com\/user\/aliseogermany","https:\/\/www.instagram.com\/aliseogermany\/","https:\/\/de.linkedin.com\/company\/aliseogermany"]}]}},"_links":{"self":[{"href":"https:\/\/www.aliseo.de\/fr\/wp-json\/wp\/v2\/product\/11707","targetHints":{"allow":["GET"]}}],"collection":[{"href":"https:\/\/www.aliseo.de\/fr\/wp-json\/wp\/v2\/product"}],"about":[{"href":"https:\/\/www.aliseo.de\/fr\/wp-json\/wp\/v2\/types\/product"}],"replies":[{"embeddable":true,"href":"https:\/\/www.aliseo.de\/fr\/wp-json\/wp\/v2\/comments?post=11707"}],"wp:featuredmedia":[{"embeddable":true,"href":"https:\/\/www.aliseo.de\/fr\/wp-json\/wp\/v2\/media\/9103"}],"wp:attachment":[{"href":"https:\/\/www.aliseo.de\/fr\/wp-json\/wp\/v2\/media?parent=11707"}],"wp:term":[{"taxonomy":"produktgruppe","embeddable":true,"href":"https:\/\/www.aliseo.de\/fr\/wp-json\/wp\/v2\/produktgruppe?post=11707"},{"taxonomy":"product_brand","embeddable":true,"href":"https:\/\/www.aliseo.de\/fr\/wp-json\/wp\/v2\/product_brand?post=11707"},{"taxonomy":"product_cat","embeddable":true,"href":"https:\/\/www.aliseo.de\/fr\/wp-json\/wp\/v2\/product_cat?post=11707"},{"taxonomy":"product_tag","embeddable":true,"href":"https:\/\/www.aliseo.de\/fr\/wp-json\/wp\/v2\/product_tag?post=11707"}],"curies":[{"name":"wp","href":"https:\/\/api.w.org\/{rel}","templated":true}]}}