{"id":11703,"date":"2024-11-12T11:00:30","date_gmt":"2024-11-12T11:00:30","guid":{"rendered":"https:\/\/compassionate-engelbart.185-243-11-33.plesk.page\/?post_type=product&#038;p=11703"},"modified":"2025-07-09T12:13:47","modified_gmt":"2025-07-09T12:13:47","slug":"led-saturn-eclaire-miroir-cosmetique-bras-articule","status":"publish","type":"product","link":"https:\/\/www.aliseo.de\/fr\/produit\/led-saturn-eclaire-miroir-cosmetique-bras-articule\/","title":{"rendered":"LED Saturn"},"content":{"rendered":"<p>Le site miroirs cosm\u00e9tiques lumineux pour les utilisateurs exigeants. LED SATURN. Gr\u00e2ce \u00e0 notre technologie exclusive Two-Tone-Touch, la couleur de la lumi\u00e8re passe du blanc froid au blanc chaud d&#8217;un simple effleurement. Cela est rendu possible par deux syst\u00e8mes de LED ind\u00e9pendants \u00e0 l&#8217;int\u00e9rieur du miroir. Et comme nous n&#8217;utilisons que les meilleurs composants pour ces \u00e9l\u00e9ments invisibles, LED SATURN est super \u00e9conomique et offre une dur\u00e9e de vie sans entretien pouvant atteindre 50 000 heures.    <\/p>\n<ul>\n<li>Sur le site bras simple<\/li>\n<li>Connexion directe<\/li>\n<li>grossissement 3x<\/li>\n<li>ajustement complet du pivot<\/li>\n<li>SMD-LED illumination:<br \/>\nLumi\u00e8re blanche chaude 3500-4000 K<br \/>\nLumi\u00e8re blanche froide 5000-5500 K<\/li>\n<li> Technologie T3 incluant deux tons de lumi\u00e8re s\u00e9lectionnables<\/li>\n<li>Bouton-poussoir \u00e9clair\u00e9<\/li>\n<li>Sans entretien &#8211; dur\u00e9e de vie jusqu&#8217;\u00e0 50 000 heures<\/li>\n<li>classe I<\/li>\n<li> IP 44<\/li>\n<li> 100-240 V<\/li>\n<\/ul>\n","protected":false},"excerpt":{"rendered":"<p>Le site miroirs cosm\u00e9tiques lumineux pour les utilisateurs exigeants. LED SATURN. Gr\u00e2ce \u00e0 notre technologie exclusive Two-Tone-Touch, la couleur de la lumi\u00e8re passe du blanc froid au blanc chaud d&#8217;un simple effleurement. Cela est rendu possible par deux syst\u00e8mes de LED ind\u00e9pendants \u00e0 l&#8217;int\u00e9rieur du miroir. Et comme nous n&#8217;utilisons que les meilleurs composants pour [&hellip;]<\/p>\n","protected":false},"featured_media":9088,"comment_status":"closed","ping_status":"closed","template":"","meta":{"_acf_changed":false},"produktgruppe":[1814],"product_brand":[],"product_cat":[2296,2286,2253],"product_tag":[],"class_list":{"0":"post-11703","1":"product","2":"type-product","3":"status-publish","4":"has-post-thumbnail","6":"produktgruppe-led-saturn-t3-1","7":"product_cat-nu-finishes","8":"product_cat-miroir-cosmetique-lumineux","9":"product_cat-led-saturn","10":"pa_ausfuehrung-bras-simple","12":"first","13":"instock","14":"shipping-taxable","15":"product-type-simple"},"acf":[],"yoast_head":"<!-- This site is optimized with the Yoast SEO plugin v24.7 - https:\/\/yoast.com\/wordpress\/plugins\/seo\/ -->\n<title>LED Saturn - ALISEO<\/title>\n<meta name=\"robots\" content=\"index, follow, max-snippet:-1, max-image-preview:large, max-video-preview:-1\" \/>\n<link rel=\"canonical\" href=\"https:\/\/www.aliseo.de\/fr\/produit\/led-saturn-eclaire-miroir-cosmetique-bras-articule\/\" \/>\n<meta property=\"og:locale\" content=\"fr_FR\" \/>\n<meta property=\"og:type\" content=\"article\" \/>\n<meta property=\"og:title\" content=\"LED Saturn - ALISEO\" \/>\n<meta property=\"og:description\" content=\"Le site miroirs cosm\u00e9tiques lumineux pour les utilisateurs exigeants. LED SATURN. Gr\u00e2ce \u00e0 notre technologie exclusive Two-Tone-Touch, la couleur de la lumi\u00e8re passe du blanc froid au blanc chaud d&#8217;un simple effleurement. Cela est rendu possible par deux syst\u00e8mes de LED ind\u00e9pendants \u00e0 l&#8217;int\u00e9rieur du miroir. Et comme nous n&#8217;utilisons que les meilleurs composants pour [&hellip;]\" \/>\n<meta property=\"og:url\" content=\"https:\/\/www.aliseo.de\/fr\/produit\/led-saturn-eclaire-miroir-cosmetique-bras-articule\/\" \/>\n<meta property=\"og:site_name\" content=\"ALISEO\" \/>\n<meta property=\"article:publisher\" content=\"https:\/\/www.facebook.com\/aliseogermany\" \/>\n<meta property=\"article:modified_time\" content=\"2025-07-09T12:13:47+00:00\" \/>\n<meta property=\"og:image\" content=\"https:\/\/www.aliseo.de\/wp-content\/uploads\/2024\/11\/020743_Kosmetikspiegel-LED-Saturn-1024x1024.png\" \/>\n\t<meta property=\"og:image:width\" content=\"1024\" \/>\n\t<meta property=\"og:image:height\" content=\"1024\" \/>\n\t<meta property=\"og:image:type\" content=\"image\/png\" \/>\n<meta name=\"twitter:card\" content=\"summary_large_image\" \/>\n<meta name=\"twitter:label1\" content=\"Dur\u00e9e de lecture estim\u00e9e\" \/>\n\t<meta name=\"twitter:data1\" content=\"1 minute\" \/>\n<script type=\"application\/ld+json\" class=\"yoast-schema-graph\">{\"@context\":\"https:\/\/schema.org\",\"@graph\":[{\"@type\":\"WebPage\",\"@id\":\"https:\/\/www.aliseo.de\/fr\/produit\/led-saturn-eclaire-miroir-cosmetique-bras-articule\/\",\"url\":\"https:\/\/www.aliseo.de\/fr\/produit\/led-saturn-eclaire-miroir-cosmetique-bras-articule\/\",\"name\":\"LED Saturn - ALISEO\",\"isPartOf\":{\"@id\":\"https:\/\/www.aliseo.de\/fr\/#website\"},\"primaryImageOfPage\":{\"@id\":\"https:\/\/www.aliseo.de\/fr\/produit\/led-saturn-eclaire-miroir-cosmetique-bras-articule\/#primaryimage\"},\"image\":{\"@id\":\"https:\/\/www.aliseo.de\/fr\/produit\/led-saturn-eclaire-miroir-cosmetique-bras-articule\/#primaryimage\"},\"thumbnailUrl\":\"https:\/\/www.aliseo.de\/wp-content\/uploads\/2024\/11\/020743_Kosmetikspiegel-LED-Saturn.png\",\"datePublished\":\"2024-11-12T11:00:30+00:00\",\"dateModified\":\"2025-07-09T12:13:47+00:00\",\"breadcrumb\":{\"@id\":\"https:\/\/www.aliseo.de\/fr\/produit\/led-saturn-eclaire-miroir-cosmetique-bras-articule\/#breadcrumb\"},\"inLanguage\":\"fr-FR\",\"potentialAction\":[{\"@type\":\"ReadAction\",\"target\":[\"https:\/\/www.aliseo.de\/fr\/produit\/led-saturn-eclaire-miroir-cosmetique-bras-articule\/\"]}]},{\"@type\":\"ImageObject\",\"inLanguage\":\"fr-FR\",\"@id\":\"https:\/\/www.aliseo.de\/fr\/produit\/led-saturn-eclaire-miroir-cosmetique-bras-articule\/#primaryimage\",\"url\":\"https:\/\/www.aliseo.de\/wp-content\/uploads\/2024\/11\/020743_Kosmetikspiegel-LED-Saturn.png\",\"contentUrl\":\"https:\/\/www.aliseo.de\/wp-content\/uploads\/2024\/11\/020743_Kosmetikspiegel-LED-Saturn.png\",\"width\":2500,\"height\":2500},{\"@type\":\"BreadcrumbList\",\"@id\":\"https:\/\/www.aliseo.de\/fr\/produit\/led-saturn-eclaire-miroir-cosmetique-bras-articule\/#breadcrumb\",\"itemListElement\":[{\"@type\":\"ListItem\",\"position\":1,\"name\":\"Startseite\",\"item\":\"https:\/\/www.aliseo.de\/fr\/homepage\/\"},{\"@type\":\"ListItem\",\"position\":2,\"name\":\"Shop\",\"item\":\"https:\/\/www.aliseo.de\/fr\/shop\/\"},{\"@type\":\"ListItem\",\"position\":3,\"name\":\"LED Saturn\"}]},{\"@type\":\"WebSite\",\"@id\":\"https:\/\/www.aliseo.de\/fr\/#website\",\"url\":\"https:\/\/www.aliseo.de\/fr\/\",\"name\":\"ALISEO\",\"description\":\"\",\"publisher\":{\"@id\":\"https:\/\/www.aliseo.de\/fr\/#organization\"},\"potentialAction\":[{\"@type\":\"SearchAction\",\"target\":{\"@type\":\"EntryPoint\",\"urlTemplate\":\"https:\/\/www.aliseo.de\/fr\/?s={search_term_string}\"},\"query-input\":{\"@type\":\"PropertyValueSpecification\",\"valueRequired\":true,\"valueName\":\"search_term_string\"}}],\"inLanguage\":\"fr-FR\"},{\"@type\":\"Organization\",\"@id\":\"https:\/\/www.aliseo.de\/fr\/#organization\",\"name\":\"ALISEO\",\"url\":\"https:\/\/www.aliseo.de\/fr\/\",\"logo\":{\"@type\":\"ImageObject\",\"inLanguage\":\"fr-FR\",\"@id\":\"https:\/\/www.aliseo.de\/fr\/#\/schema\/logo\/image\/\",\"url\":\"https:\/\/www.aliseo.de\/wp-content\/uploads\/2024\/10\/ALI_Logo_schwarz.png\",\"contentUrl\":\"https:\/\/www.aliseo.de\/wp-content\/uploads\/2024\/10\/ALI_Logo_schwarz.png\",\"width\":2551,\"height\":543,\"caption\":\"ALISEO\"},\"image\":{\"@id\":\"https:\/\/www.aliseo.de\/fr\/#\/schema\/logo\/image\/\"},\"sameAs\":[\"https:\/\/www.facebook.com\/aliseogermany\",\"https:\/\/www.youtube.com\/user\/aliseogermany\",\"https:\/\/www.instagram.com\/aliseogermany\/\",\"https:\/\/de.linkedin.com\/company\/aliseogermany\"]}]}<\/script>\n<!-- \/ Yoast SEO plugin. -->","yoast_head_json":{"title":"LED Saturn - ALISEO","robots":{"index":"index","follow":"follow","max-snippet":"max-snippet:-1","max-image-preview":"max-image-preview:large","max-video-preview":"max-video-preview:-1"},"canonical":"https:\/\/www.aliseo.de\/fr\/produit\/led-saturn-eclaire-miroir-cosmetique-bras-articule\/","og_locale":"fr_FR","og_type":"article","og_title":"LED Saturn - ALISEO","og_description":"Le site miroirs cosm\u00e9tiques lumineux pour les utilisateurs exigeants. LED SATURN. Gr\u00e2ce \u00e0 notre technologie exclusive Two-Tone-Touch, la couleur de la lumi\u00e8re passe du blanc froid au blanc chaud d&#8217;un simple effleurement. Cela est rendu possible par deux syst\u00e8mes de LED ind\u00e9pendants \u00e0 l&#8217;int\u00e9rieur du miroir. Et comme nous n&#8217;utilisons que les meilleurs composants pour [&hellip;]","og_url":"https:\/\/www.aliseo.de\/fr\/produit\/led-saturn-eclaire-miroir-cosmetique-bras-articule\/","og_site_name":"ALISEO","article_publisher":"https:\/\/www.facebook.com\/aliseogermany","article_modified_time":"2025-07-09T12:13:47+00:00","og_image":[{"width":1024,"height":1024,"url":"https:\/\/www.aliseo.de\/wp-content\/uploads\/2024\/11\/020743_Kosmetikspiegel-LED-Saturn-1024x1024.png","type":"image\/png"}],"twitter_card":"summary_large_image","twitter_misc":{"Dur\u00e9e de lecture estim\u00e9e":"1 minute"},"schema":{"@context":"https:\/\/schema.org","@graph":[{"@type":"WebPage","@id":"https:\/\/www.aliseo.de\/fr\/produit\/led-saturn-eclaire-miroir-cosmetique-bras-articule\/","url":"https:\/\/www.aliseo.de\/fr\/produit\/led-saturn-eclaire-miroir-cosmetique-bras-articule\/","name":"LED Saturn - ALISEO","isPartOf":{"@id":"https:\/\/www.aliseo.de\/fr\/#website"},"primaryImageOfPage":{"@id":"https:\/\/www.aliseo.de\/fr\/produit\/led-saturn-eclaire-miroir-cosmetique-bras-articule\/#primaryimage"},"image":{"@id":"https:\/\/www.aliseo.de\/fr\/produit\/led-saturn-eclaire-miroir-cosmetique-bras-articule\/#primaryimage"},"thumbnailUrl":"https:\/\/www.aliseo.de\/wp-content\/uploads\/2024\/11\/020743_Kosmetikspiegel-LED-Saturn.png","datePublished":"2024-11-12T11:00:30+00:00","dateModified":"2025-07-09T12:13:47+00:00","breadcrumb":{"@id":"https:\/\/www.aliseo.de\/fr\/produit\/led-saturn-eclaire-miroir-cosmetique-bras-articule\/#breadcrumb"},"inLanguage":"fr-FR","potentialAction":[{"@type":"ReadAction","target":["https:\/\/www.aliseo.de\/fr\/produit\/led-saturn-eclaire-miroir-cosmetique-bras-articule\/"]}]},{"@type":"ImageObject","inLanguage":"fr-FR","@id":"https:\/\/www.aliseo.de\/fr\/produit\/led-saturn-eclaire-miroir-cosmetique-bras-articule\/#primaryimage","url":"https:\/\/www.aliseo.de\/wp-content\/uploads\/2024\/11\/020743_Kosmetikspiegel-LED-Saturn.png","contentUrl":"https:\/\/www.aliseo.de\/wp-content\/uploads\/2024\/11\/020743_Kosmetikspiegel-LED-Saturn.png","width":2500,"height":2500},{"@type":"BreadcrumbList","@id":"https:\/\/www.aliseo.de\/fr\/produit\/led-saturn-eclaire-miroir-cosmetique-bras-articule\/#breadcrumb","itemListElement":[{"@type":"ListItem","position":1,"name":"Startseite","item":"https:\/\/www.aliseo.de\/fr\/homepage\/"},{"@type":"ListItem","position":2,"name":"Shop","item":"https:\/\/www.aliseo.de\/fr\/shop\/"},{"@type":"ListItem","position":3,"name":"LED Saturn"}]},{"@type":"WebSite","@id":"https:\/\/www.aliseo.de\/fr\/#website","url":"https:\/\/www.aliseo.de\/fr\/","name":"ALISEO","description":"","publisher":{"@id":"https:\/\/www.aliseo.de\/fr\/#organization"},"potentialAction":[{"@type":"SearchAction","target":{"@type":"EntryPoint","urlTemplate":"https:\/\/www.aliseo.de\/fr\/?s={search_term_string}"},"query-input":{"@type":"PropertyValueSpecification","valueRequired":true,"valueName":"search_term_string"}}],"inLanguage":"fr-FR"},{"@type":"Organization","@id":"https:\/\/www.aliseo.de\/fr\/#organization","name":"ALISEO","url":"https:\/\/www.aliseo.de\/fr\/","logo":{"@type":"ImageObject","inLanguage":"fr-FR","@id":"https:\/\/www.aliseo.de\/fr\/#\/schema\/logo\/image\/","url":"https:\/\/www.aliseo.de\/wp-content\/uploads\/2024\/10\/ALI_Logo_schwarz.png","contentUrl":"https:\/\/www.aliseo.de\/wp-content\/uploads\/2024\/10\/ALI_Logo_schwarz.png","width":2551,"height":543,"caption":"ALISEO"},"image":{"@id":"https:\/\/www.aliseo.de\/fr\/#\/schema\/logo\/image\/"},"sameAs":["https:\/\/www.facebook.com\/aliseogermany","https:\/\/www.youtube.com\/user\/aliseogermany","https:\/\/www.instagram.com\/aliseogermany\/","https:\/\/de.linkedin.com\/company\/aliseogermany"]}]}},"_links":{"self":[{"href":"https:\/\/www.aliseo.de\/fr\/wp-json\/wp\/v2\/product\/11703","targetHints":{"allow":["GET"]}}],"collection":[{"href":"https:\/\/www.aliseo.de\/fr\/wp-json\/wp\/v2\/product"}],"about":[{"href":"https:\/\/www.aliseo.de\/fr\/wp-json\/wp\/v2\/types\/product"}],"replies":[{"embeddable":true,"href":"https:\/\/www.aliseo.de\/fr\/wp-json\/wp\/v2\/comments?post=11703"}],"wp:featuredmedia":[{"embeddable":true,"href":"https:\/\/www.aliseo.de\/fr\/wp-json\/wp\/v2\/media\/9088"}],"wp:attachment":[{"href":"https:\/\/www.aliseo.de\/fr\/wp-json\/wp\/v2\/media?parent=11703"}],"wp:term":[{"taxonomy":"produktgruppe","embeddable":true,"href":"https:\/\/www.aliseo.de\/fr\/wp-json\/wp\/v2\/produktgruppe?post=11703"},{"taxonomy":"product_brand","embeddable":true,"href":"https:\/\/www.aliseo.de\/fr\/wp-json\/wp\/v2\/product_brand?post=11703"},{"taxonomy":"product_cat","embeddable":true,"href":"https:\/\/www.aliseo.de\/fr\/wp-json\/wp\/v2\/product_cat?post=11703"},{"taxonomy":"product_tag","embeddable":true,"href":"https:\/\/www.aliseo.de\/fr\/wp-json\/wp\/v2\/product_tag?post=11703"}],"curies":[{"name":"wp","href":"https:\/\/api.w.org\/{rel}","templated":true}]}}