{"id":11483,"date":"2024-11-12T11:05:56","date_gmt":"2024-11-12T11:05:56","guid":{"rendered":"https:\/\/compassionate-engelbart.185-243-11-33.plesk.page\/?post_type=product&#038;p=11483"},"modified":"2025-05-15T13:06:54","modified_gmt":"2025-05-15T13:06:54","slug":"londoner-plateau-taupe","status":"publish","type":"product","link":"https:\/\/www.aliseo.de\/fr\/produit\/londoner-plateau-taupe\/","title":{"rendered":"Londoner"},"content":{"rendered":"<p style=\"font-weight: 400;\">Chaque pi\u00e8ce de la collection LONDONER est un hommage \u00e0 l&#8217;\u00e9l\u00e9gance intemporelle. Le cuir synth\u00e9tique le plus fin, le toucher velout\u00e9 et satin\u00e9 et les coutures d\u00e9coratives faites \u00e0 la main se fondent en accessoires qui ne sont pas seulement fonctionnels, mais qui ennoblissent les espaces. En noir ou en taupe, ils s&#8217;int\u00e8grent naturellement dans les int\u00e9rieurs luxueux &#8211; discr\u00e8tement, mais avec l&#8217;aura de la noblesse britannique.   Pour tous ceux qui recherchent l&#8217;originalit\u00e9 &#8211; m\u00eame sur mesure.<\/p>\n<ul>\n<li>plateau<\/li>\n<li>Cuir synth\u00e9tique<\/li>\n<\/ul>\n","protected":false},"excerpt":{"rendered":"<p>Chaque pi\u00e8ce de la collection LONDONER est un hommage \u00e0 l&#8217;\u00e9l\u00e9gance intemporelle. Le cuir synth\u00e9tique le plus fin, le toucher velout\u00e9 et satin\u00e9 et les coutures d\u00e9coratives faites \u00e0 la main se fondent en accessoires qui ne sont pas seulement fonctionnels, mais qui ennoblissent les espaces. En noir ou en taupe, ils s&#8217;int\u00e8grent naturellement dans [&hellip;]<\/p>\n","protected":false},"featured_media":9641,"comment_status":"closed","ping_status":"closed","template":"","meta":{"_acf_changed":false},"produktgruppe":[],"product_brand":[],"product_cat":[2281,2277,2242,2229],"product_tag":[],"class_list":{"0":"post-11483","1":"product","2":"type-product","3":"status-publish","4":"has-post-thumbnail","6":"product_cat-londoner-accessoires-en-cuir","7":"product_cat-londoner","8":"product_cat-plateaux","9":"product_cat-plateaux-londoner","11":"first","12":"outofstock","13":"shipping-taxable","14":"product-type-variable"},"acf":[],"yoast_head":"<!-- This site is optimized with the Yoast SEO plugin v24.7 - https:\/\/yoast.com\/wordpress\/plugins\/seo\/ -->\n<title>Londoner - ALISEO<\/title>\n<meta name=\"robots\" content=\"index, follow, max-snippet:-1, max-image-preview:large, max-video-preview:-1\" \/>\n<link rel=\"canonical\" href=\"https:\/\/www.aliseo.de\/fr\/produit\/londoner-plateau-taupe\/\" \/>\n<meta property=\"og:locale\" content=\"fr_FR\" \/>\n<meta property=\"og:type\" content=\"article\" \/>\n<meta property=\"og:title\" content=\"Londoner - ALISEO\" \/>\n<meta property=\"og:description\" content=\"Chaque pi\u00e8ce de la collection LONDONER est un hommage \u00e0 l&#8217;\u00e9l\u00e9gance intemporelle. Le cuir synth\u00e9tique le plus fin, le toucher velout\u00e9 et satin\u00e9 et les coutures d\u00e9coratives faites \u00e0 la main se fondent en accessoires qui ne sont pas seulement fonctionnels, mais qui ennoblissent les espaces. En noir ou en taupe, ils s&#8217;int\u00e8grent naturellement dans [&hellip;]\" \/>\n<meta property=\"og:url\" content=\"https:\/\/www.aliseo.de\/fr\/produit\/londoner-plateau-taupe\/\" \/>\n<meta property=\"og:site_name\" content=\"ALISEO\" \/>\n<meta property=\"article:publisher\" content=\"https:\/\/www.facebook.com\/aliseogermany\" \/>\n<meta property=\"article:modified_time\" content=\"2025-05-15T13:06:54+00:00\" \/>\n<meta property=\"og:image\" content=\"https:\/\/www.aliseo.de\/wp-content\/uploads\/2024\/11\/190001_The_Londoner_Tablett-2.png\" \/>\n\t<meta property=\"og:image:width\" content=\"2048\" \/>\n\t<meta property=\"og:image:height\" content=\"2048\" \/>\n\t<meta property=\"og:image:type\" content=\"image\/png\" \/>\n<meta name=\"twitter:card\" content=\"summary_large_image\" \/>\n<script type=\"application\/ld+json\" class=\"yoast-schema-graph\">{\"@context\":\"https:\/\/schema.org\",\"@graph\":[{\"@type\":\"WebPage\",\"@id\":\"https:\/\/www.aliseo.de\/fr\/produit\/londoner-plateau-taupe\/\",\"url\":\"https:\/\/www.aliseo.de\/fr\/produit\/londoner-plateau-taupe\/\",\"name\":\"Londoner - ALISEO\",\"isPartOf\":{\"@id\":\"https:\/\/www.aliseo.de\/fr\/#website\"},\"primaryImageOfPage\":{\"@id\":\"https:\/\/www.aliseo.de\/fr\/produit\/londoner-plateau-taupe\/#primaryimage\"},\"image\":{\"@id\":\"https:\/\/www.aliseo.de\/fr\/produit\/londoner-plateau-taupe\/#primaryimage\"},\"thumbnailUrl\":\"https:\/\/www.aliseo.de\/wp-content\/uploads\/2024\/11\/190001_The_Londoner_Tablett-2.png\",\"datePublished\":\"2024-11-12T11:05:56+00:00\",\"dateModified\":\"2025-05-15T13:06:54+00:00\",\"breadcrumb\":{\"@id\":\"https:\/\/www.aliseo.de\/fr\/produit\/londoner-plateau-taupe\/#breadcrumb\"},\"inLanguage\":\"fr-FR\",\"potentialAction\":[{\"@type\":\"ReadAction\",\"target\":[\"https:\/\/www.aliseo.de\/fr\/produit\/londoner-plateau-taupe\/\"]}]},{\"@type\":\"ImageObject\",\"inLanguage\":\"fr-FR\",\"@id\":\"https:\/\/www.aliseo.de\/fr\/produit\/londoner-plateau-taupe\/#primaryimage\",\"url\":\"https:\/\/www.aliseo.de\/wp-content\/uploads\/2024\/11\/190001_The_Londoner_Tablett-2.png\",\"contentUrl\":\"https:\/\/www.aliseo.de\/wp-content\/uploads\/2024\/11\/190001_The_Londoner_Tablett-2.png\",\"width\":2048,\"height\":2048},{\"@type\":\"BreadcrumbList\",\"@id\":\"https:\/\/www.aliseo.de\/fr\/produit\/londoner-plateau-taupe\/#breadcrumb\",\"itemListElement\":[{\"@type\":\"ListItem\",\"position\":1,\"name\":\"Startseite\",\"item\":\"https:\/\/www.aliseo.de\/fr\/homepage\/\"},{\"@type\":\"ListItem\",\"position\":2,\"name\":\"Shop\",\"item\":\"https:\/\/www.aliseo.de\/fr\/shop\/\"},{\"@type\":\"ListItem\",\"position\":3,\"name\":\"Londoner\"}]},{\"@type\":\"WebSite\",\"@id\":\"https:\/\/www.aliseo.de\/fr\/#website\",\"url\":\"https:\/\/www.aliseo.de\/fr\/\",\"name\":\"ALISEO\",\"description\":\"\",\"publisher\":{\"@id\":\"https:\/\/www.aliseo.de\/fr\/#organization\"},\"potentialAction\":[{\"@type\":\"SearchAction\",\"target\":{\"@type\":\"EntryPoint\",\"urlTemplate\":\"https:\/\/www.aliseo.de\/fr\/?s={search_term_string}\"},\"query-input\":{\"@type\":\"PropertyValueSpecification\",\"valueRequired\":true,\"valueName\":\"search_term_string\"}}],\"inLanguage\":\"fr-FR\"},{\"@type\":\"Organization\",\"@id\":\"https:\/\/www.aliseo.de\/fr\/#organization\",\"name\":\"ALISEO\",\"url\":\"https:\/\/www.aliseo.de\/fr\/\",\"logo\":{\"@type\":\"ImageObject\",\"inLanguage\":\"fr-FR\",\"@id\":\"https:\/\/www.aliseo.de\/fr\/#\/schema\/logo\/image\/\",\"url\":\"https:\/\/www.aliseo.de\/wp-content\/uploads\/2024\/10\/ALI_Logo_schwarz.png\",\"contentUrl\":\"https:\/\/www.aliseo.de\/wp-content\/uploads\/2024\/10\/ALI_Logo_schwarz.png\",\"width\":2551,\"height\":543,\"caption\":\"ALISEO\"},\"image\":{\"@id\":\"https:\/\/www.aliseo.de\/fr\/#\/schema\/logo\/image\/\"},\"sameAs\":[\"https:\/\/www.facebook.com\/aliseogermany\",\"https:\/\/www.youtube.com\/user\/aliseogermany\",\"https:\/\/www.instagram.com\/aliseogermany\/\",\"https:\/\/de.linkedin.com\/company\/aliseogermany\"]}]}<\/script>\n<!-- \/ Yoast SEO plugin. -->","yoast_head_json":{"title":"Londoner - ALISEO","robots":{"index":"index","follow":"follow","max-snippet":"max-snippet:-1","max-image-preview":"max-image-preview:large","max-video-preview":"max-video-preview:-1"},"canonical":"https:\/\/www.aliseo.de\/fr\/produit\/londoner-plateau-taupe\/","og_locale":"fr_FR","og_type":"article","og_title":"Londoner - ALISEO","og_description":"Chaque pi\u00e8ce de la collection LONDONER est un hommage \u00e0 l&#8217;\u00e9l\u00e9gance intemporelle. Le cuir synth\u00e9tique le plus fin, le toucher velout\u00e9 et satin\u00e9 et les coutures d\u00e9coratives faites \u00e0 la main se fondent en accessoires qui ne sont pas seulement fonctionnels, mais qui ennoblissent les espaces. En noir ou en taupe, ils s&#8217;int\u00e8grent naturellement dans [&hellip;]","og_url":"https:\/\/www.aliseo.de\/fr\/produit\/londoner-plateau-taupe\/","og_site_name":"ALISEO","article_publisher":"https:\/\/www.facebook.com\/aliseogermany","article_modified_time":"2025-05-15T13:06:54+00:00","og_image":[{"width":2048,"height":2048,"url":"https:\/\/www.aliseo.de\/wp-content\/uploads\/2024\/11\/190001_The_Londoner_Tablett-2.png","type":"image\/png"}],"twitter_card":"summary_large_image","schema":{"@context":"https:\/\/schema.org","@graph":[{"@type":"WebPage","@id":"https:\/\/www.aliseo.de\/fr\/produit\/londoner-plateau-taupe\/","url":"https:\/\/www.aliseo.de\/fr\/produit\/londoner-plateau-taupe\/","name":"Londoner - ALISEO","isPartOf":{"@id":"https:\/\/www.aliseo.de\/fr\/#website"},"primaryImageOfPage":{"@id":"https:\/\/www.aliseo.de\/fr\/produit\/londoner-plateau-taupe\/#primaryimage"},"image":{"@id":"https:\/\/www.aliseo.de\/fr\/produit\/londoner-plateau-taupe\/#primaryimage"},"thumbnailUrl":"https:\/\/www.aliseo.de\/wp-content\/uploads\/2024\/11\/190001_The_Londoner_Tablett-2.png","datePublished":"2024-11-12T11:05:56+00:00","dateModified":"2025-05-15T13:06:54+00:00","breadcrumb":{"@id":"https:\/\/www.aliseo.de\/fr\/produit\/londoner-plateau-taupe\/#breadcrumb"},"inLanguage":"fr-FR","potentialAction":[{"@type":"ReadAction","target":["https:\/\/www.aliseo.de\/fr\/produit\/londoner-plateau-taupe\/"]}]},{"@type":"ImageObject","inLanguage":"fr-FR","@id":"https:\/\/www.aliseo.de\/fr\/produit\/londoner-plateau-taupe\/#primaryimage","url":"https:\/\/www.aliseo.de\/wp-content\/uploads\/2024\/11\/190001_The_Londoner_Tablett-2.png","contentUrl":"https:\/\/www.aliseo.de\/wp-content\/uploads\/2024\/11\/190001_The_Londoner_Tablett-2.png","width":2048,"height":2048},{"@type":"BreadcrumbList","@id":"https:\/\/www.aliseo.de\/fr\/produit\/londoner-plateau-taupe\/#breadcrumb","itemListElement":[{"@type":"ListItem","position":1,"name":"Startseite","item":"https:\/\/www.aliseo.de\/fr\/homepage\/"},{"@type":"ListItem","position":2,"name":"Shop","item":"https:\/\/www.aliseo.de\/fr\/shop\/"},{"@type":"ListItem","position":3,"name":"Londoner"}]},{"@type":"WebSite","@id":"https:\/\/www.aliseo.de\/fr\/#website","url":"https:\/\/www.aliseo.de\/fr\/","name":"ALISEO","description":"","publisher":{"@id":"https:\/\/www.aliseo.de\/fr\/#organization"},"potentialAction":[{"@type":"SearchAction","target":{"@type":"EntryPoint","urlTemplate":"https:\/\/www.aliseo.de\/fr\/?s={search_term_string}"},"query-input":{"@type":"PropertyValueSpecification","valueRequired":true,"valueName":"search_term_string"}}],"inLanguage":"fr-FR"},{"@type":"Organization","@id":"https:\/\/www.aliseo.de\/fr\/#organization","name":"ALISEO","url":"https:\/\/www.aliseo.de\/fr\/","logo":{"@type":"ImageObject","inLanguage":"fr-FR","@id":"https:\/\/www.aliseo.de\/fr\/#\/schema\/logo\/image\/","url":"https:\/\/www.aliseo.de\/wp-content\/uploads\/2024\/10\/ALI_Logo_schwarz.png","contentUrl":"https:\/\/www.aliseo.de\/wp-content\/uploads\/2024\/10\/ALI_Logo_schwarz.png","width":2551,"height":543,"caption":"ALISEO"},"image":{"@id":"https:\/\/www.aliseo.de\/fr\/#\/schema\/logo\/image\/"},"sameAs":["https:\/\/www.facebook.com\/aliseogermany","https:\/\/www.youtube.com\/user\/aliseogermany","https:\/\/www.instagram.com\/aliseogermany\/","https:\/\/de.linkedin.com\/company\/aliseogermany"]}]}},"_links":{"self":[{"href":"https:\/\/www.aliseo.de\/fr\/wp-json\/wp\/v2\/product\/11483","targetHints":{"allow":["GET"]}}],"collection":[{"href":"https:\/\/www.aliseo.de\/fr\/wp-json\/wp\/v2\/product"}],"about":[{"href":"https:\/\/www.aliseo.de\/fr\/wp-json\/wp\/v2\/types\/product"}],"replies":[{"embeddable":true,"href":"https:\/\/www.aliseo.de\/fr\/wp-json\/wp\/v2\/comments?post=11483"}],"wp:featuredmedia":[{"embeddable":true,"href":"https:\/\/www.aliseo.de\/fr\/wp-json\/wp\/v2\/media\/9641"}],"wp:attachment":[{"href":"https:\/\/www.aliseo.de\/fr\/wp-json\/wp\/v2\/media?parent=11483"}],"wp:term":[{"taxonomy":"produktgruppe","embeddable":true,"href":"https:\/\/www.aliseo.de\/fr\/wp-json\/wp\/v2\/produktgruppe?post=11483"},{"taxonomy":"product_brand","embeddable":true,"href":"https:\/\/www.aliseo.de\/fr\/wp-json\/wp\/v2\/product_brand?post=11483"},{"taxonomy":"product_cat","embeddable":true,"href":"https:\/\/www.aliseo.de\/fr\/wp-json\/wp\/v2\/product_cat?post=11483"},{"taxonomy":"product_tag","embeddable":true,"href":"https:\/\/www.aliseo.de\/fr\/wp-json\/wp\/v2\/product_tag?post=11483"}],"curies":[{"name":"wp","href":"https:\/\/api.w.org\/{rel}","templated":true}]}}