{"id":11363,"date":"2024-11-12T11:07:43","date_gmt":"2024-11-12T11:07:43","guid":{"rendered":"https:\/\/compassionate-engelbart.185-243-11-33.plesk.page\/?post_type=product&#038;p=11363"},"modified":"2025-05-15T13:04:38","modified_gmt":"2025-05-15T13:04:38","slug":"carbonic-seche-cheveux-drop-in","status":"publish","type":"product","link":"https:\/\/www.aliseo.de\/fr\/produit\/carbonic-seche-cheveux-drop-in\/","title":{"rendered":"Carbonic 1900"},"content":{"rendered":"<p>Performance de luxe s\u00e8che-cheveux pour h\u00f4tel<\/p>\n<p style=\"font-weight: 400;\">CARBONIC 1900 est dot\u00e9 d&#8217;une surface futuriste et d&#8217;une perfection technique int\u00e9rieure. Le moteur AC efficace apporte la petite touche de puissance en plus quand il le faut. La technologie ION-TECH est incluse.  <\/p>\n<ul>\n<li class=\"p1\">Support mural DROP-IN avec interrupteur d&#8217;alimentation<\/li>\n<li class=\"p1\">Moteur AC<\/li>\n<li class=\"p1\">Technologie de s\u00e9chage ionique<\/li>\n<li class=\"p1\">S\u00e9lection de la temp\u00e9rature via 3 niveaux de commutation<\/li>\n<li class=\"p1\">2 vitesses de soufflerie<\/li>\n<li class=\"p1\">Bouton d&#8217;air froid<\/li>\n<li class=\"p1\">Buse de coiffage amovible<\/li>\n<li class=\"p1\">Protection contre la surchauffe int\u00e9gr\u00e9e<\/li>\n<li class=\"p1\">C\u00e2ble spiral\u00e9, 60 &#8211; 150 cm<\/li>\n<li class=\"p1\">Double isolation (classe de protection II)<\/li>\n<li class=\"p1\">220-240 V, 50\/60 Hz<\/li>\n<li class=\"p1\">1900 W<\/li>\n<\/ul>\n","protected":false},"excerpt":{"rendered":"<p>Performance de luxe s\u00e8che-cheveux pour h\u00f4tel CARBONIC 1900 est dot\u00e9 d&#8217;une surface futuriste et d&#8217;une perfection technique int\u00e9rieure. Le moteur AC efficace apporte la petite touche de puissance en plus quand il le faut. La technologie ION-TECH est incluse. Support mural DROP-IN avec interrupteur d&#8217;alimentation Moteur AC Technologie de s\u00e9chage ionique S\u00e9lection de la temp\u00e9rature [&hellip;]<\/p>\n","protected":false},"featured_media":9988,"comment_status":"closed","ping_status":"closed","template":"","meta":{"_acf_changed":false},"produktgruppe":[1828],"product_brand":[],"product_cat":[2284,2262],"product_tag":[],"class_list":{"0":"post-11363","1":"product","2":"type-product","3":"status-publish","4":"has-post-thumbnail","6":"produktgruppe-carbonic-1900-1","7":"product_cat-seche-cheveux-pour-hotel","8":"product_cat-carbonic","10":"first","11":"instock","12":"shipping-taxable","13":"product-type-variable"},"acf":[],"yoast_head":"<!-- This site is optimized with the Yoast SEO plugin v24.7 - https:\/\/yoast.com\/wordpress\/plugins\/seo\/ -->\n<title>Carbonic 1900 - ALISEO<\/title>\n<meta name=\"robots\" content=\"index, follow, max-snippet:-1, max-image-preview:large, max-video-preview:-1\" \/>\n<link rel=\"canonical\" href=\"https:\/\/www.aliseo.de\/fr\/produit\/carbonic-seche-cheveux-drop-in\/\" \/>\n<meta property=\"og:locale\" content=\"fr_FR\" \/>\n<meta property=\"og:type\" content=\"article\" \/>\n<meta property=\"og:title\" content=\"Carbonic 1900 - ALISEO\" \/>\n<meta property=\"og:description\" content=\"Performance de luxe s\u00e8che-cheveux pour h\u00f4tel CARBONIC 1900 est dot\u00e9 d&#8217;une surface futuriste et d&#8217;une perfection technique int\u00e9rieure. Le moteur AC efficace apporte la petite touche de puissance en plus quand il le faut. La technologie ION-TECH est incluse. Support mural DROP-IN avec interrupteur d&#8217;alimentation Moteur AC Technologie de s\u00e9chage ionique S\u00e9lection de la temp\u00e9rature [&hellip;]\" \/>\n<meta property=\"og:url\" content=\"https:\/\/www.aliseo.de\/fr\/produit\/carbonic-seche-cheveux-drop-in\/\" \/>\n<meta property=\"og:site_name\" content=\"ALISEO\" \/>\n<meta property=\"article:publisher\" content=\"https:\/\/www.facebook.com\/aliseogermany\" \/>\n<meta property=\"article:modified_time\" content=\"2025-05-15T13:04:38+00:00\" \/>\n<meta property=\"og:image\" content=\"https:\/\/www.aliseo.de\/wp-content\/uploads\/2024\/11\/010543_Haartrockner_Carbonic_Drop_In.png\" \/>\n\t<meta property=\"og:image:width\" content=\"2048\" \/>\n\t<meta property=\"og:image:height\" content=\"2048\" \/>\n\t<meta property=\"og:image:type\" content=\"image\/png\" \/>\n<meta name=\"twitter:card\" content=\"summary_large_image\" \/>\n<script type=\"application\/ld+json\" class=\"yoast-schema-graph\">{\"@context\":\"https:\/\/schema.org\",\"@graph\":[{\"@type\":\"WebPage\",\"@id\":\"https:\/\/www.aliseo.de\/fr\/produit\/carbonic-seche-cheveux-drop-in\/\",\"url\":\"https:\/\/www.aliseo.de\/fr\/produit\/carbonic-seche-cheveux-drop-in\/\",\"name\":\"Carbonic 1900 - ALISEO\",\"isPartOf\":{\"@id\":\"https:\/\/www.aliseo.de\/fr\/#website\"},\"primaryImageOfPage\":{\"@id\":\"https:\/\/www.aliseo.de\/fr\/produit\/carbonic-seche-cheveux-drop-in\/#primaryimage\"},\"image\":{\"@id\":\"https:\/\/www.aliseo.de\/fr\/produit\/carbonic-seche-cheveux-drop-in\/#primaryimage\"},\"thumbnailUrl\":\"https:\/\/www.aliseo.de\/wp-content\/uploads\/2024\/11\/010543_Haartrockner_Carbonic_Drop_In.png\",\"datePublished\":\"2024-11-12T11:07:43+00:00\",\"dateModified\":\"2025-05-15T13:04:38+00:00\",\"breadcrumb\":{\"@id\":\"https:\/\/www.aliseo.de\/fr\/produit\/carbonic-seche-cheveux-drop-in\/#breadcrumb\"},\"inLanguage\":\"fr-FR\",\"potentialAction\":[{\"@type\":\"ReadAction\",\"target\":[\"https:\/\/www.aliseo.de\/fr\/produit\/carbonic-seche-cheveux-drop-in\/\"]}]},{\"@type\":\"ImageObject\",\"inLanguage\":\"fr-FR\",\"@id\":\"https:\/\/www.aliseo.de\/fr\/produit\/carbonic-seche-cheveux-drop-in\/#primaryimage\",\"url\":\"https:\/\/www.aliseo.de\/wp-content\/uploads\/2024\/11\/010543_Haartrockner_Carbonic_Drop_In.png\",\"contentUrl\":\"https:\/\/www.aliseo.de\/wp-content\/uploads\/2024\/11\/010543_Haartrockner_Carbonic_Drop_In.png\",\"width\":2048,\"height\":2048},{\"@type\":\"BreadcrumbList\",\"@id\":\"https:\/\/www.aliseo.de\/fr\/produit\/carbonic-seche-cheveux-drop-in\/#breadcrumb\",\"itemListElement\":[{\"@type\":\"ListItem\",\"position\":1,\"name\":\"Startseite\",\"item\":\"https:\/\/www.aliseo.de\/fr\/homepage\/\"},{\"@type\":\"ListItem\",\"position\":2,\"name\":\"Shop\",\"item\":\"https:\/\/www.aliseo.de\/fr\/shop\/\"},{\"@type\":\"ListItem\",\"position\":3,\"name\":\"Carbonic 1900\"}]},{\"@type\":\"WebSite\",\"@id\":\"https:\/\/www.aliseo.de\/fr\/#website\",\"url\":\"https:\/\/www.aliseo.de\/fr\/\",\"name\":\"ALISEO\",\"description\":\"\",\"publisher\":{\"@id\":\"https:\/\/www.aliseo.de\/fr\/#organization\"},\"potentialAction\":[{\"@type\":\"SearchAction\",\"target\":{\"@type\":\"EntryPoint\",\"urlTemplate\":\"https:\/\/www.aliseo.de\/fr\/?s={search_term_string}\"},\"query-input\":{\"@type\":\"PropertyValueSpecification\",\"valueRequired\":true,\"valueName\":\"search_term_string\"}}],\"inLanguage\":\"fr-FR\"},{\"@type\":\"Organization\",\"@id\":\"https:\/\/www.aliseo.de\/fr\/#organization\",\"name\":\"ALISEO\",\"url\":\"https:\/\/www.aliseo.de\/fr\/\",\"logo\":{\"@type\":\"ImageObject\",\"inLanguage\":\"fr-FR\",\"@id\":\"https:\/\/www.aliseo.de\/fr\/#\/schema\/logo\/image\/\",\"url\":\"https:\/\/www.aliseo.de\/wp-content\/uploads\/2024\/10\/ALI_Logo_schwarz.png\",\"contentUrl\":\"https:\/\/www.aliseo.de\/wp-content\/uploads\/2024\/10\/ALI_Logo_schwarz.png\",\"width\":2551,\"height\":543,\"caption\":\"ALISEO\"},\"image\":{\"@id\":\"https:\/\/www.aliseo.de\/fr\/#\/schema\/logo\/image\/\"},\"sameAs\":[\"https:\/\/www.facebook.com\/aliseogermany\",\"https:\/\/www.youtube.com\/user\/aliseogermany\",\"https:\/\/www.instagram.com\/aliseogermany\/\",\"https:\/\/de.linkedin.com\/company\/aliseogermany\"]}]}<\/script>\n<!-- \/ Yoast SEO plugin. -->","yoast_head_json":{"title":"Carbonic 1900 - ALISEO","robots":{"index":"index","follow":"follow","max-snippet":"max-snippet:-1","max-image-preview":"max-image-preview:large","max-video-preview":"max-video-preview:-1"},"canonical":"https:\/\/www.aliseo.de\/fr\/produit\/carbonic-seche-cheveux-drop-in\/","og_locale":"fr_FR","og_type":"article","og_title":"Carbonic 1900 - ALISEO","og_description":"Performance de luxe s\u00e8che-cheveux pour h\u00f4tel CARBONIC 1900 est dot\u00e9 d&#8217;une surface futuriste et d&#8217;une perfection technique int\u00e9rieure. Le moteur AC efficace apporte la petite touche de puissance en plus quand il le faut. La technologie ION-TECH est incluse. Support mural DROP-IN avec interrupteur d&#8217;alimentation Moteur AC Technologie de s\u00e9chage ionique S\u00e9lection de la temp\u00e9rature [&hellip;]","og_url":"https:\/\/www.aliseo.de\/fr\/produit\/carbonic-seche-cheveux-drop-in\/","og_site_name":"ALISEO","article_publisher":"https:\/\/www.facebook.com\/aliseogermany","article_modified_time":"2025-05-15T13:04:38+00:00","og_image":[{"width":2048,"height":2048,"url":"https:\/\/www.aliseo.de\/wp-content\/uploads\/2024\/11\/010543_Haartrockner_Carbonic_Drop_In.png","type":"image\/png"}],"twitter_card":"summary_large_image","schema":{"@context":"https:\/\/schema.org","@graph":[{"@type":"WebPage","@id":"https:\/\/www.aliseo.de\/fr\/produit\/carbonic-seche-cheveux-drop-in\/","url":"https:\/\/www.aliseo.de\/fr\/produit\/carbonic-seche-cheveux-drop-in\/","name":"Carbonic 1900 - ALISEO","isPartOf":{"@id":"https:\/\/www.aliseo.de\/fr\/#website"},"primaryImageOfPage":{"@id":"https:\/\/www.aliseo.de\/fr\/produit\/carbonic-seche-cheveux-drop-in\/#primaryimage"},"image":{"@id":"https:\/\/www.aliseo.de\/fr\/produit\/carbonic-seche-cheveux-drop-in\/#primaryimage"},"thumbnailUrl":"https:\/\/www.aliseo.de\/wp-content\/uploads\/2024\/11\/010543_Haartrockner_Carbonic_Drop_In.png","datePublished":"2024-11-12T11:07:43+00:00","dateModified":"2025-05-15T13:04:38+00:00","breadcrumb":{"@id":"https:\/\/www.aliseo.de\/fr\/produit\/carbonic-seche-cheveux-drop-in\/#breadcrumb"},"inLanguage":"fr-FR","potentialAction":[{"@type":"ReadAction","target":["https:\/\/www.aliseo.de\/fr\/produit\/carbonic-seche-cheveux-drop-in\/"]}]},{"@type":"ImageObject","inLanguage":"fr-FR","@id":"https:\/\/www.aliseo.de\/fr\/produit\/carbonic-seche-cheveux-drop-in\/#primaryimage","url":"https:\/\/www.aliseo.de\/wp-content\/uploads\/2024\/11\/010543_Haartrockner_Carbonic_Drop_In.png","contentUrl":"https:\/\/www.aliseo.de\/wp-content\/uploads\/2024\/11\/010543_Haartrockner_Carbonic_Drop_In.png","width":2048,"height":2048},{"@type":"BreadcrumbList","@id":"https:\/\/www.aliseo.de\/fr\/produit\/carbonic-seche-cheveux-drop-in\/#breadcrumb","itemListElement":[{"@type":"ListItem","position":1,"name":"Startseite","item":"https:\/\/www.aliseo.de\/fr\/homepage\/"},{"@type":"ListItem","position":2,"name":"Shop","item":"https:\/\/www.aliseo.de\/fr\/shop\/"},{"@type":"ListItem","position":3,"name":"Carbonic 1900"}]},{"@type":"WebSite","@id":"https:\/\/www.aliseo.de\/fr\/#website","url":"https:\/\/www.aliseo.de\/fr\/","name":"ALISEO","description":"","publisher":{"@id":"https:\/\/www.aliseo.de\/fr\/#organization"},"potentialAction":[{"@type":"SearchAction","target":{"@type":"EntryPoint","urlTemplate":"https:\/\/www.aliseo.de\/fr\/?s={search_term_string}"},"query-input":{"@type":"PropertyValueSpecification","valueRequired":true,"valueName":"search_term_string"}}],"inLanguage":"fr-FR"},{"@type":"Organization","@id":"https:\/\/www.aliseo.de\/fr\/#organization","name":"ALISEO","url":"https:\/\/www.aliseo.de\/fr\/","logo":{"@type":"ImageObject","inLanguage":"fr-FR","@id":"https:\/\/www.aliseo.de\/fr\/#\/schema\/logo\/image\/","url":"https:\/\/www.aliseo.de\/wp-content\/uploads\/2024\/10\/ALI_Logo_schwarz.png","contentUrl":"https:\/\/www.aliseo.de\/wp-content\/uploads\/2024\/10\/ALI_Logo_schwarz.png","width":2551,"height":543,"caption":"ALISEO"},"image":{"@id":"https:\/\/www.aliseo.de\/fr\/#\/schema\/logo\/image\/"},"sameAs":["https:\/\/www.facebook.com\/aliseogermany","https:\/\/www.youtube.com\/user\/aliseogermany","https:\/\/www.instagram.com\/aliseogermany\/","https:\/\/de.linkedin.com\/company\/aliseogermany"]}]}},"_links":{"self":[{"href":"https:\/\/www.aliseo.de\/fr\/wp-json\/wp\/v2\/product\/11363","targetHints":{"allow":["GET"]}}],"collection":[{"href":"https:\/\/www.aliseo.de\/fr\/wp-json\/wp\/v2\/product"}],"about":[{"href":"https:\/\/www.aliseo.de\/fr\/wp-json\/wp\/v2\/types\/product"}],"replies":[{"embeddable":true,"href":"https:\/\/www.aliseo.de\/fr\/wp-json\/wp\/v2\/comments?post=11363"}],"wp:featuredmedia":[{"embeddable":true,"href":"https:\/\/www.aliseo.de\/fr\/wp-json\/wp\/v2\/media\/9988"}],"wp:attachment":[{"href":"https:\/\/www.aliseo.de\/fr\/wp-json\/wp\/v2\/media?parent=11363"}],"wp:term":[{"taxonomy":"produktgruppe","embeddable":true,"href":"https:\/\/www.aliseo.de\/fr\/wp-json\/wp\/v2\/produktgruppe?post=11363"},{"taxonomy":"product_brand","embeddable":true,"href":"https:\/\/www.aliseo.de\/fr\/wp-json\/wp\/v2\/product_brand?post=11363"},{"taxonomy":"product_cat","embeddable":true,"href":"https:\/\/www.aliseo.de\/fr\/wp-json\/wp\/v2\/product_cat?post=11363"},{"taxonomy":"product_tag","embeddable":true,"href":"https:\/\/www.aliseo.de\/fr\/wp-json\/wp\/v2\/product_tag?post=11363"}],"curies":[{"name":"wp","href":"https:\/\/api.w.org\/{rel}","templated":true}]}}