{"id":11355,"date":"2024-11-12T11:08:09","date_gmt":"2024-11-12T11:08:09","guid":{"rendered":"https:\/\/compassionate-engelbart.185-243-11-33.plesk.page\/?post_type=product&#038;p=11355"},"modified":"2025-08-14T09:55:52","modified_gmt":"2025-08-14T09:55:52","slug":"space-oasis-ensemble","status":"publish","type":"product","link":"https:\/\/www.aliseo.de\/fr\/produit\/space-oasis-ensemble\/","title":{"rendered":"Space Oasis"},"content":{"rendered":"<p>CONTENU DE LA LIVRAISON<\/p>\n<ul>\n<li>Bouilloire MINI<\/li>\n<li>Plateau BRDIGE TRAY<\/li>\n<li>2 tasses<\/li>\n<\/ul>\n<p>BOUILLOIRE MINI<\/p>\n<ul>\n<li>Capacit\u00e9 : 0,5 litre<\/li>\n<li>Sans fil, pivotant \u00e0 360<\/li>\n<li>\u00c9l\u00e9ment chauffant int\u00e9gr\u00e9<\/li>\n<li>Arr\u00eat automatique<\/li>\n<li>STRIX Unit\u00e9<\/li>\n<li>Protection avanc\u00e9e contre la marche \u00e0 sec<\/li>\n<li>Couvercle avec verrouillage de s\u00e9curit\u00e9<\/li>\n<li>T\u00e9moin lumineux<\/li>\n<li>Bo\u00eetier en acier inoxydable<\/li>\n<li>classe I<\/li>\n<li>220-240 V, 50 Hz<\/li>\n<li>1000 W<\/li>\n<\/ul>\n<p>PLATEAU BRIDGE TRAY<\/p>\n<ul>\n<li>Bois de bambou robuste et de haute qualit\u00e9<\/li>\n<li>Laqu\u00e9 couleur acajou<\/li>\n<li>Tiroir en m\u00e9lamine durable<\/li>\n<\/ul>\n<p>TASSE<\/p>\n<ul>\n<li>Capacit\u00e9 de remplissage 250 ml<\/li>\n<li>Int\u00e9rieur blanc<\/li>\n<li>Mat\u00e9riau : c\u00e9ramique<\/li>\n<\/ul>\n","protected":false},"excerpt":{"rendered":"<p>CONTENU DE LA LIVRAISON Bouilloire MINI Plateau BRDIGE TRAY 2 tasses BOUILLOIRE MINI Capacit\u00e9 : 0,5 litre Sans fil, pivotant \u00e0 360 \u00c9l\u00e9ment chauffant int\u00e9gr\u00e9 Arr\u00eat automatique STRIX Unit\u00e9 Protection avanc\u00e9e contre la marche \u00e0 sec Couvercle avec verrouillage de s\u00e9curit\u00e9 T\u00e9moin lumineux Bo\u00eetier en acier inoxydable classe I 220-240 V, 50 Hz 1000 W [&hellip;]<\/p>\n","protected":false},"featured_media":10049,"comment_status":"closed","ping_status":"closed","template":"","meta":{"_acf_changed":false},"produktgruppe":[2478,2476,2477],"product_brand":[],"product_cat":[2242,2244,2381],"product_tag":[],"class_list":{"0":"post-11355","1":"product","2":"type-product","3":"status-publish","4":"has-post-thumbnail","6":"produktgruppe-space-oasis_mini_1","7":"produktgruppe-space-oasis_tablett_1","8":"produktgruppe-space-oasis_tasse_1","9":"product_cat-plateaux","10":"product_cat-bouilloire-plateau-ensemble","11":"product_cat-space-oasis","13":"first","14":"instock","15":"shipping-taxable","16":"product-type-variable"},"acf":[],"yoast_head":"<!-- This site is optimized with the Yoast SEO plugin v24.7 - https:\/\/yoast.com\/wordpress\/plugins\/seo\/ -->\n<title>Space Oasis - ALISEO<\/title>\n<meta name=\"robots\" content=\"index, follow, max-snippet:-1, max-image-preview:large, max-video-preview:-1\" \/>\n<link rel=\"canonical\" href=\"https:\/\/www.aliseo.de\/fr\/produit\/space-oasis-ensemble\/\" \/>\n<meta property=\"og:locale\" content=\"fr_FR\" \/>\n<meta property=\"og:type\" content=\"article\" \/>\n<meta property=\"og:title\" content=\"Space Oasis - ALISEO\" \/>\n<meta property=\"og:description\" content=\"CONTENU DE LA LIVRAISON Bouilloire MINI Plateau BRDIGE TRAY 2 tasses BOUILLOIRE MINI Capacit\u00e9 : 0,5 litre Sans fil, pivotant \u00e0 360 \u00c9l\u00e9ment chauffant int\u00e9gr\u00e9 Arr\u00eat automatique STRIX Unit\u00e9 Protection avanc\u00e9e contre la marche \u00e0 sec Couvercle avec verrouillage de s\u00e9curit\u00e9 T\u00e9moin lumineux Bo\u00eetier en acier inoxydable classe I 220-240 V, 50 Hz 1000 W [&hellip;]\" \/>\n<meta property=\"og:url\" content=\"https:\/\/www.aliseo.de\/fr\/produit\/space-oasis-ensemble\/\" \/>\n<meta property=\"og:site_name\" content=\"ALISEO\" \/>\n<meta property=\"article:publisher\" content=\"https:\/\/www.facebook.com\/aliseogermany\" \/>\n<meta property=\"article:modified_time\" content=\"2025-08-14T09:55:52+00:00\" \/>\n<meta property=\"og:image\" content=\"https:\/\/www.aliseo.de\/wp-content\/uploads\/2024\/11\/170259_Tablett_Space_Oasis-1.png\" \/>\n\t<meta property=\"og:image:width\" content=\"2000\" \/>\n\t<meta property=\"og:image:height\" content=\"2000\" \/>\n\t<meta property=\"og:image:type\" content=\"image\/png\" \/>\n<meta name=\"twitter:card\" content=\"summary_large_image\" \/>\n<meta name=\"twitter:label1\" content=\"Dur\u00e9e de lecture estim\u00e9e\" \/>\n\t<meta name=\"twitter:data1\" content=\"1 minute\" \/>\n<script type=\"application\/ld+json\" class=\"yoast-schema-graph\">{\"@context\":\"https:\/\/schema.org\",\"@graph\":[{\"@type\":\"WebPage\",\"@id\":\"https:\/\/www.aliseo.de\/fr\/produit\/space-oasis-ensemble\/\",\"url\":\"https:\/\/www.aliseo.de\/fr\/produit\/space-oasis-ensemble\/\",\"name\":\"Space Oasis - ALISEO\",\"isPartOf\":{\"@id\":\"https:\/\/www.aliseo.de\/fr\/#website\"},\"primaryImageOfPage\":{\"@id\":\"https:\/\/www.aliseo.de\/fr\/produit\/space-oasis-ensemble\/#primaryimage\"},\"image\":{\"@id\":\"https:\/\/www.aliseo.de\/fr\/produit\/space-oasis-ensemble\/#primaryimage\"},\"thumbnailUrl\":\"https:\/\/www.aliseo.de\/wp-content\/uploads\/2024\/11\/170259_Tablett_Space_Oasis-1.png\",\"datePublished\":\"2024-11-12T11:08:09+00:00\",\"dateModified\":\"2025-08-14T09:55:52+00:00\",\"breadcrumb\":{\"@id\":\"https:\/\/www.aliseo.de\/fr\/produit\/space-oasis-ensemble\/#breadcrumb\"},\"inLanguage\":\"fr-FR\",\"potentialAction\":[{\"@type\":\"ReadAction\",\"target\":[\"https:\/\/www.aliseo.de\/fr\/produit\/space-oasis-ensemble\/\"]}]},{\"@type\":\"ImageObject\",\"inLanguage\":\"fr-FR\",\"@id\":\"https:\/\/www.aliseo.de\/fr\/produit\/space-oasis-ensemble\/#primaryimage\",\"url\":\"https:\/\/www.aliseo.de\/wp-content\/uploads\/2024\/11\/170259_Tablett_Space_Oasis-1.png\",\"contentUrl\":\"https:\/\/www.aliseo.de\/wp-content\/uploads\/2024\/11\/170259_Tablett_Space_Oasis-1.png\",\"width\":2000,\"height\":2000},{\"@type\":\"BreadcrumbList\",\"@id\":\"https:\/\/www.aliseo.de\/fr\/produit\/space-oasis-ensemble\/#breadcrumb\",\"itemListElement\":[{\"@type\":\"ListItem\",\"position\":1,\"name\":\"Startseite\",\"item\":\"https:\/\/www.aliseo.de\/fr\/homepage\/\"},{\"@type\":\"ListItem\",\"position\":2,\"name\":\"Shop\",\"item\":\"https:\/\/www.aliseo.de\/fr\/shop\/\"},{\"@type\":\"ListItem\",\"position\":3,\"name\":\"Space Oasis\"}]},{\"@type\":\"WebSite\",\"@id\":\"https:\/\/www.aliseo.de\/fr\/#website\",\"url\":\"https:\/\/www.aliseo.de\/fr\/\",\"name\":\"ALISEO\",\"description\":\"\",\"publisher\":{\"@id\":\"https:\/\/www.aliseo.de\/fr\/#organization\"},\"potentialAction\":[{\"@type\":\"SearchAction\",\"target\":{\"@type\":\"EntryPoint\",\"urlTemplate\":\"https:\/\/www.aliseo.de\/fr\/?s={search_term_string}\"},\"query-input\":{\"@type\":\"PropertyValueSpecification\",\"valueRequired\":true,\"valueName\":\"search_term_string\"}}],\"inLanguage\":\"fr-FR\"},{\"@type\":\"Organization\",\"@id\":\"https:\/\/www.aliseo.de\/fr\/#organization\",\"name\":\"ALISEO\",\"url\":\"https:\/\/www.aliseo.de\/fr\/\",\"logo\":{\"@type\":\"ImageObject\",\"inLanguage\":\"fr-FR\",\"@id\":\"https:\/\/www.aliseo.de\/fr\/#\/schema\/logo\/image\/\",\"url\":\"https:\/\/www.aliseo.de\/wp-content\/uploads\/2024\/10\/ALI_Logo_schwarz.png\",\"contentUrl\":\"https:\/\/www.aliseo.de\/wp-content\/uploads\/2024\/10\/ALI_Logo_schwarz.png\",\"width\":2551,\"height\":543,\"caption\":\"ALISEO\"},\"image\":{\"@id\":\"https:\/\/www.aliseo.de\/fr\/#\/schema\/logo\/image\/\"},\"sameAs\":[\"https:\/\/www.facebook.com\/aliseogermany\",\"https:\/\/www.youtube.com\/user\/aliseogermany\",\"https:\/\/www.instagram.com\/aliseogermany\/\",\"https:\/\/de.linkedin.com\/company\/aliseogermany\"]}]}<\/script>\n<!-- \/ Yoast SEO plugin. -->","yoast_head_json":{"title":"Space Oasis - ALISEO","robots":{"index":"index","follow":"follow","max-snippet":"max-snippet:-1","max-image-preview":"max-image-preview:large","max-video-preview":"max-video-preview:-1"},"canonical":"https:\/\/www.aliseo.de\/fr\/produit\/space-oasis-ensemble\/","og_locale":"fr_FR","og_type":"article","og_title":"Space Oasis - ALISEO","og_description":"CONTENU DE LA LIVRAISON Bouilloire MINI Plateau BRDIGE TRAY 2 tasses BOUILLOIRE MINI Capacit\u00e9 : 0,5 litre Sans fil, pivotant \u00e0 360 \u00c9l\u00e9ment chauffant int\u00e9gr\u00e9 Arr\u00eat automatique STRIX Unit\u00e9 Protection avanc\u00e9e contre la marche \u00e0 sec Couvercle avec verrouillage de s\u00e9curit\u00e9 T\u00e9moin lumineux Bo\u00eetier en acier inoxydable classe I 220-240 V, 50 Hz 1000 W [&hellip;]","og_url":"https:\/\/www.aliseo.de\/fr\/produit\/space-oasis-ensemble\/","og_site_name":"ALISEO","article_publisher":"https:\/\/www.facebook.com\/aliseogermany","article_modified_time":"2025-08-14T09:55:52+00:00","og_image":[{"width":2000,"height":2000,"url":"https:\/\/www.aliseo.de\/wp-content\/uploads\/2024\/11\/170259_Tablett_Space_Oasis-1.png","type":"image\/png"}],"twitter_card":"summary_large_image","twitter_misc":{"Dur\u00e9e de lecture estim\u00e9e":"1 minute"},"schema":{"@context":"https:\/\/schema.org","@graph":[{"@type":"WebPage","@id":"https:\/\/www.aliseo.de\/fr\/produit\/space-oasis-ensemble\/","url":"https:\/\/www.aliseo.de\/fr\/produit\/space-oasis-ensemble\/","name":"Space Oasis - ALISEO","isPartOf":{"@id":"https:\/\/www.aliseo.de\/fr\/#website"},"primaryImageOfPage":{"@id":"https:\/\/www.aliseo.de\/fr\/produit\/space-oasis-ensemble\/#primaryimage"},"image":{"@id":"https:\/\/www.aliseo.de\/fr\/produit\/space-oasis-ensemble\/#primaryimage"},"thumbnailUrl":"https:\/\/www.aliseo.de\/wp-content\/uploads\/2024\/11\/170259_Tablett_Space_Oasis-1.png","datePublished":"2024-11-12T11:08:09+00:00","dateModified":"2025-08-14T09:55:52+00:00","breadcrumb":{"@id":"https:\/\/www.aliseo.de\/fr\/produit\/space-oasis-ensemble\/#breadcrumb"},"inLanguage":"fr-FR","potentialAction":[{"@type":"ReadAction","target":["https:\/\/www.aliseo.de\/fr\/produit\/space-oasis-ensemble\/"]}]},{"@type":"ImageObject","inLanguage":"fr-FR","@id":"https:\/\/www.aliseo.de\/fr\/produit\/space-oasis-ensemble\/#primaryimage","url":"https:\/\/www.aliseo.de\/wp-content\/uploads\/2024\/11\/170259_Tablett_Space_Oasis-1.png","contentUrl":"https:\/\/www.aliseo.de\/wp-content\/uploads\/2024\/11\/170259_Tablett_Space_Oasis-1.png","width":2000,"height":2000},{"@type":"BreadcrumbList","@id":"https:\/\/www.aliseo.de\/fr\/produit\/space-oasis-ensemble\/#breadcrumb","itemListElement":[{"@type":"ListItem","position":1,"name":"Startseite","item":"https:\/\/www.aliseo.de\/fr\/homepage\/"},{"@type":"ListItem","position":2,"name":"Shop","item":"https:\/\/www.aliseo.de\/fr\/shop\/"},{"@type":"ListItem","position":3,"name":"Space Oasis"}]},{"@type":"WebSite","@id":"https:\/\/www.aliseo.de\/fr\/#website","url":"https:\/\/www.aliseo.de\/fr\/","name":"ALISEO","description":"","publisher":{"@id":"https:\/\/www.aliseo.de\/fr\/#organization"},"potentialAction":[{"@type":"SearchAction","target":{"@type":"EntryPoint","urlTemplate":"https:\/\/www.aliseo.de\/fr\/?s={search_term_string}"},"query-input":{"@type":"PropertyValueSpecification","valueRequired":true,"valueName":"search_term_string"}}],"inLanguage":"fr-FR"},{"@type":"Organization","@id":"https:\/\/www.aliseo.de\/fr\/#organization","name":"ALISEO","url":"https:\/\/www.aliseo.de\/fr\/","logo":{"@type":"ImageObject","inLanguage":"fr-FR","@id":"https:\/\/www.aliseo.de\/fr\/#\/schema\/logo\/image\/","url":"https:\/\/www.aliseo.de\/wp-content\/uploads\/2024\/10\/ALI_Logo_schwarz.png","contentUrl":"https:\/\/www.aliseo.de\/wp-content\/uploads\/2024\/10\/ALI_Logo_schwarz.png","width":2551,"height":543,"caption":"ALISEO"},"image":{"@id":"https:\/\/www.aliseo.de\/fr\/#\/schema\/logo\/image\/"},"sameAs":["https:\/\/www.facebook.com\/aliseogermany","https:\/\/www.youtube.com\/user\/aliseogermany","https:\/\/www.instagram.com\/aliseogermany\/","https:\/\/de.linkedin.com\/company\/aliseogermany"]}]}},"_links":{"self":[{"href":"https:\/\/www.aliseo.de\/fr\/wp-json\/wp\/v2\/product\/11355","targetHints":{"allow":["GET"]}}],"collection":[{"href":"https:\/\/www.aliseo.de\/fr\/wp-json\/wp\/v2\/product"}],"about":[{"href":"https:\/\/www.aliseo.de\/fr\/wp-json\/wp\/v2\/types\/product"}],"replies":[{"embeddable":true,"href":"https:\/\/www.aliseo.de\/fr\/wp-json\/wp\/v2\/comments?post=11355"}],"wp:featuredmedia":[{"embeddable":true,"href":"https:\/\/www.aliseo.de\/fr\/wp-json\/wp\/v2\/media\/10049"}],"wp:attachment":[{"href":"https:\/\/www.aliseo.de\/fr\/wp-json\/wp\/v2\/media?parent=11355"}],"wp:term":[{"taxonomy":"produktgruppe","embeddable":true,"href":"https:\/\/www.aliseo.de\/fr\/wp-json\/wp\/v2\/produktgruppe?post=11355"},{"taxonomy":"product_brand","embeddable":true,"href":"https:\/\/www.aliseo.de\/fr\/wp-json\/wp\/v2\/product_brand?post=11355"},{"taxonomy":"product_cat","embeddable":true,"href":"https:\/\/www.aliseo.de\/fr\/wp-json\/wp\/v2\/product_cat?post=11355"},{"taxonomy":"product_tag","embeddable":true,"href":"https:\/\/www.aliseo.de\/fr\/wp-json\/wp\/v2\/product_tag?post=11355"}],"curies":[{"name":"wp","href":"https:\/\/api.w.org\/{rel}","templated":true}]}}