{"id":11327,"date":"2024-11-12T11:08:35","date_gmt":"2024-11-12T11:08:35","guid":{"rendered":"https:\/\/compassionate-engelbart.185-243-11-33.plesk.page\/?post_type=product&#038;p=11327"},"modified":"2025-05-15T13:10:12","modified_gmt":"2025-05-15T13:10:12","slug":"mi-pro-sahara-station-de-repassage","status":"publish","type":"product","link":"https:\/\/www.aliseo.de\/fr\/produit\/mi-pro-sahara-station-de-repassage\/","title":{"rendered":"MI-PRO SAHARA"},"content":{"rendered":"<p class=\"p1\">CONTENU DE LA LIVRAISON<\/p>\n<ul>\n<li class=\"p1\">fer \u00e0 repasser \u00e0 sec SAHARA<\/li>\n<li class=\"p1\">table \u00e0 repasser MI-PRO<\/li>\n<li class=\"p1\">support de s\u00e9curit\u00e9 pour fer \u00e0 repasser<\/li>\n<li class=\"p1\">Crochet de suspension<\/li>\n<li class=\"p1\">Raccordement \u00e9lectrique avec c\u00e2ble d&#8217;alimentation<\/li>\n<li class=\"p1\">Housse<\/li>\n<\/ul>\n<p class=\"p1\">TABLE \u00c0 REPASSER MI-PRO<\/p>\n<ul>\n<li class=\"p1\">Dimensions suspendues : 35 x 136 x 23 cm<\/li>\n<li class=\"p1\">Surface de repassage 35 x 114 cm<\/li>\n<li class=\"p1\">R\u00e9glable en hauteur jusqu&#8217;\u00e0 85 cm<\/li>\n<li class=\"p1\">Housse grise rembourr\u00e9e et r\u00e9sistante \u00e0 la chaleur<\/li>\n<li class=\"p1\">Crochet de suspension pliable<\/li>\n<li class=\"p1\">Raccordement \u00e9lectrique avec c\u00e2ble d&#8217;alimentation 180 cm<\/li>\n<li class=\"p1\">Construction \u00e0 double tube<\/li>\n<li class=\"p1\">Mat\u00e9riau de la structure : tube d&#8217;acier avec rev\u00eatement en poudre gris fonc\u00e9<\/li>\n<\/ul>\n<p class=\"p1\">SUPPORT DE S\u00c9CURIT\u00c9 POUR FER \u00c0 REPASSER<\/p>\n<ul>\n<li class=\"p1\">Support r\u00e9sistant \u00e0 la chaleur<\/li>\n<li class=\"p1\">Protection contre le vol : enrouleur de c\u00e2ble s\u00e9curis\u00e9 par un support<\/li>\n<li class=\"p1\">Tampons en silicone r\u00e9sistants \u00e0 la chaleur pour \u00e9viter les rayures<\/li>\n<\/ul>\n<p class=\"p1\">FER \u00c0 REPASSER \u00c0 SEC SAHARA<\/p>\n<ul>\n<li class=\"p1\">fer \u00e0 repasser \u00e0 sec<\/li>\n<li class=\"p1\">Double arr\u00eat automatique de s\u00e9curit\u00e9 :\n<ul>\n<li class=\"p1\">en position horizontale apr\u00e8s 30 secondes<\/li>\n<li class=\"p1\">en position verticale apr\u00e8s 8 minutes<\/li>\n<\/ul>\n<\/li>\n<li class=\"p1\">Semelle de repassage en c\u00e9ramique antiadh\u00e9sive<\/li>\n<li class=\"p1\">C\u00e2ble de connexion prot\u00e9g\u00e9 contre la chaleur<\/li>\n<li class=\"p1\">Longueur du c\u00e2ble : 240 cm<\/li>\n<li class=\"p1\">Classe de protection I<\/li>\n<li class=\"p1\">220-240 V, 50\/60 Hz<\/li>\n<li class=\"p1\">900-1100 W<\/li>\n<\/ul>\n","protected":false},"excerpt":{"rendered":"<p>CONTENU DE LA LIVRAISON fer \u00e0 repasser \u00e0 sec SAHARA table \u00e0 repasser MI-PRO support de s\u00e9curit\u00e9 pour fer \u00e0 repasser Crochet de suspension Raccordement \u00e9lectrique avec c\u00e2ble d&#8217;alimentation Housse TABLE \u00c0 REPASSER MI-PRO Dimensions suspendues : 35 x 136 x 23 cm Surface de repassage 35 x 114 cm R\u00e9glable en hauteur jusqu&#8217;\u00e0 85 [&hellip;]<\/p>\n","protected":false},"featured_media":10168,"comment_status":"closed","ping_status":"closed","template":"","meta":{"_acf_changed":false},"produktgruppe":[1812,2078,2081],"product_brand":[],"product_cat":[2282,2267],"product_tag":[],"class_list":{"0":"post-11327","1":"product","2":"type-product","3":"status-publish","4":"has-post-thumbnail","6":"produktgruppe-mi-pro-1","7":"produktgruppe-sahara_2","8":"produktgruppe-sicherheitshalter_mi-pro","9":"product_cat-repassage","10":"product_cat-mi-pro","12":"first","13":"instock","14":"shipping-taxable","15":"product-type-variable"},"acf":[],"yoast_head":"<!-- This site is optimized with the Yoast SEO plugin v24.7 - https:\/\/yoast.com\/wordpress\/plugins\/seo\/ -->\n<title>MI-PRO SAHARA - ALISEO<\/title>\n<meta name=\"robots\" content=\"index, follow, max-snippet:-1, max-image-preview:large, max-video-preview:-1\" \/>\n<link rel=\"canonical\" href=\"https:\/\/www.aliseo.de\/fr\/produit\/mi-pro-sahara-station-de-repassage\/\" \/>\n<meta property=\"og:locale\" content=\"fr_FR\" \/>\n<meta property=\"og:type\" content=\"article\" \/>\n<meta property=\"og:title\" content=\"MI-PRO SAHARA - ALISEO\" \/>\n<meta property=\"og:description\" content=\"CONTENU DE LA LIVRAISON fer \u00e0 repasser \u00e0 sec SAHARA table \u00e0 repasser MI-PRO support de s\u00e9curit\u00e9 pour fer \u00e0 repasser Crochet de suspension Raccordement \u00e9lectrique avec c\u00e2ble d&#8217;alimentation Housse TABLE \u00c0 REPASSER MI-PRO Dimensions suspendues : 35 x 136 x 23 cm Surface de repassage 35 x 114 cm R\u00e9glable en hauteur jusqu&#8217;\u00e0 85 [&hellip;]\" \/>\n<meta property=\"og:url\" content=\"https:\/\/www.aliseo.de\/fr\/produit\/mi-pro-sahara-station-de-repassage\/\" \/>\n<meta property=\"og:site_name\" content=\"ALISEO\" \/>\n<meta property=\"article:publisher\" content=\"https:\/\/www.facebook.com\/aliseogermany\" \/>\n<meta property=\"article:modified_time\" content=\"2025-05-15T13:10:12+00:00\" \/>\n<meta property=\"og:image\" content=\"https:\/\/www.aliseo.de\/wp-content\/uploads\/2024\/11\/160200_Mi-Pro-Sahara-intro-1024x1024.png\" \/>\n\t<meta property=\"og:image:width\" content=\"1024\" \/>\n\t<meta property=\"og:image:height\" content=\"1024\" \/>\n\t<meta property=\"og:image:type\" content=\"image\/png\" \/>\n<meta name=\"twitter:card\" content=\"summary_large_image\" \/>\n<meta name=\"twitter:label1\" content=\"Dur\u00e9e de lecture estim\u00e9e\" \/>\n\t<meta name=\"twitter:data1\" content=\"1 minute\" \/>\n<script type=\"application\/ld+json\" class=\"yoast-schema-graph\">{\"@context\":\"https:\/\/schema.org\",\"@graph\":[{\"@type\":\"WebPage\",\"@id\":\"https:\/\/www.aliseo.de\/fr\/produit\/mi-pro-sahara-station-de-repassage\/\",\"url\":\"https:\/\/www.aliseo.de\/fr\/produit\/mi-pro-sahara-station-de-repassage\/\",\"name\":\"MI-PRO SAHARA - ALISEO\",\"isPartOf\":{\"@id\":\"https:\/\/www.aliseo.de\/fr\/#website\"},\"primaryImageOfPage\":{\"@id\":\"https:\/\/www.aliseo.de\/fr\/produit\/mi-pro-sahara-station-de-repassage\/#primaryimage\"},\"image\":{\"@id\":\"https:\/\/www.aliseo.de\/fr\/produit\/mi-pro-sahara-station-de-repassage\/#primaryimage\"},\"thumbnailUrl\":\"https:\/\/www.aliseo.de\/wp-content\/uploads\/2024\/11\/160200_Mi-Pro-Sahara-intro.png\",\"datePublished\":\"2024-11-12T11:08:35+00:00\",\"dateModified\":\"2025-05-15T13:10:12+00:00\",\"breadcrumb\":{\"@id\":\"https:\/\/www.aliseo.de\/fr\/produit\/mi-pro-sahara-station-de-repassage\/#breadcrumb\"},\"inLanguage\":\"fr-FR\",\"potentialAction\":[{\"@type\":\"ReadAction\",\"target\":[\"https:\/\/www.aliseo.de\/fr\/produit\/mi-pro-sahara-station-de-repassage\/\"]}]},{\"@type\":\"ImageObject\",\"inLanguage\":\"fr-FR\",\"@id\":\"https:\/\/www.aliseo.de\/fr\/produit\/mi-pro-sahara-station-de-repassage\/#primaryimage\",\"url\":\"https:\/\/www.aliseo.de\/wp-content\/uploads\/2024\/11\/160200_Mi-Pro-Sahara-intro.png\",\"contentUrl\":\"https:\/\/www.aliseo.de\/wp-content\/uploads\/2024\/11\/160200_Mi-Pro-Sahara-intro.png\",\"width\":2500,\"height\":2500},{\"@type\":\"BreadcrumbList\",\"@id\":\"https:\/\/www.aliseo.de\/fr\/produit\/mi-pro-sahara-station-de-repassage\/#breadcrumb\",\"itemListElement\":[{\"@type\":\"ListItem\",\"position\":1,\"name\":\"Startseite\",\"item\":\"https:\/\/www.aliseo.de\/fr\/homepage\/\"},{\"@type\":\"ListItem\",\"position\":2,\"name\":\"Shop\",\"item\":\"https:\/\/www.aliseo.de\/fr\/shop\/\"},{\"@type\":\"ListItem\",\"position\":3,\"name\":\"MI-PRO SAHARA\"}]},{\"@type\":\"WebSite\",\"@id\":\"https:\/\/www.aliseo.de\/fr\/#website\",\"url\":\"https:\/\/www.aliseo.de\/fr\/\",\"name\":\"ALISEO\",\"description\":\"\",\"publisher\":{\"@id\":\"https:\/\/www.aliseo.de\/fr\/#organization\"},\"potentialAction\":[{\"@type\":\"SearchAction\",\"target\":{\"@type\":\"EntryPoint\",\"urlTemplate\":\"https:\/\/www.aliseo.de\/fr\/?s={search_term_string}\"},\"query-input\":{\"@type\":\"PropertyValueSpecification\",\"valueRequired\":true,\"valueName\":\"search_term_string\"}}],\"inLanguage\":\"fr-FR\"},{\"@type\":\"Organization\",\"@id\":\"https:\/\/www.aliseo.de\/fr\/#organization\",\"name\":\"ALISEO\",\"url\":\"https:\/\/www.aliseo.de\/fr\/\",\"logo\":{\"@type\":\"ImageObject\",\"inLanguage\":\"fr-FR\",\"@id\":\"https:\/\/www.aliseo.de\/fr\/#\/schema\/logo\/image\/\",\"url\":\"https:\/\/www.aliseo.de\/wp-content\/uploads\/2024\/10\/ALI_Logo_schwarz.png\",\"contentUrl\":\"https:\/\/www.aliseo.de\/wp-content\/uploads\/2024\/10\/ALI_Logo_schwarz.png\",\"width\":2551,\"height\":543,\"caption\":\"ALISEO\"},\"image\":{\"@id\":\"https:\/\/www.aliseo.de\/fr\/#\/schema\/logo\/image\/\"},\"sameAs\":[\"https:\/\/www.facebook.com\/aliseogermany\",\"https:\/\/www.youtube.com\/user\/aliseogermany\",\"https:\/\/www.instagram.com\/aliseogermany\/\",\"https:\/\/de.linkedin.com\/company\/aliseogermany\"]}]}<\/script>\n<!-- \/ Yoast SEO plugin. -->","yoast_head_json":{"title":"MI-PRO SAHARA - ALISEO","robots":{"index":"index","follow":"follow","max-snippet":"max-snippet:-1","max-image-preview":"max-image-preview:large","max-video-preview":"max-video-preview:-1"},"canonical":"https:\/\/www.aliseo.de\/fr\/produit\/mi-pro-sahara-station-de-repassage\/","og_locale":"fr_FR","og_type":"article","og_title":"MI-PRO SAHARA - ALISEO","og_description":"CONTENU DE LA LIVRAISON fer \u00e0 repasser \u00e0 sec SAHARA table \u00e0 repasser MI-PRO support de s\u00e9curit\u00e9 pour fer \u00e0 repasser Crochet de suspension Raccordement \u00e9lectrique avec c\u00e2ble d&#8217;alimentation Housse TABLE \u00c0 REPASSER MI-PRO Dimensions suspendues : 35 x 136 x 23 cm Surface de repassage 35 x 114 cm R\u00e9glable en hauteur jusqu&#8217;\u00e0 85 [&hellip;]","og_url":"https:\/\/www.aliseo.de\/fr\/produit\/mi-pro-sahara-station-de-repassage\/","og_site_name":"ALISEO","article_publisher":"https:\/\/www.facebook.com\/aliseogermany","article_modified_time":"2025-05-15T13:10:12+00:00","og_image":[{"width":1024,"height":1024,"url":"https:\/\/www.aliseo.de\/wp-content\/uploads\/2024\/11\/160200_Mi-Pro-Sahara-intro-1024x1024.png","type":"image\/png"}],"twitter_card":"summary_large_image","twitter_misc":{"Dur\u00e9e de lecture estim\u00e9e":"1 minute"},"schema":{"@context":"https:\/\/schema.org","@graph":[{"@type":"WebPage","@id":"https:\/\/www.aliseo.de\/fr\/produit\/mi-pro-sahara-station-de-repassage\/","url":"https:\/\/www.aliseo.de\/fr\/produit\/mi-pro-sahara-station-de-repassage\/","name":"MI-PRO SAHARA - ALISEO","isPartOf":{"@id":"https:\/\/www.aliseo.de\/fr\/#website"},"primaryImageOfPage":{"@id":"https:\/\/www.aliseo.de\/fr\/produit\/mi-pro-sahara-station-de-repassage\/#primaryimage"},"image":{"@id":"https:\/\/www.aliseo.de\/fr\/produit\/mi-pro-sahara-station-de-repassage\/#primaryimage"},"thumbnailUrl":"https:\/\/www.aliseo.de\/wp-content\/uploads\/2024\/11\/160200_Mi-Pro-Sahara-intro.png","datePublished":"2024-11-12T11:08:35+00:00","dateModified":"2025-05-15T13:10:12+00:00","breadcrumb":{"@id":"https:\/\/www.aliseo.de\/fr\/produit\/mi-pro-sahara-station-de-repassage\/#breadcrumb"},"inLanguage":"fr-FR","potentialAction":[{"@type":"ReadAction","target":["https:\/\/www.aliseo.de\/fr\/produit\/mi-pro-sahara-station-de-repassage\/"]}]},{"@type":"ImageObject","inLanguage":"fr-FR","@id":"https:\/\/www.aliseo.de\/fr\/produit\/mi-pro-sahara-station-de-repassage\/#primaryimage","url":"https:\/\/www.aliseo.de\/wp-content\/uploads\/2024\/11\/160200_Mi-Pro-Sahara-intro.png","contentUrl":"https:\/\/www.aliseo.de\/wp-content\/uploads\/2024\/11\/160200_Mi-Pro-Sahara-intro.png","width":2500,"height":2500},{"@type":"BreadcrumbList","@id":"https:\/\/www.aliseo.de\/fr\/produit\/mi-pro-sahara-station-de-repassage\/#breadcrumb","itemListElement":[{"@type":"ListItem","position":1,"name":"Startseite","item":"https:\/\/www.aliseo.de\/fr\/homepage\/"},{"@type":"ListItem","position":2,"name":"Shop","item":"https:\/\/www.aliseo.de\/fr\/shop\/"},{"@type":"ListItem","position":3,"name":"MI-PRO SAHARA"}]},{"@type":"WebSite","@id":"https:\/\/www.aliseo.de\/fr\/#website","url":"https:\/\/www.aliseo.de\/fr\/","name":"ALISEO","description":"","publisher":{"@id":"https:\/\/www.aliseo.de\/fr\/#organization"},"potentialAction":[{"@type":"SearchAction","target":{"@type":"EntryPoint","urlTemplate":"https:\/\/www.aliseo.de\/fr\/?s={search_term_string}"},"query-input":{"@type":"PropertyValueSpecification","valueRequired":true,"valueName":"search_term_string"}}],"inLanguage":"fr-FR"},{"@type":"Organization","@id":"https:\/\/www.aliseo.de\/fr\/#organization","name":"ALISEO","url":"https:\/\/www.aliseo.de\/fr\/","logo":{"@type":"ImageObject","inLanguage":"fr-FR","@id":"https:\/\/www.aliseo.de\/fr\/#\/schema\/logo\/image\/","url":"https:\/\/www.aliseo.de\/wp-content\/uploads\/2024\/10\/ALI_Logo_schwarz.png","contentUrl":"https:\/\/www.aliseo.de\/wp-content\/uploads\/2024\/10\/ALI_Logo_schwarz.png","width":2551,"height":543,"caption":"ALISEO"},"image":{"@id":"https:\/\/www.aliseo.de\/fr\/#\/schema\/logo\/image\/"},"sameAs":["https:\/\/www.facebook.com\/aliseogermany","https:\/\/www.youtube.com\/user\/aliseogermany","https:\/\/www.instagram.com\/aliseogermany\/","https:\/\/de.linkedin.com\/company\/aliseogermany"]}]}},"_links":{"self":[{"href":"https:\/\/www.aliseo.de\/fr\/wp-json\/wp\/v2\/product\/11327","targetHints":{"allow":["GET"]}}],"collection":[{"href":"https:\/\/www.aliseo.de\/fr\/wp-json\/wp\/v2\/product"}],"about":[{"href":"https:\/\/www.aliseo.de\/fr\/wp-json\/wp\/v2\/types\/product"}],"replies":[{"embeddable":true,"href":"https:\/\/www.aliseo.de\/fr\/wp-json\/wp\/v2\/comments?post=11327"}],"wp:featuredmedia":[{"embeddable":true,"href":"https:\/\/www.aliseo.de\/fr\/wp-json\/wp\/v2\/media\/10168"}],"wp:attachment":[{"href":"https:\/\/www.aliseo.de\/fr\/wp-json\/wp\/v2\/media?parent=11327"}],"wp:term":[{"taxonomy":"produktgruppe","embeddable":true,"href":"https:\/\/www.aliseo.de\/fr\/wp-json\/wp\/v2\/produktgruppe?post=11327"},{"taxonomy":"product_brand","embeddable":true,"href":"https:\/\/www.aliseo.de\/fr\/wp-json\/wp\/v2\/product_brand?post=11327"},{"taxonomy":"product_cat","embeddable":true,"href":"https:\/\/www.aliseo.de\/fr\/wp-json\/wp\/v2\/product_cat?post=11327"},{"taxonomy":"product_tag","embeddable":true,"href":"https:\/\/www.aliseo.de\/fr\/wp-json\/wp\/v2\/product_tag?post=11327"}],"curies":[{"name":"wp","href":"https:\/\/api.w.org\/{rel}","templated":true}]}}