{"id":11263,"date":"2024-11-12T11:10:25","date_gmt":"2024-11-12T11:10:25","guid":{"rendered":"https:\/\/compassionate-engelbart.185-243-11-33.plesk.page\/?post_type=product&#038;p=11263"},"modified":"2025-05-15T13:10:51","modified_gmt":"2025-05-15T13:10:51","slug":"nexxus-porte-savon","status":"publish","type":"product","link":"https:\/\/www.aliseo.de\/fr\/produit\/nexxus-porte-savon\/","title":{"rendered":"Nexxus"},"content":{"rendered":"<p>The New NOW. La finition noire ultra-mate incarne un luxe d\u00e9contract\u00e9 dans un design distinctif. Audacieux et cr\u00e9atif, subtil et raffin\u00e9.  <\/p>\n<p>porte-savon<\/p>\n<ul>\n<li>Porte-savon en verre satin\u00e9<\/li>\n<li>Construction en laiton massif &#8211; \u00e9paisseur de paroi de 1,25 mm<\/li>\n<li>Syst\u00e8me de montage s\u00fbr<\/li>\n<li>Unit\u00e9 de montage s\u00e9par\u00e9e cach\u00e9e, pas de vis apparentes<\/li>\n<li>Surface rev\u00eatue de poudre<\/li>\n<\/ul>\n","protected":false},"excerpt":{"rendered":"<p>The New NOW. La finition noire ultra-mate incarne un luxe d\u00e9contract\u00e9 dans un design distinctif. Audacieux et cr\u00e9atif, subtil et raffin\u00e9. porte-savon Porte-savon en verre satin\u00e9 Construction en laiton massif &#8211; \u00e9paisseur de paroi de 1,25 mm Syst\u00e8me de montage s\u00fbr Unit\u00e9 de montage s\u00e9par\u00e9e cach\u00e9e, pas de vis apparentes Surface rev\u00eatue de poudre<\/p>\n","protected":false},"featured_media":10389,"comment_status":"closed","ping_status":"closed","template":"","meta":{"_acf_changed":false},"produktgruppe":[1809],"product_brand":[],"product_cat":[2296,2283,2280,2301],"product_tag":[],"class_list":{"0":"post-11263","1":"product","2":"type-product","3":"status-publish","4":"has-post-thumbnail","6":"produktgruppe-nexxus-1","7":"product_cat-nu-finishes","8":"product_cat-series-daccessoires-de-salle-de-bain","9":"product_cat-nexxus","10":"product_cat-rangement-du-savon","12":"first","13":"instock","14":"shipping-taxable","15":"product-type-simple"},"acf":[],"yoast_head":"<!-- This site is optimized with the Yoast SEO plugin v24.7 - https:\/\/yoast.com\/wordpress\/plugins\/seo\/ -->\n<title>Nexxus - ALISEO<\/title>\n<meta name=\"robots\" content=\"index, follow, max-snippet:-1, max-image-preview:large, max-video-preview:-1\" \/>\n<link rel=\"canonical\" href=\"https:\/\/www.aliseo.de\/fr\/produit\/nexxus-porte-savon\/\" \/>\n<meta property=\"og:locale\" content=\"fr_FR\" \/>\n<meta property=\"og:type\" content=\"article\" \/>\n<meta property=\"og:title\" content=\"Nexxus - ALISEO\" \/>\n<meta property=\"og:description\" content=\"The New NOW. La finition noire ultra-mate incarne un luxe d\u00e9contract\u00e9 dans un design distinctif. Audacieux et cr\u00e9atif, subtil et raffin\u00e9. porte-savon Porte-savon en verre satin\u00e9 Construction en laiton massif &#8211; \u00e9paisseur de paroi de 1,25 mm Syst\u00e8me de montage s\u00fbr Unit\u00e9 de montage s\u00e9par\u00e9e cach\u00e9e, pas de vis apparentes Surface rev\u00eatue de poudre\" \/>\n<meta property=\"og:url\" content=\"https:\/\/www.aliseo.de\/fr\/produit\/nexxus-porte-savon\/\" \/>\n<meta property=\"og:site_name\" content=\"ALISEO\" \/>\n<meta property=\"article:publisher\" content=\"https:\/\/www.facebook.com\/aliseogermany\" \/>\n<meta property=\"article:modified_time\" content=\"2025-05-15T13:10:51+00:00\" \/>\n<meta property=\"og:image\" content=\"https:\/\/www.aliseo.de\/wp-content\/uploads\/2024\/11\/740053-Nexxus-Seifenhalter.png\" \/>\n\t<meta property=\"og:image:width\" content=\"1600\" \/>\n\t<meta property=\"og:image:height\" content=\"1600\" \/>\n\t<meta property=\"og:image:type\" content=\"image\/png\" \/>\n<meta name=\"twitter:card\" content=\"summary_large_image\" \/>\n<script type=\"application\/ld+json\" class=\"yoast-schema-graph\">{\"@context\":\"https:\/\/schema.org\",\"@graph\":[{\"@type\":\"WebPage\",\"@id\":\"https:\/\/www.aliseo.de\/fr\/produit\/nexxus-porte-savon\/\",\"url\":\"https:\/\/www.aliseo.de\/fr\/produit\/nexxus-porte-savon\/\",\"name\":\"Nexxus - ALISEO\",\"isPartOf\":{\"@id\":\"https:\/\/www.aliseo.de\/fr\/#website\"},\"primaryImageOfPage\":{\"@id\":\"https:\/\/www.aliseo.de\/fr\/produit\/nexxus-porte-savon\/#primaryimage\"},\"image\":{\"@id\":\"https:\/\/www.aliseo.de\/fr\/produit\/nexxus-porte-savon\/#primaryimage\"},\"thumbnailUrl\":\"https:\/\/www.aliseo.de\/wp-content\/uploads\/2024\/11\/740053-Nexxus-Seifenhalter.png\",\"datePublished\":\"2024-11-12T11:10:25+00:00\",\"dateModified\":\"2025-05-15T13:10:51+00:00\",\"breadcrumb\":{\"@id\":\"https:\/\/www.aliseo.de\/fr\/produit\/nexxus-porte-savon\/#breadcrumb\"},\"inLanguage\":\"fr-FR\",\"potentialAction\":[{\"@type\":\"ReadAction\",\"target\":[\"https:\/\/www.aliseo.de\/fr\/produit\/nexxus-porte-savon\/\"]}]},{\"@type\":\"ImageObject\",\"inLanguage\":\"fr-FR\",\"@id\":\"https:\/\/www.aliseo.de\/fr\/produit\/nexxus-porte-savon\/#primaryimage\",\"url\":\"https:\/\/www.aliseo.de\/wp-content\/uploads\/2024\/11\/740053-Nexxus-Seifenhalter.png\",\"contentUrl\":\"https:\/\/www.aliseo.de\/wp-content\/uploads\/2024\/11\/740053-Nexxus-Seifenhalter.png\",\"width\":1600,\"height\":1600},{\"@type\":\"BreadcrumbList\",\"@id\":\"https:\/\/www.aliseo.de\/fr\/produit\/nexxus-porte-savon\/#breadcrumb\",\"itemListElement\":[{\"@type\":\"ListItem\",\"position\":1,\"name\":\"Startseite\",\"item\":\"https:\/\/www.aliseo.de\/fr\/homepage\/\"},{\"@type\":\"ListItem\",\"position\":2,\"name\":\"Shop\",\"item\":\"https:\/\/www.aliseo.de\/fr\/shop\/\"},{\"@type\":\"ListItem\",\"position\":3,\"name\":\"Nexxus\"}]},{\"@type\":\"WebSite\",\"@id\":\"https:\/\/www.aliseo.de\/fr\/#website\",\"url\":\"https:\/\/www.aliseo.de\/fr\/\",\"name\":\"ALISEO\",\"description\":\"\",\"publisher\":{\"@id\":\"https:\/\/www.aliseo.de\/fr\/#organization\"},\"potentialAction\":[{\"@type\":\"SearchAction\",\"target\":{\"@type\":\"EntryPoint\",\"urlTemplate\":\"https:\/\/www.aliseo.de\/fr\/?s={search_term_string}\"},\"query-input\":{\"@type\":\"PropertyValueSpecification\",\"valueRequired\":true,\"valueName\":\"search_term_string\"}}],\"inLanguage\":\"fr-FR\"},{\"@type\":\"Organization\",\"@id\":\"https:\/\/www.aliseo.de\/fr\/#organization\",\"name\":\"ALISEO\",\"url\":\"https:\/\/www.aliseo.de\/fr\/\",\"logo\":{\"@type\":\"ImageObject\",\"inLanguage\":\"fr-FR\",\"@id\":\"https:\/\/www.aliseo.de\/fr\/#\/schema\/logo\/image\/\",\"url\":\"https:\/\/www.aliseo.de\/wp-content\/uploads\/2024\/10\/ALI_Logo_schwarz.png\",\"contentUrl\":\"https:\/\/www.aliseo.de\/wp-content\/uploads\/2024\/10\/ALI_Logo_schwarz.png\",\"width\":2551,\"height\":543,\"caption\":\"ALISEO\"},\"image\":{\"@id\":\"https:\/\/www.aliseo.de\/fr\/#\/schema\/logo\/image\/\"},\"sameAs\":[\"https:\/\/www.facebook.com\/aliseogermany\",\"https:\/\/www.youtube.com\/user\/aliseogermany\",\"https:\/\/www.instagram.com\/aliseogermany\/\",\"https:\/\/de.linkedin.com\/company\/aliseogermany\"]}]}<\/script>\n<!-- \/ Yoast SEO plugin. -->","yoast_head_json":{"title":"Nexxus - ALISEO","robots":{"index":"index","follow":"follow","max-snippet":"max-snippet:-1","max-image-preview":"max-image-preview:large","max-video-preview":"max-video-preview:-1"},"canonical":"https:\/\/www.aliseo.de\/fr\/produit\/nexxus-porte-savon\/","og_locale":"fr_FR","og_type":"article","og_title":"Nexxus - ALISEO","og_description":"The New NOW. La finition noire ultra-mate incarne un luxe d\u00e9contract\u00e9 dans un design distinctif. Audacieux et cr\u00e9atif, subtil et raffin\u00e9. porte-savon Porte-savon en verre satin\u00e9 Construction en laiton massif &#8211; \u00e9paisseur de paroi de 1,25 mm Syst\u00e8me de montage s\u00fbr Unit\u00e9 de montage s\u00e9par\u00e9e cach\u00e9e, pas de vis apparentes Surface rev\u00eatue de poudre","og_url":"https:\/\/www.aliseo.de\/fr\/produit\/nexxus-porte-savon\/","og_site_name":"ALISEO","article_publisher":"https:\/\/www.facebook.com\/aliseogermany","article_modified_time":"2025-05-15T13:10:51+00:00","og_image":[{"width":1600,"height":1600,"url":"https:\/\/www.aliseo.de\/wp-content\/uploads\/2024\/11\/740053-Nexxus-Seifenhalter.png","type":"image\/png"}],"twitter_card":"summary_large_image","schema":{"@context":"https:\/\/schema.org","@graph":[{"@type":"WebPage","@id":"https:\/\/www.aliseo.de\/fr\/produit\/nexxus-porte-savon\/","url":"https:\/\/www.aliseo.de\/fr\/produit\/nexxus-porte-savon\/","name":"Nexxus - ALISEO","isPartOf":{"@id":"https:\/\/www.aliseo.de\/fr\/#website"},"primaryImageOfPage":{"@id":"https:\/\/www.aliseo.de\/fr\/produit\/nexxus-porte-savon\/#primaryimage"},"image":{"@id":"https:\/\/www.aliseo.de\/fr\/produit\/nexxus-porte-savon\/#primaryimage"},"thumbnailUrl":"https:\/\/www.aliseo.de\/wp-content\/uploads\/2024\/11\/740053-Nexxus-Seifenhalter.png","datePublished":"2024-11-12T11:10:25+00:00","dateModified":"2025-05-15T13:10:51+00:00","breadcrumb":{"@id":"https:\/\/www.aliseo.de\/fr\/produit\/nexxus-porte-savon\/#breadcrumb"},"inLanguage":"fr-FR","potentialAction":[{"@type":"ReadAction","target":["https:\/\/www.aliseo.de\/fr\/produit\/nexxus-porte-savon\/"]}]},{"@type":"ImageObject","inLanguage":"fr-FR","@id":"https:\/\/www.aliseo.de\/fr\/produit\/nexxus-porte-savon\/#primaryimage","url":"https:\/\/www.aliseo.de\/wp-content\/uploads\/2024\/11\/740053-Nexxus-Seifenhalter.png","contentUrl":"https:\/\/www.aliseo.de\/wp-content\/uploads\/2024\/11\/740053-Nexxus-Seifenhalter.png","width":1600,"height":1600},{"@type":"BreadcrumbList","@id":"https:\/\/www.aliseo.de\/fr\/produit\/nexxus-porte-savon\/#breadcrumb","itemListElement":[{"@type":"ListItem","position":1,"name":"Startseite","item":"https:\/\/www.aliseo.de\/fr\/homepage\/"},{"@type":"ListItem","position":2,"name":"Shop","item":"https:\/\/www.aliseo.de\/fr\/shop\/"},{"@type":"ListItem","position":3,"name":"Nexxus"}]},{"@type":"WebSite","@id":"https:\/\/www.aliseo.de\/fr\/#website","url":"https:\/\/www.aliseo.de\/fr\/","name":"ALISEO","description":"","publisher":{"@id":"https:\/\/www.aliseo.de\/fr\/#organization"},"potentialAction":[{"@type":"SearchAction","target":{"@type":"EntryPoint","urlTemplate":"https:\/\/www.aliseo.de\/fr\/?s={search_term_string}"},"query-input":{"@type":"PropertyValueSpecification","valueRequired":true,"valueName":"search_term_string"}}],"inLanguage":"fr-FR"},{"@type":"Organization","@id":"https:\/\/www.aliseo.de\/fr\/#organization","name":"ALISEO","url":"https:\/\/www.aliseo.de\/fr\/","logo":{"@type":"ImageObject","inLanguage":"fr-FR","@id":"https:\/\/www.aliseo.de\/fr\/#\/schema\/logo\/image\/","url":"https:\/\/www.aliseo.de\/wp-content\/uploads\/2024\/10\/ALI_Logo_schwarz.png","contentUrl":"https:\/\/www.aliseo.de\/wp-content\/uploads\/2024\/10\/ALI_Logo_schwarz.png","width":2551,"height":543,"caption":"ALISEO"},"image":{"@id":"https:\/\/www.aliseo.de\/fr\/#\/schema\/logo\/image\/"},"sameAs":["https:\/\/www.facebook.com\/aliseogermany","https:\/\/www.youtube.com\/user\/aliseogermany","https:\/\/www.instagram.com\/aliseogermany\/","https:\/\/de.linkedin.com\/company\/aliseogermany"]}]}},"_links":{"self":[{"href":"https:\/\/www.aliseo.de\/fr\/wp-json\/wp\/v2\/product\/11263","targetHints":{"allow":["GET"]}}],"collection":[{"href":"https:\/\/www.aliseo.de\/fr\/wp-json\/wp\/v2\/product"}],"about":[{"href":"https:\/\/www.aliseo.de\/fr\/wp-json\/wp\/v2\/types\/product"}],"replies":[{"embeddable":true,"href":"https:\/\/www.aliseo.de\/fr\/wp-json\/wp\/v2\/comments?post=11263"}],"wp:featuredmedia":[{"embeddable":true,"href":"https:\/\/www.aliseo.de\/fr\/wp-json\/wp\/v2\/media\/10389"}],"wp:attachment":[{"href":"https:\/\/www.aliseo.de\/fr\/wp-json\/wp\/v2\/media?parent=11263"}],"wp:term":[{"taxonomy":"produktgruppe","embeddable":true,"href":"https:\/\/www.aliseo.de\/fr\/wp-json\/wp\/v2\/produktgruppe?post=11263"},{"taxonomy":"product_brand","embeddable":true,"href":"https:\/\/www.aliseo.de\/fr\/wp-json\/wp\/v2\/product_brand?post=11263"},{"taxonomy":"product_cat","embeddable":true,"href":"https:\/\/www.aliseo.de\/fr\/wp-json\/wp\/v2\/product_cat?post=11263"},{"taxonomy":"product_tag","embeddable":true,"href":"https:\/\/www.aliseo.de\/fr\/wp-json\/wp\/v2\/product_tag?post=11263"}],"curies":[{"name":"wp","href":"https:\/\/api.w.org\/{rel}","templated":true}]}}