{"id":11239,"date":"2024-11-12T11:11:40","date_gmt":"2024-11-12T11:11:40","guid":{"rendered":"https:\/\/compassionate-engelbart.185-243-11-33.plesk.page\/?post_type=product&#038;p=11239"},"modified":"2025-07-16T14:19:08","modified_gmt":"2025-07-16T14:19:08","slug":"face-non-eclaire-miroir-cosmetique","status":"publish","type":"product","link":"https:\/\/www.aliseo.de\/fr\/produit\/face-non-eclaire-miroir-cosmetique\/","title":{"rendered":"FACE"},"content":{"rendered":"<p>FACE allie une \u00e9l\u00e9gance sans bordures \u00e0 une technique de pliage astucieuse. Gr\u00e2ce \u00e0 elle, il peut \u00eatre rabattu contre le mur de mani\u00e8re ultra-plate et son esth\u00e9tique raffin\u00e9e est difficilement \u00e9galable. Nous avons d\u00e9lib\u00e9r\u00e9ment renonc\u00e9 \u00e0 illumination, ce qui rend tout raccordement \u00e9lectrique superflu. Ici aussi, le moins est le plus.<\/p>\n<ul>\n<li>Sur le site bras double<\/li>\n<li>grossissement 3x<\/li>\n<li>ajustement complet du pivot<\/li>\n<li>Unit\u00e9 de montage cach\u00e9e<\/li>\n<li>Plaque d&#8217;adaptation incluse pour une meilleure stabilit\u00e9 :<br \/>\n65 x 34 x 2,5 mm<\/li>\n<\/ul>\n","protected":false},"excerpt":{"rendered":"<p>FACE allie une \u00e9l\u00e9gance sans bordures \u00e0 une technique de pliage astucieuse. Gr\u00e2ce \u00e0 elle, il peut \u00eatre rabattu contre le mur de mani\u00e8re ultra-plate et son esth\u00e9tique raffin\u00e9e est difficilement \u00e9galable. Nous avons d\u00e9lib\u00e9r\u00e9ment renonc\u00e9 \u00e0 illumination, ce qui rend tout raccordement \u00e9lectrique superflu. Ici aussi, le moins est le plus. Sur le site [&hellip;]<\/p>\n","protected":false},"featured_media":10525,"comment_status":"closed","ping_status":"closed","template":"","meta":{"_acf_changed":false},"produktgruppe":[1823],"product_brand":[],"product_cat":[2296,2285,2236],"product_tag":[],"class_list":{"0":"post-11239","1":"product","2":"type-product","3":"status-publish","4":"has-post-thumbnail","6":"produktgruppe-f-a-c-e-1","7":"product_cat-nu-finishes","8":"product_cat-miroir-cosmetique-non-lumineux","9":"product_cat-f-a-c-e","10":"pa_ausfuehrung-bras-double","12":"first","13":"instock","14":"shipping-taxable","15":"product-type-simple"},"acf":[],"yoast_head":"<!-- This site is optimized with the Yoast SEO plugin v24.7 - https:\/\/yoast.com\/wordpress\/plugins\/seo\/ -->\n<title>FACE - ALISEO<\/title>\n<meta name=\"robots\" content=\"index, follow, max-snippet:-1, max-image-preview:large, max-video-preview:-1\" \/>\n<link rel=\"canonical\" href=\"https:\/\/www.aliseo.de\/fr\/produit\/face-non-eclaire-miroir-cosmetique\/\" \/>\n<meta property=\"og:locale\" content=\"fr_FR\" \/>\n<meta property=\"og:type\" content=\"article\" \/>\n<meta property=\"og:title\" content=\"FACE - ALISEO\" \/>\n<meta property=\"og:description\" content=\"FACE allie une \u00e9l\u00e9gance sans bordures \u00e0 une technique de pliage astucieuse. Gr\u00e2ce \u00e0 elle, il peut \u00eatre rabattu contre le mur de mani\u00e8re ultra-plate et son esth\u00e9tique raffin\u00e9e est difficilement \u00e9galable. Nous avons d\u00e9lib\u00e9r\u00e9ment renonc\u00e9 \u00e0 illumination, ce qui rend tout raccordement \u00e9lectrique superflu. Ici aussi, le moins est le plus. Sur le site [&hellip;]\" \/>\n<meta property=\"og:url\" content=\"https:\/\/www.aliseo.de\/fr\/produit\/face-non-eclaire-miroir-cosmetique\/\" \/>\n<meta property=\"og:site_name\" content=\"ALISEO\" \/>\n<meta property=\"article:publisher\" content=\"https:\/\/www.facebook.com\/aliseogermany\" \/>\n<meta property=\"article:modified_time\" content=\"2025-07-16T14:19:08+00:00\" \/>\n<meta property=\"og:image\" content=\"https:\/\/www.aliseo.de\/wp-content\/uploads\/2024\/11\/020816_Kosmetikspiegel_Face.png\" \/>\n\t<meta property=\"og:image:width\" content=\"2500\" \/>\n\t<meta property=\"og:image:height\" content=\"2500\" \/>\n\t<meta property=\"og:image:type\" content=\"image\/png\" \/>\n<meta name=\"twitter:card\" content=\"summary_large_image\" \/>\n<meta name=\"twitter:label1\" content=\"Dur\u00e9e de lecture estim\u00e9e\" \/>\n\t<meta name=\"twitter:data1\" content=\"1 minute\" \/>\n<script type=\"application\/ld+json\" class=\"yoast-schema-graph\">{\"@context\":\"https:\/\/schema.org\",\"@graph\":[{\"@type\":\"WebPage\",\"@id\":\"https:\/\/www.aliseo.de\/fr\/produit\/face-non-eclaire-miroir-cosmetique\/\",\"url\":\"https:\/\/www.aliseo.de\/fr\/produit\/face-non-eclaire-miroir-cosmetique\/\",\"name\":\"FACE - ALISEO\",\"isPartOf\":{\"@id\":\"https:\/\/www.aliseo.de\/fr\/#website\"},\"primaryImageOfPage\":{\"@id\":\"https:\/\/www.aliseo.de\/fr\/produit\/face-non-eclaire-miroir-cosmetique\/#primaryimage\"},\"image\":{\"@id\":\"https:\/\/www.aliseo.de\/fr\/produit\/face-non-eclaire-miroir-cosmetique\/#primaryimage\"},\"thumbnailUrl\":\"https:\/\/www.aliseo.de\/wp-content\/uploads\/2024\/11\/020816_Kosmetikspiegel_Face.png\",\"datePublished\":\"2024-11-12T11:11:40+00:00\",\"dateModified\":\"2025-07-16T14:19:08+00:00\",\"breadcrumb\":{\"@id\":\"https:\/\/www.aliseo.de\/fr\/produit\/face-non-eclaire-miroir-cosmetique\/#breadcrumb\"},\"inLanguage\":\"fr-FR\",\"potentialAction\":[{\"@type\":\"ReadAction\",\"target\":[\"https:\/\/www.aliseo.de\/fr\/produit\/face-non-eclaire-miroir-cosmetique\/\"]}]},{\"@type\":\"ImageObject\",\"inLanguage\":\"fr-FR\",\"@id\":\"https:\/\/www.aliseo.de\/fr\/produit\/face-non-eclaire-miroir-cosmetique\/#primaryimage\",\"url\":\"https:\/\/www.aliseo.de\/wp-content\/uploads\/2024\/11\/020816_Kosmetikspiegel_Face.png\",\"contentUrl\":\"https:\/\/www.aliseo.de\/wp-content\/uploads\/2024\/11\/020816_Kosmetikspiegel_Face.png\",\"width\":2500,\"height\":2500},{\"@type\":\"BreadcrumbList\",\"@id\":\"https:\/\/www.aliseo.de\/fr\/produit\/face-non-eclaire-miroir-cosmetique\/#breadcrumb\",\"itemListElement\":[{\"@type\":\"ListItem\",\"position\":1,\"name\":\"Startseite\",\"item\":\"https:\/\/www.aliseo.de\/fr\/homepage\/\"},{\"@type\":\"ListItem\",\"position\":2,\"name\":\"Shop\",\"item\":\"https:\/\/www.aliseo.de\/fr\/shop\/\"},{\"@type\":\"ListItem\",\"position\":3,\"name\":\"FACE\"}]},{\"@type\":\"WebSite\",\"@id\":\"https:\/\/www.aliseo.de\/fr\/#website\",\"url\":\"https:\/\/www.aliseo.de\/fr\/\",\"name\":\"ALISEO\",\"description\":\"\",\"publisher\":{\"@id\":\"https:\/\/www.aliseo.de\/fr\/#organization\"},\"potentialAction\":[{\"@type\":\"SearchAction\",\"target\":{\"@type\":\"EntryPoint\",\"urlTemplate\":\"https:\/\/www.aliseo.de\/fr\/?s={search_term_string}\"},\"query-input\":{\"@type\":\"PropertyValueSpecification\",\"valueRequired\":true,\"valueName\":\"search_term_string\"}}],\"inLanguage\":\"fr-FR\"},{\"@type\":\"Organization\",\"@id\":\"https:\/\/www.aliseo.de\/fr\/#organization\",\"name\":\"ALISEO\",\"url\":\"https:\/\/www.aliseo.de\/fr\/\",\"logo\":{\"@type\":\"ImageObject\",\"inLanguage\":\"fr-FR\",\"@id\":\"https:\/\/www.aliseo.de\/fr\/#\/schema\/logo\/image\/\",\"url\":\"https:\/\/www.aliseo.de\/wp-content\/uploads\/2024\/10\/ALI_Logo_schwarz.png\",\"contentUrl\":\"https:\/\/www.aliseo.de\/wp-content\/uploads\/2024\/10\/ALI_Logo_schwarz.png\",\"width\":2551,\"height\":543,\"caption\":\"ALISEO\"},\"image\":{\"@id\":\"https:\/\/www.aliseo.de\/fr\/#\/schema\/logo\/image\/\"},\"sameAs\":[\"https:\/\/www.facebook.com\/aliseogermany\",\"https:\/\/www.youtube.com\/user\/aliseogermany\",\"https:\/\/www.instagram.com\/aliseogermany\/\",\"https:\/\/de.linkedin.com\/company\/aliseogermany\"]}]}<\/script>\n<!-- \/ Yoast SEO plugin. -->","yoast_head_json":{"title":"FACE - ALISEO","robots":{"index":"index","follow":"follow","max-snippet":"max-snippet:-1","max-image-preview":"max-image-preview:large","max-video-preview":"max-video-preview:-1"},"canonical":"https:\/\/www.aliseo.de\/fr\/produit\/face-non-eclaire-miroir-cosmetique\/","og_locale":"fr_FR","og_type":"article","og_title":"FACE - ALISEO","og_description":"FACE allie une \u00e9l\u00e9gance sans bordures \u00e0 une technique de pliage astucieuse. Gr\u00e2ce \u00e0 elle, il peut \u00eatre rabattu contre le mur de mani\u00e8re ultra-plate et son esth\u00e9tique raffin\u00e9e est difficilement \u00e9galable. Nous avons d\u00e9lib\u00e9r\u00e9ment renonc\u00e9 \u00e0 illumination, ce qui rend tout raccordement \u00e9lectrique superflu. Ici aussi, le moins est le plus. Sur le site [&hellip;]","og_url":"https:\/\/www.aliseo.de\/fr\/produit\/face-non-eclaire-miroir-cosmetique\/","og_site_name":"ALISEO","article_publisher":"https:\/\/www.facebook.com\/aliseogermany","article_modified_time":"2025-07-16T14:19:08+00:00","og_image":[{"width":2500,"height":2500,"url":"https:\/\/www.aliseo.de\/wp-content\/uploads\/2024\/11\/020816_Kosmetikspiegel_Face.png","type":"image\/png"}],"twitter_card":"summary_large_image","twitter_misc":{"Dur\u00e9e de lecture estim\u00e9e":"1 minute"},"schema":{"@context":"https:\/\/schema.org","@graph":[{"@type":"WebPage","@id":"https:\/\/www.aliseo.de\/fr\/produit\/face-non-eclaire-miroir-cosmetique\/","url":"https:\/\/www.aliseo.de\/fr\/produit\/face-non-eclaire-miroir-cosmetique\/","name":"FACE - ALISEO","isPartOf":{"@id":"https:\/\/www.aliseo.de\/fr\/#website"},"primaryImageOfPage":{"@id":"https:\/\/www.aliseo.de\/fr\/produit\/face-non-eclaire-miroir-cosmetique\/#primaryimage"},"image":{"@id":"https:\/\/www.aliseo.de\/fr\/produit\/face-non-eclaire-miroir-cosmetique\/#primaryimage"},"thumbnailUrl":"https:\/\/www.aliseo.de\/wp-content\/uploads\/2024\/11\/020816_Kosmetikspiegel_Face.png","datePublished":"2024-11-12T11:11:40+00:00","dateModified":"2025-07-16T14:19:08+00:00","breadcrumb":{"@id":"https:\/\/www.aliseo.de\/fr\/produit\/face-non-eclaire-miroir-cosmetique\/#breadcrumb"},"inLanguage":"fr-FR","potentialAction":[{"@type":"ReadAction","target":["https:\/\/www.aliseo.de\/fr\/produit\/face-non-eclaire-miroir-cosmetique\/"]}]},{"@type":"ImageObject","inLanguage":"fr-FR","@id":"https:\/\/www.aliseo.de\/fr\/produit\/face-non-eclaire-miroir-cosmetique\/#primaryimage","url":"https:\/\/www.aliseo.de\/wp-content\/uploads\/2024\/11\/020816_Kosmetikspiegel_Face.png","contentUrl":"https:\/\/www.aliseo.de\/wp-content\/uploads\/2024\/11\/020816_Kosmetikspiegel_Face.png","width":2500,"height":2500},{"@type":"BreadcrumbList","@id":"https:\/\/www.aliseo.de\/fr\/produit\/face-non-eclaire-miroir-cosmetique\/#breadcrumb","itemListElement":[{"@type":"ListItem","position":1,"name":"Startseite","item":"https:\/\/www.aliseo.de\/fr\/homepage\/"},{"@type":"ListItem","position":2,"name":"Shop","item":"https:\/\/www.aliseo.de\/fr\/shop\/"},{"@type":"ListItem","position":3,"name":"FACE"}]},{"@type":"WebSite","@id":"https:\/\/www.aliseo.de\/fr\/#website","url":"https:\/\/www.aliseo.de\/fr\/","name":"ALISEO","description":"","publisher":{"@id":"https:\/\/www.aliseo.de\/fr\/#organization"},"potentialAction":[{"@type":"SearchAction","target":{"@type":"EntryPoint","urlTemplate":"https:\/\/www.aliseo.de\/fr\/?s={search_term_string}"},"query-input":{"@type":"PropertyValueSpecification","valueRequired":true,"valueName":"search_term_string"}}],"inLanguage":"fr-FR"},{"@type":"Organization","@id":"https:\/\/www.aliseo.de\/fr\/#organization","name":"ALISEO","url":"https:\/\/www.aliseo.de\/fr\/","logo":{"@type":"ImageObject","inLanguage":"fr-FR","@id":"https:\/\/www.aliseo.de\/fr\/#\/schema\/logo\/image\/","url":"https:\/\/www.aliseo.de\/wp-content\/uploads\/2024\/10\/ALI_Logo_schwarz.png","contentUrl":"https:\/\/www.aliseo.de\/wp-content\/uploads\/2024\/10\/ALI_Logo_schwarz.png","width":2551,"height":543,"caption":"ALISEO"},"image":{"@id":"https:\/\/www.aliseo.de\/fr\/#\/schema\/logo\/image\/"},"sameAs":["https:\/\/www.facebook.com\/aliseogermany","https:\/\/www.youtube.com\/user\/aliseogermany","https:\/\/www.instagram.com\/aliseogermany\/","https:\/\/de.linkedin.com\/company\/aliseogermany"]}]}},"_links":{"self":[{"href":"https:\/\/www.aliseo.de\/fr\/wp-json\/wp\/v2\/product\/11239","targetHints":{"allow":["GET"]}}],"collection":[{"href":"https:\/\/www.aliseo.de\/fr\/wp-json\/wp\/v2\/product"}],"about":[{"href":"https:\/\/www.aliseo.de\/fr\/wp-json\/wp\/v2\/types\/product"}],"replies":[{"embeddable":true,"href":"https:\/\/www.aliseo.de\/fr\/wp-json\/wp\/v2\/comments?post=11239"}],"wp:featuredmedia":[{"embeddable":true,"href":"https:\/\/www.aliseo.de\/fr\/wp-json\/wp\/v2\/media\/10525"}],"wp:attachment":[{"href":"https:\/\/www.aliseo.de\/fr\/wp-json\/wp\/v2\/media?parent=11239"}],"wp:term":[{"taxonomy":"produktgruppe","embeddable":true,"href":"https:\/\/www.aliseo.de\/fr\/wp-json\/wp\/v2\/produktgruppe?post=11239"},{"taxonomy":"product_brand","embeddable":true,"href":"https:\/\/www.aliseo.de\/fr\/wp-json\/wp\/v2\/product_brand?post=11239"},{"taxonomy":"product_cat","embeddable":true,"href":"https:\/\/www.aliseo.de\/fr\/wp-json\/wp\/v2\/product_cat?post=11239"},{"taxonomy":"product_tag","embeddable":true,"href":"https:\/\/www.aliseo.de\/fr\/wp-json\/wp\/v2\/product_tag?post=11239"}],"curies":[{"name":"wp","href":"https:\/\/api.w.org\/{rel}","templated":true}]}}