{"id":11223,"date":"2024-11-12T11:12:42","date_gmt":"2024-11-12T11:12:42","guid":{"rendered":"https:\/\/compassionate-engelbart.185-243-11-33.plesk.page\/?post_type=product&#038;p=11223"},"modified":"2025-09-19T12:21:57","modified_gmt":"2025-09-19T12:21:57","slug":"prestige-poubelle-petit-noir","status":"publish","type":"product","link":"https:\/\/www.aliseo.de\/fr\/produit\/prestige-poubelle-petit-noir\/","title":{"rendered":"PRESTIGE"},"content":{"rendered":"<ul>\n<li>Insert plastique amovible<\/li>\n<li>Couvercle avec syst\u00e8me d&#8217;abaissement automatique<\/li>\n<li>Vernis transparent anti-traces de doigts<\/li>\n<li>Fixation des sacs \u00e0 d\u00e9chets<\/li>\n<li>Sol en plastique avec patins antid\u00e9rapants qui prot\u00e8gent le sol<\/li>\n<li>Deux tailles diff\u00e9rentes :<\/li>\n<li>3 litres : 175 x 255 x 235 mm<\/li>\n<li>5 litres : 210 x 290 x 272 mm<\/li>\n<li>Mat\u00e9riau : acier inoxydable<\/li>\n<\/ul>\n","protected":false},"excerpt":{"rendered":"<p>Insert plastique amovible Couvercle avec syst\u00e8me d&#8217;abaissement automatique Vernis transparent anti-traces de doigts Fixation des sacs \u00e0 d\u00e9chets Sol en plastique avec patins antid\u00e9rapants qui prot\u00e8gent le sol Deux tailles diff\u00e9rentes : 3 litres : 175 x 255 x 235 mm 5 litres : 210 x 290 x 272 mm Mat\u00e9riau : acier inoxydable<\/p>\n","protected":false},"featured_media":25662,"comment_status":"closed","ping_status":"closed","template":"","meta":{"_acf_changed":false},"produktgruppe":[1805],"product_brand":[],"product_cat":[2296,2276],"product_tag":[],"class_list":{"0":"post-11223","1":"product","2":"type-product","3":"status-publish","4":"has-post-thumbnail","6":"produktgruppe-prestige-1","7":"product_cat-nu-finishes","8":"product_cat-poubelles","10":"first","11":"instock","12":"shipping-taxable","13":"product-type-variable"},"acf":[],"yoast_head":"<!-- This site is optimized with the Yoast SEO plugin v24.7 - https:\/\/yoast.com\/wordpress\/plugins\/seo\/ -->\n<title>PRESTIGE - ALISEO<\/title>\n<meta name=\"robots\" content=\"index, follow, max-snippet:-1, max-image-preview:large, max-video-preview:-1\" \/>\n<link rel=\"canonical\" href=\"https:\/\/www.aliseo.de\/fr\/produit\/prestige-poubelle-petit-noir\/\" \/>\n<meta property=\"og:locale\" content=\"fr_FR\" \/>\n<meta property=\"og:type\" content=\"article\" \/>\n<meta property=\"og:title\" content=\"PRESTIGE - ALISEO\" \/>\n<meta property=\"og:description\" content=\"Insert plastique amovible Couvercle avec syst\u00e8me d&#8217;abaissement automatique Vernis transparent anti-traces de doigts Fixation des sacs \u00e0 d\u00e9chets Sol en plastique avec patins antid\u00e9rapants qui prot\u00e8gent le sol Deux tailles diff\u00e9rentes : 3 litres : 175 x 255 x 235 mm 5 litres : 210 x 290 x 272 mm Mat\u00e9riau : acier inoxydable\" \/>\n<meta property=\"og:url\" content=\"https:\/\/www.aliseo.de\/fr\/produit\/prestige-poubelle-petit-noir\/\" \/>\n<meta property=\"og:site_name\" content=\"ALISEO\" \/>\n<meta property=\"article:publisher\" content=\"https:\/\/www.facebook.com\/aliseogermany\" \/>\n<meta property=\"article:modified_time\" content=\"2025-09-19T12:21:57+00:00\" \/>\n<meta property=\"og:image\" content=\"https:\/\/www.aliseo.de\/wp-content\/uploads\/2025\/03\/030692_Hygieneeimer_Prestige_3L.png\" \/>\n\t<meta property=\"og:image:width\" content=\"900\" \/>\n\t<meta property=\"og:image:height\" content=\"900\" \/>\n\t<meta property=\"og:image:type\" content=\"image\/png\" \/>\n<meta name=\"twitter:card\" content=\"summary_large_image\" \/>\n<meta name=\"twitter:label1\" content=\"Dur\u00e9e de lecture estim\u00e9e\" \/>\n\t<meta name=\"twitter:data1\" content=\"1 minute\" \/>\n<script type=\"application\/ld+json\" class=\"yoast-schema-graph\">{\"@context\":\"https:\/\/schema.org\",\"@graph\":[{\"@type\":\"WebPage\",\"@id\":\"https:\/\/www.aliseo.de\/fr\/produit\/prestige-poubelle-petit-noir\/\",\"url\":\"https:\/\/www.aliseo.de\/fr\/produit\/prestige-poubelle-petit-noir\/\",\"name\":\"PRESTIGE - ALISEO\",\"isPartOf\":{\"@id\":\"https:\/\/www.aliseo.de\/fr\/#website\"},\"primaryImageOfPage\":{\"@id\":\"https:\/\/www.aliseo.de\/fr\/produit\/prestige-poubelle-petit-noir\/#primaryimage\"},\"image\":{\"@id\":\"https:\/\/www.aliseo.de\/fr\/produit\/prestige-poubelle-petit-noir\/#primaryimage\"},\"thumbnailUrl\":\"https:\/\/www.aliseo.de\/wp-content\/uploads\/2025\/03\/030692_Hygieneeimer_Prestige_3L.png\",\"datePublished\":\"2024-11-12T11:12:42+00:00\",\"dateModified\":\"2025-09-19T12:21:57+00:00\",\"breadcrumb\":{\"@id\":\"https:\/\/www.aliseo.de\/fr\/produit\/prestige-poubelle-petit-noir\/#breadcrumb\"},\"inLanguage\":\"fr-FR\",\"potentialAction\":[{\"@type\":\"ReadAction\",\"target\":[\"https:\/\/www.aliseo.de\/fr\/produit\/prestige-poubelle-petit-noir\/\"]}]},{\"@type\":\"ImageObject\",\"inLanguage\":\"fr-FR\",\"@id\":\"https:\/\/www.aliseo.de\/fr\/produit\/prestige-poubelle-petit-noir\/#primaryimage\",\"url\":\"https:\/\/www.aliseo.de\/wp-content\/uploads\/2025\/03\/030692_Hygieneeimer_Prestige_3L.png\",\"contentUrl\":\"https:\/\/www.aliseo.de\/wp-content\/uploads\/2025\/03\/030692_Hygieneeimer_Prestige_3L.png\",\"width\":900,\"height\":900},{\"@type\":\"BreadcrumbList\",\"@id\":\"https:\/\/www.aliseo.de\/fr\/produit\/prestige-poubelle-petit-noir\/#breadcrumb\",\"itemListElement\":[{\"@type\":\"ListItem\",\"position\":1,\"name\":\"Startseite\",\"item\":\"https:\/\/www.aliseo.de\/fr\/homepage\/\"},{\"@type\":\"ListItem\",\"position\":2,\"name\":\"Shop\",\"item\":\"https:\/\/www.aliseo.de\/fr\/shop\/\"},{\"@type\":\"ListItem\",\"position\":3,\"name\":\"PRESTIGE\"}]},{\"@type\":\"WebSite\",\"@id\":\"https:\/\/www.aliseo.de\/fr\/#website\",\"url\":\"https:\/\/www.aliseo.de\/fr\/\",\"name\":\"ALISEO\",\"description\":\"\",\"publisher\":{\"@id\":\"https:\/\/www.aliseo.de\/fr\/#organization\"},\"potentialAction\":[{\"@type\":\"SearchAction\",\"target\":{\"@type\":\"EntryPoint\",\"urlTemplate\":\"https:\/\/www.aliseo.de\/fr\/?s={search_term_string}\"},\"query-input\":{\"@type\":\"PropertyValueSpecification\",\"valueRequired\":true,\"valueName\":\"search_term_string\"}}],\"inLanguage\":\"fr-FR\"},{\"@type\":\"Organization\",\"@id\":\"https:\/\/www.aliseo.de\/fr\/#organization\",\"name\":\"ALISEO\",\"url\":\"https:\/\/www.aliseo.de\/fr\/\",\"logo\":{\"@type\":\"ImageObject\",\"inLanguage\":\"fr-FR\",\"@id\":\"https:\/\/www.aliseo.de\/fr\/#\/schema\/logo\/image\/\",\"url\":\"https:\/\/www.aliseo.de\/wp-content\/uploads\/2024\/10\/ALI_Logo_schwarz.png\",\"contentUrl\":\"https:\/\/www.aliseo.de\/wp-content\/uploads\/2024\/10\/ALI_Logo_schwarz.png\",\"width\":2551,\"height\":543,\"caption\":\"ALISEO\"},\"image\":{\"@id\":\"https:\/\/www.aliseo.de\/fr\/#\/schema\/logo\/image\/\"},\"sameAs\":[\"https:\/\/www.facebook.com\/aliseogermany\",\"https:\/\/www.youtube.com\/user\/aliseogermany\",\"https:\/\/www.instagram.com\/aliseogermany\/\",\"https:\/\/de.linkedin.com\/company\/aliseogermany\"]}]}<\/script>\n<!-- \/ Yoast SEO plugin. -->","yoast_head_json":{"title":"PRESTIGE - ALISEO","robots":{"index":"index","follow":"follow","max-snippet":"max-snippet:-1","max-image-preview":"max-image-preview:large","max-video-preview":"max-video-preview:-1"},"canonical":"https:\/\/www.aliseo.de\/fr\/produit\/prestige-poubelle-petit-noir\/","og_locale":"fr_FR","og_type":"article","og_title":"PRESTIGE - ALISEO","og_description":"Insert plastique amovible Couvercle avec syst\u00e8me d&#8217;abaissement automatique Vernis transparent anti-traces de doigts Fixation des sacs \u00e0 d\u00e9chets Sol en plastique avec patins antid\u00e9rapants qui prot\u00e8gent le sol Deux tailles diff\u00e9rentes : 3 litres : 175 x 255 x 235 mm 5 litres : 210 x 290 x 272 mm Mat\u00e9riau : acier inoxydable","og_url":"https:\/\/www.aliseo.de\/fr\/produit\/prestige-poubelle-petit-noir\/","og_site_name":"ALISEO","article_publisher":"https:\/\/www.facebook.com\/aliseogermany","article_modified_time":"2025-09-19T12:21:57+00:00","og_image":[{"width":900,"height":900,"url":"https:\/\/www.aliseo.de\/wp-content\/uploads\/2025\/03\/030692_Hygieneeimer_Prestige_3L.png","type":"image\/png"}],"twitter_card":"summary_large_image","twitter_misc":{"Dur\u00e9e de lecture estim\u00e9e":"1 minute"},"schema":{"@context":"https:\/\/schema.org","@graph":[{"@type":"WebPage","@id":"https:\/\/www.aliseo.de\/fr\/produit\/prestige-poubelle-petit-noir\/","url":"https:\/\/www.aliseo.de\/fr\/produit\/prestige-poubelle-petit-noir\/","name":"PRESTIGE - ALISEO","isPartOf":{"@id":"https:\/\/www.aliseo.de\/fr\/#website"},"primaryImageOfPage":{"@id":"https:\/\/www.aliseo.de\/fr\/produit\/prestige-poubelle-petit-noir\/#primaryimage"},"image":{"@id":"https:\/\/www.aliseo.de\/fr\/produit\/prestige-poubelle-petit-noir\/#primaryimage"},"thumbnailUrl":"https:\/\/www.aliseo.de\/wp-content\/uploads\/2025\/03\/030692_Hygieneeimer_Prestige_3L.png","datePublished":"2024-11-12T11:12:42+00:00","dateModified":"2025-09-19T12:21:57+00:00","breadcrumb":{"@id":"https:\/\/www.aliseo.de\/fr\/produit\/prestige-poubelle-petit-noir\/#breadcrumb"},"inLanguage":"fr-FR","potentialAction":[{"@type":"ReadAction","target":["https:\/\/www.aliseo.de\/fr\/produit\/prestige-poubelle-petit-noir\/"]}]},{"@type":"ImageObject","inLanguage":"fr-FR","@id":"https:\/\/www.aliseo.de\/fr\/produit\/prestige-poubelle-petit-noir\/#primaryimage","url":"https:\/\/www.aliseo.de\/wp-content\/uploads\/2025\/03\/030692_Hygieneeimer_Prestige_3L.png","contentUrl":"https:\/\/www.aliseo.de\/wp-content\/uploads\/2025\/03\/030692_Hygieneeimer_Prestige_3L.png","width":900,"height":900},{"@type":"BreadcrumbList","@id":"https:\/\/www.aliseo.de\/fr\/produit\/prestige-poubelle-petit-noir\/#breadcrumb","itemListElement":[{"@type":"ListItem","position":1,"name":"Startseite","item":"https:\/\/www.aliseo.de\/fr\/homepage\/"},{"@type":"ListItem","position":2,"name":"Shop","item":"https:\/\/www.aliseo.de\/fr\/shop\/"},{"@type":"ListItem","position":3,"name":"PRESTIGE"}]},{"@type":"WebSite","@id":"https:\/\/www.aliseo.de\/fr\/#website","url":"https:\/\/www.aliseo.de\/fr\/","name":"ALISEO","description":"","publisher":{"@id":"https:\/\/www.aliseo.de\/fr\/#organization"},"potentialAction":[{"@type":"SearchAction","target":{"@type":"EntryPoint","urlTemplate":"https:\/\/www.aliseo.de\/fr\/?s={search_term_string}"},"query-input":{"@type":"PropertyValueSpecification","valueRequired":true,"valueName":"search_term_string"}}],"inLanguage":"fr-FR"},{"@type":"Organization","@id":"https:\/\/www.aliseo.de\/fr\/#organization","name":"ALISEO","url":"https:\/\/www.aliseo.de\/fr\/","logo":{"@type":"ImageObject","inLanguage":"fr-FR","@id":"https:\/\/www.aliseo.de\/fr\/#\/schema\/logo\/image\/","url":"https:\/\/www.aliseo.de\/wp-content\/uploads\/2024\/10\/ALI_Logo_schwarz.png","contentUrl":"https:\/\/www.aliseo.de\/wp-content\/uploads\/2024\/10\/ALI_Logo_schwarz.png","width":2551,"height":543,"caption":"ALISEO"},"image":{"@id":"https:\/\/www.aliseo.de\/fr\/#\/schema\/logo\/image\/"},"sameAs":["https:\/\/www.facebook.com\/aliseogermany","https:\/\/www.youtube.com\/user\/aliseogermany","https:\/\/www.instagram.com\/aliseogermany\/","https:\/\/de.linkedin.com\/company\/aliseogermany"]}]}},"_links":{"self":[{"href":"https:\/\/www.aliseo.de\/fr\/wp-json\/wp\/v2\/product\/11223","targetHints":{"allow":["GET"]}}],"collection":[{"href":"https:\/\/www.aliseo.de\/fr\/wp-json\/wp\/v2\/product"}],"about":[{"href":"https:\/\/www.aliseo.de\/fr\/wp-json\/wp\/v2\/types\/product"}],"replies":[{"embeddable":true,"href":"https:\/\/www.aliseo.de\/fr\/wp-json\/wp\/v2\/comments?post=11223"}],"wp:featuredmedia":[{"embeddable":true,"href":"https:\/\/www.aliseo.de\/fr\/wp-json\/wp\/v2\/media\/25662"}],"wp:attachment":[{"href":"https:\/\/www.aliseo.de\/fr\/wp-json\/wp\/v2\/media?parent=11223"}],"wp:term":[{"taxonomy":"produktgruppe","embeddable":true,"href":"https:\/\/www.aliseo.de\/fr\/wp-json\/wp\/v2\/produktgruppe?post=11223"},{"taxonomy":"product_brand","embeddable":true,"href":"https:\/\/www.aliseo.de\/fr\/wp-json\/wp\/v2\/product_brand?post=11223"},{"taxonomy":"product_cat","embeddable":true,"href":"https:\/\/www.aliseo.de\/fr\/wp-json\/wp\/v2\/product_cat?post=11223"},{"taxonomy":"product_tag","embeddable":true,"href":"https:\/\/www.aliseo.de\/fr\/wp-json\/wp\/v2\/product_tag?post=11223"}],"curies":[{"name":"wp","href":"https:\/\/api.w.org\/{rel}","templated":true}]}}