{"id":32649,"date":"2025-04-17T12:21:43","date_gmt":"2025-04-17T12:21:43","guid":{"rendered":"https:\/\/www.aliseo.de\/informations-transparentes\/"},"modified":"2025-05-07T12:40:50","modified_gmt":"2025-05-07T12:40:50","slug":"informations-transparentes","status":"publish","type":"page","link":"https:\/\/www.aliseo.de\/fr\/informations-transparentes\/","title":{"rendered":"Informations transparentes"},"content":{"rendered":"<h1 style=\"font-weight: 400;\">INFORMATION TRANSPARENTE<\/h1>\n<h2>CONFORM\u00c9MENT \u00c0 L&#8217;ART. 12 RGPD<\/h2>\n<p style=\"font-weight: 400;\">Nous sommes conscients de l&#8217;importance des donn\u00e9es personnelles que vous nous confiez. Nous consid\u00e9rons que l&#8217;une de nos principales missions est de garantir la confidentialit\u00e9 de vos donn\u00e9es.<br \/>Conform\u00e9ment au R\u00e8glement g\u00e9n\u00e9ral sur la protection des donn\u00e9es (RGPD), nous souhaitons remplir notre devoir d&#8217;information lors de la collecte de donn\u00e9es personnelles et vous informer de mani\u00e8re transparente sur la nature, l&#8217;\u00e9tendue et la finalit\u00e9 des donn\u00e9es personnelles que nous collectons et vous informer des droits dont vous disposez. <\/p>\n<h3>1. COORDONN\u00c9ES DU RESPONSABLE DU TRAITEMENT<\/h3>\n<p style=\"font-weight: 400;\"><u>Le responsable au sens du RGPD est :<\/u><br \/>Aliseo GmbH<br \/>Leutkirchstra\u00dfe 63<br \/>77723 Gengenbach<br \/>T\u00e9l\u00e9phone : +49 (0) 7803 60279 0<br \/>E-mail : <a href=\"mailto:datenschutz@aliseo.de\">datenschutz@aliseo.de<\/a><\/p>\n<p style=\"font-weight: 400;\"><u>Le responsable de la protection des donn\u00e9es est :<\/u><br \/>M. Stephan Hartinger<br \/>Coseco GmbH<br \/>T\u00e9l\u00e9phone : +49 (0) 8232 80988 70<br \/>E-mail : <a href=\"mailto:datenschutz@coseco.de\">datenschutz@coseco.de<\/a><\/p>\n<h3>2. QUELLES SONT LES SOURCES UTILIS\u00c9ES POUR COLLECTER LES DONN\u00c9ES PERSONNELLES ?<\/h3>\n<p style=\"font-weight: 400;\">Nous traitons les donn\u00e9es personnelles que nous recevons directement de nos clients dans le cadre de notre relation commerciale. Nous traitons \u00e9galement les donn\u00e9es personnelles que nous avons re\u00e7ues d&#8217;autres entreprises, par exemple pour l&#8217;ex\u00e9cution de commandes, l&#8217;ex\u00e9cution de contrats ou sur la base d&#8217;un consentement que vous nous avez donn\u00e9. <\/p>\n<p style=\"font-weight: 400;\">Les donn\u00e9es personnelles qui nous int\u00e9ressent peuvent \u00eatre<\/p>\n<ul style=\"font-weight: 400;\">\n<li>Soci\u00e9t\u00e9<\/li>\n<li>Pr\u00e9nom<\/li>\n<li>Nom de famille<\/li>\n<li>Rue<\/li>\n<li>Code postal\/localit\u00e9<\/li>\n<li>E-mail<\/li>\n<li>T\u00e9l\u00e9phone<\/li>\n<\/ul>\n<p style=\"font-weight: 400;\">En outre, il peut \u00eatre n\u00e9cessaire de collecter la date de naissance dans le cadre de projets financ\u00e9s.<\/p>\n<h4 style=\"font-weight: 400;\">2.1. ACQUISITION DE NOUVEAUX CLIENTS<\/h4>\n<p style=\"font-weight: 400;\">Afin d&#8217;effectuer une prospection commerciale, nous traitons les donn\u00e9es personnelles que nous avons obtenues et pouvons traiter de mani\u00e8re licite \u00e0 partir de sources accessibles au public (par ex. registres du commerce et des associations, m\u00e9dias, r\u00e9seaux sociaux, Internet).<\/p>\n<h4 style=\"font-weight: 400;\">2.2 INFORMATIONS DE CONTACT CLIENT<\/h4>\n<p style=\"font-weight: 400;\">Dans le cadre de la phase de prospection commerciale et pendant la relation d&#8217;affaires, notamment par des contacts personnels, t\u00e9l\u00e9phoniques ou \u00e9crits, initi\u00e9s par vous ou par l&#8217;un de nos collaborateurs, d&#8217;autres donn\u00e9es personnelles sont g\u00e9n\u00e9r\u00e9es, par exemple des informations sur le canal de contact, la date, le motif et le r\u00e9sultat ; des copies (\u00e9lectroniques) de la correspondance ainsi que des informations sur la participation \u00e0 des op\u00e9rations de marketing direct.<\/p>\n<h4 style=\"font-weight: 400;\">2.3 SALONS PROFESSIONNELS\/\u00c9V\u00c9NEMENTS<\/h4>\n<p style=\"font-weight: 400;\">Dans le cadre d&#8217;un salon professionnel\/d&#8217;un \u00e9v\u00e9nement, nous collectons des donn\u00e9es (titre, nom, pr\u00e9nom, entreprise, rue, code postal, ville, e-mail, le cas \u00e9ch\u00e9ant informations sur le secteur) que nous utilisons dans le but convenu individuellement avec vous.<\/p>\n<h4 style=\"font-weight: 400;\">2.4 INFORMATIONS SUR LA SOLVABILIT\u00c9<\/h4>\n<p style=\"font-weight: 400;\">Documents relatifs \u00e0 la solvabilit\u00e9 commerciale : comptes de recettes\/exc\u00e9dents, bilans, \u00e9valuation de la gestion d&#8217;entreprise, type et dur\u00e9e de l&#8217;activit\u00e9 ind\u00e9pendante. En outre, nous traitons les donn\u00e9es que nous avons re\u00e7ues d&#8217;une agence d&#8217;\u00e9valuation du cr\u00e9dit \u00e0 des fins d&#8217;information sur la solvabilit\u00e9. <\/p>\n<h3>3. POURQUOI VOS DONN\u00c9ES SONT-ELLES TRAIT\u00c9ES (FINALIT\u00c9S) ET SUR QUELLE BASE JURIDIQUE ?<\/h3>\n<p style=\"font-weight: 400;\">Nous traitons les donn\u00e9es personnelles susmentionn\u00e9es conform\u00e9ment aux dispositions du r\u00e8glement g\u00e9n\u00e9ral sur la protection des donn\u00e9es (RGPD) de l&#8217;UE et de la loi f\u00e9d\u00e9rale sur la protection des donn\u00e9es (BDSG) :<\/p>\n<p style=\"font-weight: 400;\">Pour le traitement des donn\u00e9es \u00e0 caract\u00e8re personnel pour lequel nous demandons le consentement de la personne concern\u00e9e, l&#8217;article 6, paragraphe 1, point a) du RGPD sert de base juridique.  <\/p>\n<p style=\"font-weight: 400;\">Lors du traitement de donn\u00e9es \u00e0 caract\u00e8re personnel n\u00e9cessaires \u00e0 l&#8217;ex\u00e9cution d&#8217;un contrat auquel la personne concern\u00e9e est partie, l&#8217;article 6, paragraphe 1, point b) du RGPD sert de base juridique. Cette disposition couvre \u00e9galement les op\u00e9rations de traitement n\u00e9cessaires \u00e0 l&#8217;ex\u00e9cution de mesures pr\u00e9contractuelles.   <\/p>\n<p style=\"font-weight: 400;\">Dans la mesure o\u00f9 le traitement de donn\u00e9es \u00e0 caract\u00e8re personnel est n\u00e9cessaire au respect d&#8217;une obligation l\u00e9gale \u00e0 laquelle notre entreprise est soumise, l&#8217;article 6, paragraphe 1, point c) du RGPD sert de base juridique.  <\/p>\n<p style=\"font-weight: 400;\">Si le traitement est n\u00e9cessaire \u00e0 la sauvegarde d&#8217;un int\u00e9r\u00eat l\u00e9gitime de notre entreprise ou d&#8217;un tiers et si les int\u00e9r\u00eats, les droits fondamentaux et les libert\u00e9s fondamentales de la personne concern\u00e9e ne pr\u00e9valent pas sur le premier int\u00e9r\u00eat mentionn\u00e9, l&#8217;article 6, paragraphe 1, point f) du RGPD sert de base juridique au traitement. L&#8217;int\u00e9r\u00eat l\u00e9gitime de notre entreprise r\u00e9side dans l&#8217;exercice de nos activit\u00e9s commerciales.   <\/p>\n<h3>4. PARTAGE DES DONN\u00c9ES AVEC DES TIERS<\/h3>\n<p style=\"font-weight: 400;\">Au sein de notre entreprise, seules les personnes et les services qui en ont besoin pour remplir nos obligations contractuelles et l\u00e9gales re\u00e7oivent vos donn\u00e9es personnelles.<\/p>\n<p style=\"font-weight: 400;\">Nous transmettons des donn\u00e9es \u00e0 des tiers si nous en avons besoin pour remplir une obligation contractuelle.<\/p>\n<p style=\"font-weight: 400;\">En outre, nous transmettons des donn\u00e9es \u00e0 des tiers lorsqu&#8217;il existe une obligation l\u00e9gale de le faire. C&#8217;est le cas lorsque des institutions publiques (par exemple des autorit\u00e9s et des bureaux) demandent des informations par \u00e9crit, lorsqu&#8217;il existe une d\u00e9cision judiciaire ou lorsqu&#8217;une base juridique autorise la transmission. <\/p>\n<p style=\"font-weight: 400;\">Une autre transmission \u00e0 des tiers, peut avoir lieu dans le cadre de la relation contractuelle avec les commer\u00e7ants respectifs dans le monde entier.<\/p>\n<h3>5. TRANSFERT DE DONN\u00c9ES \u00c0 DES PAYS TIERS<\/h3>\n<p style=\"font-weight: 400;\">Nous transf\u00e9rons des donn\u00e9es personnelles \u00e0 des prestataires de services ou \u00e0 des soci\u00e9t\u00e9s de notre groupe en dehors de l&#8217;Espace \u00e9conomique europ\u00e9en dans les pays suivants :<\/p>\n<ul style=\"font-weight: 400;\">\n<li>\u00c9TATS-UNIS<\/li>\n<\/ul>\n<p style=\"font-weight: 400;\">Le niveau de protection des donn\u00e9es est alors garanti comme suit :<\/p>\n<ul>\n<li>Confirmation du niveau ad\u00e9quat de protection des donn\u00e9es par la Commission europ\u00e9enne<\/li>\n<li>Clauses contractuelles types de l&#8217;UE<\/li>\n<li>des r\u00e8gles internes contraignantes en mati\u00e8re de protection des donn\u00e9es<\/li>\n<\/ul>\n<h3>6. DUR\u00c9E DE CONSERVATION DES DONN\u00c9ES\/D\u00c9LAIS DE SUPPRESSION<\/h3>\n<p style=\"font-weight: 400;\">Nous traitons et conservons vos donn\u00e9es \u00e0 caract\u00e8re personnel aussi longtemps que cela est n\u00e9cessaire pour remplir nos obligations contractuelles ainsi que pour toutes les autres finalit\u00e9s mentionn\u00e9es au point 3 ou comme le pr\u00e9voient les d\u00e9lais de conservation pr\u00e9vus par le l\u00e9gislateur.<\/p>\n<p style=\"font-weight: 400;\">Si les donn\u00e9es ne sont plus n\u00e9cessaires \u00e0 l&#8217;ex\u00e9cution d&#8217;obligations contractuelles ou l\u00e9gales, elles sont r\u00e9guli\u00e8rement bloqu\u00e9es ou supprim\u00e9es en vue d&#8217;un traitement ult\u00e9rieur, conform\u00e9ment aux dispositions l\u00e9gales.<\/p>\n<h3>7. DROITS DE LA PERSONNE CONCERN\u00c9E EN MATI\u00c8RE DE PROTECTION DES DONN\u00c9ES<\/h3>\n<p style=\"font-weight: 400;\">Si vous avez des questions concernant vos donn\u00e9es personnelles, vous pouvez nous contacter par \u00e9crit \u00e0 tout moment.<\/p>\n<p style=\"font-weight: 400;\"><strong>Conform\u00e9ment au RGPD, vous disposez des droits suivants :<\/strong><\/p>\n<p style=\"font-weight: 400;\"><strong>Le droit \u00e0 l&#8217;information (sous-point art. 15 RGPD)<br \/>Le droit \u00e0 la rectification (art. 16 RGPD)<br \/>Le droit \u00e0 l&#8217;effacement (art. 17 RGPD)<br \/>Le droit \u00e0 la limitation (art. 18 RGPD)<br \/>Le droit \u00e0 la portabilit\u00e9 des donn\u00e9es (art. 20 RGPD)<br \/>Le droit d&#8217;opposition (art. 21 RGPD)<br \/>Droit de recours aupr\u00e8s de l&#8217;autorit\u00e9 de contr\u00f4le de la protection des donn\u00e9es (art. 77 RGPD en liaison avec l&#8217;art. 19 BDSG)<br \/>Droit de retirer un consentement relatif \u00e0 la protection des donn\u00e9es (art. 7, par. 3 RGPD)<\/strong><\/p>\n<h3>8. OBLIGATIONS L\u00c9GALES OU CONTRACTUELLES DE FOURNIR DES DONN\u00c9ES \u00c0 CARACT\u00c8RE PERSONNEL ET CONS\u00c9QUENCES \u00c9VENTUELLES DE LEUR NON-FOURNITURE<\/h3>\n<p style=\"font-weight: 400;\">Nous attirons votre attention sur le fait que, dans certains cas, la fourniture de donn\u00e9es \u00e0 caract\u00e8re personnel est prescrite par la loi (par exemple, par la l\u00e9gislation fiscale) ou peut r\u00e9sulter d&#8217;une disposition contractuelle (par exemple, les informations relatives au\/\u00e0 la partenaire contractuel(le)). Par exemple, pour conclure un contrat, il peut \u00eatre n\u00e9cessaire que la personne concern\u00e9e\/la partie contractante fournisse ses donn\u00e9es personnelles afin que nous puissions traiter sa demande (par exemple, une commande). L&#8217;obligation de fournir des donn\u00e9es personnelles s&#8217;applique principalement \u00e0 la conclusion d&#8217;un contrat. Dans ce cas, si les donn\u00e9es personnelles ne sont pas fournies, le contrat ne peut pas \u00eatre conclu avec la personne concern\u00e9e. Avant que la personne concern\u00e9e ne fournisse des donn\u00e9es \u00e0 caract\u00e8re personnel, elle peut s&#8217;adresser \u00e0 notre d\u00e9l\u00e9gu\u00e9 \u00e0 la protection des donn\u00e9es ou au responsable du traitement. Le d\u00e9l\u00e9gu\u00e9 \u00e0 la protection des donn\u00e9es ou le responsable du traitement indiquera alors \u00e0 la personne concern\u00e9e si la fourniture des donn\u00e9es \u00e0 caract\u00e8re personnel requises est prescrite par la loi ou par un contrat ou si elle est n\u00e9cessaire \u00e0 la conclusion du contrat et si les pr\u00e9occupations de la personne concern\u00e9e entra\u00eenent une obligation de fournir les donn\u00e9es \u00e0 caract\u00e8re personnel ou quelles sont les cons\u00e9quences pour la personne concern\u00e9e de la non-fourniture des donn\u00e9es souhait\u00e9es.     <\/p>\n<h3>9. EXISTENCE L\u00c9GALE DE LA PRISE DE D\u00c9CISION AUTOMATIS\u00c9E (Y COMPRIS LE PROFILAGE)<\/h3>\n<p>En tant qu&#8217;entreprise responsable, nous n&#8217;avons pas recours \u00e0 la prise de d\u00e9cision automatique ou au profilage dans nos relations commerciales.<\/p>\n","protected":false},"excerpt":{"rendered":"<p>INFORMATION TRANSPARENTE CONFORM\u00c9MENT \u00c0 L&#8217;ART. 12 RGPD Nous sommes conscients de l&#8217;importance des donn\u00e9es personnelles que vous nous confiez. Nous consid\u00e9rons que l&#8217;une de nos principales missions est de garantir la confidentialit\u00e9 de vos donn\u00e9es.Conform\u00e9ment au R\u00e8glement g\u00e9n\u00e9ral sur la protection des donn\u00e9es (RGPD), nous souhaitons remplir notre devoir d&#8217;information lors de la collecte de [&hellip;]<\/p>\n","protected":false},"author":5,"featured_media":0,"parent":0,"menu_order":0,"comment_status":"closed","ping_status":"closed","template":"","meta":{"_acf_changed":false,"footnotes":""},"class_list":["post-32649","page","type-page","status-publish","hentry"],"acf":[],"yoast_head":"<!-- This site is optimized with the Yoast SEO plugin v24.7 - https:\/\/yoast.com\/wordpress\/plugins\/seo\/ -->\n<title>Informations transparentes - ALISEO<\/title>\n<meta name=\"robots\" content=\"index, follow, max-snippet:-1, max-image-preview:large, max-video-preview:-1\" \/>\n<link rel=\"canonical\" href=\"https:\/\/www.aliseo.de\/fr\/informations-transparentes\/\" \/>\n<meta property=\"og:locale\" content=\"fr_FR\" \/>\n<meta property=\"og:type\" content=\"article\" \/>\n<meta property=\"og:title\" content=\"Informations transparentes - ALISEO\" \/>\n<meta property=\"og:description\" content=\"INFORMATION TRANSPARENTE CONFORM\u00c9MENT \u00c0 L&#8217;ART. 12 RGPD Nous sommes conscients de l&#8217;importance des donn\u00e9es personnelles que vous nous confiez. Nous consid\u00e9rons que l&#8217;une de nos principales missions est de garantir la confidentialit\u00e9 de vos donn\u00e9es.Conform\u00e9ment au R\u00e8glement g\u00e9n\u00e9ral sur la protection des donn\u00e9es (RGPD), nous souhaitons remplir notre devoir d&#8217;information lors de la collecte de [&hellip;]\" \/>\n<meta property=\"og:url\" content=\"https:\/\/www.aliseo.de\/fr\/informations-transparentes\/\" \/>\n<meta property=\"og:site_name\" content=\"ALISEO\" \/>\n<meta property=\"article:publisher\" content=\"https:\/\/www.facebook.com\/aliseogermany\" \/>\n<meta property=\"article:modified_time\" content=\"2025-05-07T12:40:50+00:00\" \/>\n<meta name=\"twitter:card\" content=\"summary_large_image\" \/>\n<meta name=\"twitter:label1\" content=\"Dur\u00e9e de lecture estim\u00e9e\" \/>\n\t<meta name=\"twitter:data1\" content=\"7 minutes\" \/>\n<script type=\"application\/ld+json\" class=\"yoast-schema-graph\">{\"@context\":\"https:\/\/schema.org\",\"@graph\":[{\"@type\":\"WebPage\",\"@id\":\"https:\/\/www.aliseo.de\/fr\/informations-transparentes\/\",\"url\":\"https:\/\/www.aliseo.de\/fr\/informations-transparentes\/\",\"name\":\"Informations transparentes - ALISEO\",\"isPartOf\":{\"@id\":\"https:\/\/www.aliseo.de\/fr\/#website\"},\"datePublished\":\"2025-04-17T12:21:43+00:00\",\"dateModified\":\"2025-05-07T12:40:50+00:00\",\"breadcrumb\":{\"@id\":\"https:\/\/www.aliseo.de\/fr\/informations-transparentes\/#breadcrumb\"},\"inLanguage\":\"fr-FR\",\"potentialAction\":[{\"@type\":\"ReadAction\",\"target\":[\"https:\/\/www.aliseo.de\/fr\/informations-transparentes\/\"]}]},{\"@type\":\"BreadcrumbList\",\"@id\":\"https:\/\/www.aliseo.de\/fr\/informations-transparentes\/#breadcrumb\",\"itemListElement\":[{\"@type\":\"ListItem\",\"position\":1,\"name\":\"Startseite\",\"item\":\"https:\/\/www.aliseo.de\/fr\/homepage\/\"},{\"@type\":\"ListItem\",\"position\":2,\"name\":\"Informations transparentes\"}]},{\"@type\":\"WebSite\",\"@id\":\"https:\/\/www.aliseo.de\/fr\/#website\",\"url\":\"https:\/\/www.aliseo.de\/fr\/\",\"name\":\"ALISEO\",\"description\":\"\",\"publisher\":{\"@id\":\"https:\/\/www.aliseo.de\/fr\/#organization\"},\"potentialAction\":[{\"@type\":\"SearchAction\",\"target\":{\"@type\":\"EntryPoint\",\"urlTemplate\":\"https:\/\/www.aliseo.de\/fr\/?s={search_term_string}\"},\"query-input\":{\"@type\":\"PropertyValueSpecification\",\"valueRequired\":true,\"valueName\":\"search_term_string\"}}],\"inLanguage\":\"fr-FR\"},{\"@type\":\"Organization\",\"@id\":\"https:\/\/www.aliseo.de\/fr\/#organization\",\"name\":\"ALISEO\",\"url\":\"https:\/\/www.aliseo.de\/fr\/\",\"logo\":{\"@type\":\"ImageObject\",\"inLanguage\":\"fr-FR\",\"@id\":\"https:\/\/www.aliseo.de\/fr\/#\/schema\/logo\/image\/\",\"url\":\"https:\/\/www.aliseo.de\/wp-content\/uploads\/2024\/10\/ALI_Logo_schwarz.png\",\"contentUrl\":\"https:\/\/www.aliseo.de\/wp-content\/uploads\/2024\/10\/ALI_Logo_schwarz.png\",\"width\":2551,\"height\":543,\"caption\":\"ALISEO\"},\"image\":{\"@id\":\"https:\/\/www.aliseo.de\/fr\/#\/schema\/logo\/image\/\"},\"sameAs\":[\"https:\/\/www.facebook.com\/aliseogermany\",\"https:\/\/www.youtube.com\/user\/aliseogermany\",\"https:\/\/www.instagram.com\/aliseogermany\/\",\"https:\/\/de.linkedin.com\/company\/aliseogermany\"]}]}<\/script>\n<!-- \/ Yoast SEO plugin. -->","yoast_head_json":{"title":"Informations transparentes - ALISEO","robots":{"index":"index","follow":"follow","max-snippet":"max-snippet:-1","max-image-preview":"max-image-preview:large","max-video-preview":"max-video-preview:-1"},"canonical":"https:\/\/www.aliseo.de\/fr\/informations-transparentes\/","og_locale":"fr_FR","og_type":"article","og_title":"Informations transparentes - ALISEO","og_description":"INFORMATION TRANSPARENTE CONFORM\u00c9MENT \u00c0 L&#8217;ART. 12 RGPD Nous sommes conscients de l&#8217;importance des donn\u00e9es personnelles que vous nous confiez. Nous consid\u00e9rons que l&#8217;une de nos principales missions est de garantir la confidentialit\u00e9 de vos donn\u00e9es.Conform\u00e9ment au R\u00e8glement g\u00e9n\u00e9ral sur la protection des donn\u00e9es (RGPD), nous souhaitons remplir notre devoir d&#8217;information lors de la collecte de [&hellip;]","og_url":"https:\/\/www.aliseo.de\/fr\/informations-transparentes\/","og_site_name":"ALISEO","article_publisher":"https:\/\/www.facebook.com\/aliseogermany","article_modified_time":"2025-05-07T12:40:50+00:00","twitter_card":"summary_large_image","twitter_misc":{"Dur\u00e9e de lecture estim\u00e9e":"7 minutes"},"schema":{"@context":"https:\/\/schema.org","@graph":[{"@type":"WebPage","@id":"https:\/\/www.aliseo.de\/fr\/informations-transparentes\/","url":"https:\/\/www.aliseo.de\/fr\/informations-transparentes\/","name":"Informations transparentes - ALISEO","isPartOf":{"@id":"https:\/\/www.aliseo.de\/fr\/#website"},"datePublished":"2025-04-17T12:21:43+00:00","dateModified":"2025-05-07T12:40:50+00:00","breadcrumb":{"@id":"https:\/\/www.aliseo.de\/fr\/informations-transparentes\/#breadcrumb"},"inLanguage":"fr-FR","potentialAction":[{"@type":"ReadAction","target":["https:\/\/www.aliseo.de\/fr\/informations-transparentes\/"]}]},{"@type":"BreadcrumbList","@id":"https:\/\/www.aliseo.de\/fr\/informations-transparentes\/#breadcrumb","itemListElement":[{"@type":"ListItem","position":1,"name":"Startseite","item":"https:\/\/www.aliseo.de\/fr\/homepage\/"},{"@type":"ListItem","position":2,"name":"Informations transparentes"}]},{"@type":"WebSite","@id":"https:\/\/www.aliseo.de\/fr\/#website","url":"https:\/\/www.aliseo.de\/fr\/","name":"ALISEO","description":"","publisher":{"@id":"https:\/\/www.aliseo.de\/fr\/#organization"},"potentialAction":[{"@type":"SearchAction","target":{"@type":"EntryPoint","urlTemplate":"https:\/\/www.aliseo.de\/fr\/?s={search_term_string}"},"query-input":{"@type":"PropertyValueSpecification","valueRequired":true,"valueName":"search_term_string"}}],"inLanguage":"fr-FR"},{"@type":"Organization","@id":"https:\/\/www.aliseo.de\/fr\/#organization","name":"ALISEO","url":"https:\/\/www.aliseo.de\/fr\/","logo":{"@type":"ImageObject","inLanguage":"fr-FR","@id":"https:\/\/www.aliseo.de\/fr\/#\/schema\/logo\/image\/","url":"https:\/\/www.aliseo.de\/wp-content\/uploads\/2024\/10\/ALI_Logo_schwarz.png","contentUrl":"https:\/\/www.aliseo.de\/wp-content\/uploads\/2024\/10\/ALI_Logo_schwarz.png","width":2551,"height":543,"caption":"ALISEO"},"image":{"@id":"https:\/\/www.aliseo.de\/fr\/#\/schema\/logo\/image\/"},"sameAs":["https:\/\/www.facebook.com\/aliseogermany","https:\/\/www.youtube.com\/user\/aliseogermany","https:\/\/www.instagram.com\/aliseogermany\/","https:\/\/de.linkedin.com\/company\/aliseogermany"]}]}},"_links":{"self":[{"href":"https:\/\/www.aliseo.de\/fr\/wp-json\/wp\/v2\/pages\/32649","targetHints":{"allow":["GET"]}}],"collection":[{"href":"https:\/\/www.aliseo.de\/fr\/wp-json\/wp\/v2\/pages"}],"about":[{"href":"https:\/\/www.aliseo.de\/fr\/wp-json\/wp\/v2\/types\/page"}],"author":[{"embeddable":true,"href":"https:\/\/www.aliseo.de\/fr\/wp-json\/wp\/v2\/users\/5"}],"replies":[{"embeddable":true,"href":"https:\/\/www.aliseo.de\/fr\/wp-json\/wp\/v2\/comments?post=32649"}],"version-history":[{"count":1,"href":"https:\/\/www.aliseo.de\/fr\/wp-json\/wp\/v2\/pages\/32649\/revisions"}],"predecessor-version":[{"id":32650,"href":"https:\/\/www.aliseo.de\/fr\/wp-json\/wp\/v2\/pages\/32649\/revisions\/32650"}],"wp:attachment":[{"href":"https:\/\/www.aliseo.de\/fr\/wp-json\/wp\/v2\/media?parent=32649"}],"curies":[{"name":"wp","href":"https:\/\/api.w.org\/{rel}","templated":true}]}}